{"id":6778,"date":"2022-09-02T16:25:27","date_gmt":"2022-09-02T16:25:27","guid":{"rendered":"https:\/\/topgetestet.de\/?product=hogwarts-legacy-amazon-exklusive-playstation-5"},"modified":"2022-09-02T16:25:27","modified_gmt":"2022-09-02T16:25:27","slug":"hogwarts-legacy-amazon-exklusive-playstation-5","status":"publish","type":"product","link":"https:\/\/topgetestet.de\/?product=hogwarts-legacy-amazon-exklusive-playstation-5","title":{"rendered":"Hogwarts Legacy (Amazon exklusive) (PlayStation 5)"},"content":{"rendered":"<p>Price: <span style=\"color:#b12704\">[price_with_discount]<\/span><br \/><i><small>(as of [price_update_date] &#8211; <span class=\"wp_automatic_amazon_disclaimer\" title=\"Product prices and availability are accurate as of the date\/time indicated and are subject to change. Any price and availability information displayed on [relevant Amazon Site(s), as applicable] at the time of purchase will apply to the purchase of this product.\">Details<\/span>)<\/small><\/i><\/p>\n<p><a href=\"https:\/\/amazon.de\/dp\/B0BBTPJLP2?tag=topgetestet09-21\"><img decoding=\"async\" src=\"https:\/\/i.imgur.com\/ISRHEWs.png\"><\/a><br \/>\n[ad_1]<br \/>\n <span>Hogwarts Legacy ist ein fesselndes Open-World Action-Rollenspiel, das in der Welt spielt, die erstmals in den Harry Potter B\u00fcchern vorgestellt wurde. Begib dich auf eine Reise durch vertraute und neue Schaupl\u00e4tze, w\u00e4hrend du magische Tierwesen erforschst und entdeckst, deinen Charakter anpasst, Tr\u00e4nke braust, Zauberspr\u00fcche meisterst, Talente verbesserst und die Hexe oder der Zauberer wirst, die du sein m\u00f6chtest.<\/p>\n<p>Erlebe Hogwarts im 19. Jahrhundert. Finde Verb\u00fcndete, k\u00e4mpfe gegen Schwarze Magie und entscheide letztlich \u00fcber das Schicksal der Welt der Zauberei. Dein Verm\u00e4chtnis ist das, was du daraus machst. Lebe das Ungeschriebene.<\/p>\n<p>&#8211; Die Welt der Zauberei erwartet dich. Erkunde frei Hogwarts, Hogsmeade, den Verbotenen Wald und das umliegende Land.<br \/>&#8211; Erlerne Zauberspr\u00fcche, braue Zaubertr\u00e4nke, z\u00fcchte Pflanzen und k\u00fcmmere dich auf deiner Reise um Tierwesen. Werde deinem Haus zugewiesen, baue Beziehungen auf und meistere F\u00e4higkeiten, um die Hexe oder der Zauberer zu werden, der du sein willst.<br \/>&#8211; Erlebe die Welt der Zauberei in einer noch nicht erforschten \u00c4ra, um eine verborgene Wahrheit aus der Vergangenheit aufzudecken. K\u00e4mpfe gegen Trolle, schwarze Magier, Kobolde und mehr, w\u00e4hrend du einem gef\u00e4hrlichen Schurken gegen\u00fcberstehst, der die Welt der Zauberei bedroht.<\/p>\n<p>Inhalt: <br \/>&#8211; Das Spiel<br \/>&#8211; &#8220;Astronomenhut&#8221; DLC <br \/>&#8211; Bonus: &#8220;Onyx&nbsp;Hippogreif (Reittier)&#8221; DLC<\/span> <br \/> Alterseinstufung \u200f : \u200e  Einstufung ausstehend <br \/> Sprache \u200f : \u200e  Englisch, Deutsch <br \/> Handbuch \u200f : \u200e  Deutsch <br \/> Verpackungsabmessungen \u200f : \u200e  17.1 x 13.5 x 1.5 cm; 80 Gramm <br \/> Erscheinungstermin \u200f : \u200e  10. Februar 2023 <br \/> Untertitel: \u200f : \u200e  Englisch, Franz\u00f6sisch, Deutsch, Italienisch, Spanisch <br \/> ASIN \u200f : \u200e  B0BBTPJLP2 <br \/> Herkunftsland \u200f : \u200e  Deutschland <\/p>\n<p>Entdecke das Gef\u00fchl, in Hogwarts zu leben, w\u00e4hrend du Verb\u00fcndete findest und gegen schwarze Zauberer k\u00e4mpfst<br \/>Entscheide letztlich \u00fcber das Schicksal der Welt der Zauberei<br \/>Inhalt: Das Spiel und &#8220;Astronomenhut&#8221; DLC<br \/>\n<br \/>[ad_2]<\/p>\n","protected":false},"excerpt":{"rendered":"<p>Price: [price_with_discount](as of [price_update_date] &#8211; Details) [ad_1] Hogwarts Legacy ist ein fesselndes Open-World Action-Rollenspiel, das in der Welt spielt, die erstmals in den Harry Potter B\u00fcchern vorgestellt wurde. Begib dich<\/p>\n","protected":false},"featured_media":6779,"comment_status":"open","ping_status":"closed","template":"","meta":[],"product_cat":[227],"product_tag":[261],"class_list":{"0":"post-6778","1":"product","2":"type-product","3":"status-publish","4":"has-post-thumbnail","6":"product_cat-gaming","7":"product_tag-playstation-legacy-games","9":"first","10":"instock","11":"shipping-taxable","12":"product-type-external"},"aioseo_notices":[],"_links":{"self":[{"href":"https:\/\/topgetestet.de\/index.php?rest_route=\/wp\/v2\/product\/6778","targetHints":{"allow":["GET"]}}],"collection":[{"href":"https:\/\/topgetestet.de\/index.php?rest_route=\/wp\/v2\/product"}],"about":[{"href":"https:\/\/topgetestet.de\/index.php?rest_route=\/wp\/v2\/types\/product"}],"replies":[{"embeddable":true,"href":"https:\/\/topgetestet.de\/index.php?rest_route=%2Fwp%2Fv2%2Fcomments&post=6778"}],"wp:featuredmedia":[{"embeddable":true,"href":"https:\/\/topgetestet.de\/index.php?rest_route=\/wp\/v2\/media\/6779"}],"wp:attachment":[{"href":"https:\/\/topgetestet.de\/index.php?rest_route=%2Fwp%2Fv2%2Fmedia&parent=6778"}],"wp:term":[{"taxonomy":"product_cat","embeddable":true,"href":"https:\/\/topgetestet.de\/index.php?rest_route=%2Fwp%2Fv2%2Fproduct_cat&post=6778"},{"taxonomy":"product_tag","embeddable":true,"href":"https:\/\/topgetestet.de\/index.php?rest_route=%2Fwp%2Fv2%2Fproduct_tag&post=6778"}],"curies":[{"name":"wp","href":"https:\/\/api.w.org\/{rel}","templated":true}]}}