{"id":67736,"date":"2022-10-15T07:19:02","date_gmt":"2022-10-15T07:19:02","guid":{"rendered":"https:\/\/topgetestet.de\/?product=rieker-damen-bequemschuhe-m6601-frauen-schnurhalbschuhelose-einlage"},"modified":"2022-10-15T07:19:02","modified_gmt":"2022-10-15T07:19:02","slug":"rieker-damen-bequemschuhe-m6601-frauen-schnurhalbschuhelose-einlage","status":"publish","type":"product","link":"https:\/\/topgetestet.de\/?product=rieker-damen-bequemschuhe-m6601-frauen-schnurhalbschuhelose-einlage","title":{"rendered":"Rieker Damen Bequemschuhe M6601, Frauen Schn\u00fcrhalbschuhe,lose Einlage"},"content":{"rendered":"<p>Price: <span style=\"color:#b12704\">[price_with_discount]<\/span><br \/><i><small>(as of [price_update_date] &#8211; <span class=\"wp_automatic_amazon_disclaimer\" title=\"Product prices and availability are accurate as of the date\/time indicated and are subject to change. Any price and availability information displayed on [relevant Amazon Site(s), as applicable] at the time of purchase will apply to the purchase of this product.\">Details<\/span>)<\/small><\/i><\/p>\n<p><a href=\"https:\/\/amazon.de\/dp\/B09NC4K9R4?tag=topgetestet09-21\"><img decoding=\"async\" src=\"https:\/\/i.imgur.com\/ISRHEWs.png\"><\/a><br \/>\n[ad_1]<\/p>\n<p>       Produktbeschreibung des Herstellers <\/p>\n<p>             M6601-00<br \/>\n             Rieker Sneaker  <\/p>\n<p class=\"aplus-p2 aplus-module-1-description\"> Jetzt wird\u2019s sportlich. Diese nachtschwarzen Sneaker in Kunstlederoptik von Rieker geben dem Fu\u00df Freiraum und halten ihn dennoch sicher. Au\u00dferdem sorgt die gemusterte Schn\u00fcrung f\u00fcr eine gute Fu\u00dfanpassung. Die robuste und leichte Profilsohle \u00fcberzeugt auf ganzer Linie. Die Sneaker haben eine besonders weiche Einlegesohle, die wie Urlaub f\u00fcr die F\u00fc\u00dfe ist! Durch die Extraweite H ist dir mehr Freiraum im Schuh geboten. Wohlgef\u00fchl f\u00fcr die F\u00fc\u00dfe \u2013 mit Rieker! <\/p>\n<p>            <img decoding=\"async\" alt=\"M6601-00\" src=\"https:\/\/images-na.ssl-images-amazon.com\/images\/G\/01\/x-locale\/common\/grey-pixel.gif\" class=\"a-lazy-loaded\" data-src=\"https:\/\/m.media-amazon.com\/images\/S\/aplus-media-library-service-media\/0b6a0b83-caf3-4c3f-85c8-d81b447fc21e.__CR0,0,800,600_PT0_SX800_V1___.jpg\"><\/p>\n<p>             <img decoding=\"async\" alt=\"M6601-00\" src=\"https:\/\/m.media-amazon.com\/images\/S\/aplus-media-library-service-media\/0b6a0b83-caf3-4c3f-85c8-d81b447fc21e.__CR0,0,800,600_PT0_SX800_V1___.jpg\"><\/p>\n<p>            <img decoding=\"async\" alt=\"M6601-00\" src=\"https:\/\/images-na.ssl-images-amazon.com\/images\/G\/01\/x-locale\/common\/grey-pixel.gif\" class=\"a-lazy-loaded\" data-src=\"https:\/\/m.media-amazon.com\/images\/S\/aplus-media-library-service-media\/ee592893-45f8-4653-9793-9b3d550a8006.__CR2,0,1464,600_PT0_SX1464_V1___.jpg\"><\/p>\n<p>             <img decoding=\"async\" alt=\"M6601-00\" src=\"https:\/\/m.media-amazon.com\/images\/S\/aplus-media-library-service-media\/ee592893-45f8-4653-9793-9b3d550a8006.__CR2,0,1464,600_PT0_SX1464_V1___.jpg\"><\/p>\n<p>            <img decoding=\"async\" alt=\"M6601-00\" src=\"https:\/\/images-na.ssl-images-amazon.com\/images\/G\/01\/x-locale\/common\/grey-pixel.gif\" class=\"a-lazy-loaded\" data-src=\"https:\/\/m.media-amazon.com\/images\/S\/aplus-media-library-service-media\/92b194af-d0b5-41f5-8db2-c8fea712fb0a.__CR2,0,1464,600_PT0_SX1464_V1___.jpg\"><\/p>\n<p>             <img decoding=\"async\" alt=\"M6601-00\" src=\"https:\/\/m.media-amazon.com\/images\/S\/aplus-media-library-service-media\/92b194af-d0b5-41f5-8db2-c8fea712fb0a.__CR2,0,1464,600_PT0_SX1464_V1___.jpg\"><\/p>\n<p>            <img decoding=\"async\" alt=\"M6601-00\" src=\"https:\/\/images-na.ssl-images-amazon.com\/images\/G\/01\/x-locale\/common\/grey-pixel.gif\" class=\"a-lazy-loaded\" data-src=\"https:\/\/m.media-amazon.com\/images\/S\/aplus-media-library-service-media\/2cdbed00-3835-4e5a-bace-5b58b2f07ef7.__CR2,0,1464,600_PT0_SX1464_V1___.jpg\"><\/p>\n<p>             <img decoding=\"async\" alt=\"M6601-00\" src=\"https:\/\/m.media-amazon.com\/images\/S\/aplus-media-library-service-media\/2cdbed00-3835-4e5a-bace-5b58b2f07ef7.__CR2,0,1464,600_PT0_SX1464_V1___.jpg\"><\/p>\n<p>            <img decoding=\"async\" alt=\"M6601-00\" src=\"https:\/\/images-na.ssl-images-amazon.com\/images\/G\/01\/x-locale\/common\/grey-pixel.gif\" class=\"a-lazy-loaded\" data-src=\"https:\/\/m.media-amazon.com\/images\/S\/aplus-media-library-service-media\/0164f9e0-266b-45f9-9b40-a33c829ba29a.__CR2,0,1464,600_PT0_SX1464_V1___.jpg\"><\/p>\n<p>             <img decoding=\"async\" alt=\"M6601-00\" src=\"https:\/\/m.media-amazon.com\/images\/S\/aplus-media-library-service-media\/0164f9e0-266b-45f9-9b40-a33c829ba29a.__CR2,0,1464,600_PT0_SX1464_V1___.jpg\"><\/p>\n<p>            <img decoding=\"async\" alt=\"M6601-00\" src=\"https:\/\/images-na.ssl-images-amazon.com\/images\/G\/01\/x-locale\/common\/grey-pixel.gif\" class=\"a-lazy-loaded\" data-src=\"https:\/\/m.media-amazon.com\/images\/S\/aplus-media-library-service-media\/8b88bcc7-a461-424e-9f30-a17a8bfcc41e.__CR2,0,1464,600_PT0_SX1464_V1___.jpg\"><\/p>\n<p>             <img decoding=\"async\" alt=\"M6601-00\" src=\"https:\/\/m.media-amazon.com\/images\/S\/aplus-media-library-service-media\/8b88bcc7-a461-424e-9f30-a17a8bfcc41e.__CR2,0,1464,600_PT0_SX1464_V1___.jpg\"><\/p>\n<p>            <img decoding=\"async\" alt=\"M6601-00\" src=\"https:\/\/images-na.ssl-images-amazon.com\/images\/G\/01\/x-locale\/common\/grey-pixel.gif\" class=\"a-lazy-loaded\" data-src=\"https:\/\/m.media-amazon.com\/images\/S\/aplus-media-library-service-media\/ed2408d5-6370-4e11-b733-c48e3f4393d3.__CR2,0,1464,600_PT0_SX1464_V1___.jpg\"><\/p>\n<p>             <img decoding=\"async\" alt=\"M6601-00\" src=\"https:\/\/m.media-amazon.com\/images\/S\/aplus-media-library-service-media\/ed2408d5-6370-4e11-b733-c48e3f4393d3.__CR2,0,1464,600_PT0_SX1464_V1___.jpg\"><\/p>\n<p>[ad_2]<\/p>\n","protected":false},"excerpt":{"rendered":"<p>Price: [price_with_discount](as of [price_update_date] &#8211; Details) [ad_1] Produktbeschreibung des Herstellers M6601-00 Rieker Sneaker Jetzt wird\u2019s sportlich. Diese nachtschwarzen Sneaker in Kunstlederoptik von Rieker geben dem Fu\u00df Freiraum und halten ihn<\/p>\n","protected":false},"featured_media":67737,"comment_status":"open","ping_status":"closed","template":"","meta":[],"product_cat":[230],"product_tag":[266],"class_list":{"0":"post-67736","1":"product","2":"type-product","3":"status-publish","4":"has-post-thumbnail","6":"product_cat-fashion","7":"product_tag-womens-fashion-sneakers","9":"first","10":"instock","11":"shipping-taxable","12":"product-type-external"},"aioseo_notices":[],"_links":{"self":[{"href":"https:\/\/topgetestet.de\/index.php?rest_route=\/wp\/v2\/product\/67736","targetHints":{"allow":["GET"]}}],"collection":[{"href":"https:\/\/topgetestet.de\/index.php?rest_route=\/wp\/v2\/product"}],"about":[{"href":"https:\/\/topgetestet.de\/index.php?rest_route=\/wp\/v2\/types\/product"}],"replies":[{"embeddable":true,"href":"https:\/\/topgetestet.de\/index.php?rest_route=%2Fwp%2Fv2%2Fcomments&post=67736"}],"wp:featuredmedia":[{"embeddable":true,"href":"https:\/\/topgetestet.de\/index.php?rest_route=\/wp\/v2\/media\/67737"}],"wp:attachment":[{"href":"https:\/\/topgetestet.de\/index.php?rest_route=%2Fwp%2Fv2%2Fmedia&parent=67736"}],"wp:term":[{"taxonomy":"product_cat","embeddable":true,"href":"https:\/\/topgetestet.de\/index.php?rest_route=%2Fwp%2Fv2%2Fproduct_cat&post=67736"},{"taxonomy":"product_tag","embeddable":true,"href":"https:\/\/topgetestet.de\/index.php?rest_route=%2Fwp%2Fv2%2Fproduct_tag&post=67736"}],"curies":[{"name":"wp","href":"https:\/\/api.w.org\/{rel}","templated":true}]}}