{"id":67493,"date":"2022-10-15T05:28:19","date_gmt":"2022-10-15T05:28:19","guid":{"rendered":"https:\/\/topgetestet.de\/?product=echo-dot-3-gen-intelligenter-lautsprecher-mit-alexa-anthrazit-stoff"},"modified":"2022-10-15T05:28:19","modified_gmt":"2022-10-15T05:28:19","slug":"echo-dot-3-gen-intelligenter-lautsprecher-mit-alexa-anthrazit-stoff","status":"publish","type":"product","link":"https:\/\/topgetestet.de\/?product=echo-dot-3-gen-intelligenter-lautsprecher-mit-alexa-anthrazit-stoff","title":{"rendered":"Echo Dot (3. Gen.) Intelligenter Lautsprecher mit Alexa, Anthrazit Stoff"},"content":{"rendered":"<p>Price: <span style=\"color:#b12704\">[price_with_discount]<\/span><br \/><i><small>(as of [price_update_date] &#8211; <span class=\"wp_automatic_amazon_disclaimer\" title=\"Product prices and availability are accurate as of the date\/time indicated and are subject to change. Any price and availability information displayed on [relevant Amazon Site(s), as applicable] at the time of purchase will apply to the purchase of this product.\">Details<\/span>)<\/small><\/i><\/p>\n<p><a href=\"https:\/\/amazon.de\/dp\/B07PHPXHQS?tag=topgetestet09-21\"><img decoding=\"async\" src=\"https:\/\/i.imgur.com\/ISRHEWs.png\"><\/a><br \/>\n[ad_1]<br \/>\n<br \/>Steuern Sie die Musikwiedergabe per Sprachbefehl \u2013 Streamen Sie Songs von Amazon Music, Spotify, TuneIn und weiteren. Sie k\u00f6nnen auch H\u00f6rb\u00fccher von Audible h\u00f6ren.<br \/>Vollerer, besserer Klang \u2013 Verbinden Sie das Ger\u00e4t mit einem zweiten Echo Dot (3. Gen.) f\u00fcr vollen Stereosound. F\u00fcllen Sie Ihr Zuhause mit Musik mit kompatiblen Echo-Ger\u00e4ten in verschiedenen R\u00e4umen.<br \/>Stets bereit \u2013 Alexa kann Musik abspielen, Fragen beantworten, die Nachrichten und den Wetterbericht vorlesen, Wecker stellen, kompatible Smart Home-Ger\u00e4te steuern und vieles mehr.<br \/>Bleiben Sie in Verbindung \u2013 Sie k\u00f6nnen Personen, die ein Echo-Ger\u00e4t, die Alexa App oder Skype haben, per Sprachbefehl anrufen oder ihnen Nachrichten schicken. Verbinden Sie sich direkt \u00fcber Drop In mit anderen R\u00e4umen in Ihrem Zuhause oder machen Sie eine Ank\u00fcndigung auf allen kompatiblen Echo-Ger\u00e4ten.<br \/>Alexa hat Skills \u2013 Alexa lernt st\u00e4ndig dazu und erh\u00e4lt neue Funktionen und Skills, zum Beispiel Fitness-Tracking, Spiele und vieles mehr.<br \/>Sprachsteuerung f\u00fcr Ihr Smart Home \u2013 Schalten Sie Lampen ein, verstellen Sie Thermostate, steuern Sie T\u00fcrschl\u00f6sser und vieles mehr mit verbundenen kompatiblen Ger\u00e4ten.<br \/>Entwickelt, um Ihre Privatsph\u00e4re zu sch\u00fctzen \u2013 umfasst Datenschutz- und Kontrollma\u00dfnahmen auf mehreren Ebenen, darunter eine Mikrofon-aus-Taste, mit der Sie die Stromzufuhr zu den Mikrofonen unterbrechen und sie somit deaktivieren k\u00f6nnen.<br \/>\n<br \/>[ad_2]<\/p>\n","protected":false},"excerpt":{"rendered":"<p>Price: [price_with_discount](as of [price_update_date] &#8211; Details) [ad_1] Steuern Sie die Musikwiedergabe per Sprachbefehl \u2013 Streamen Sie Songs von Amazon Music, Spotify, TuneIn und weiteren. Sie k\u00f6nnen auch H\u00f6rb\u00fccher von Audible<\/p>\n","protected":false},"featured_media":67494,"comment_status":"open","ping_status":"closed","template":"","meta":[],"product_cat":[225],"product_tag":[],"class_list":{"0":"post-67493","1":"product","2":"type-product","3":"status-publish","4":"has-post-thumbnail","6":"product_cat-electronics","8":"first","9":"instock","10":"shipping-taxable","11":"product-type-external"},"aioseo_notices":[],"_links":{"self":[{"href":"https:\/\/topgetestet.de\/index.php?rest_route=\/wp\/v2\/product\/67493","targetHints":{"allow":["GET"]}}],"collection":[{"href":"https:\/\/topgetestet.de\/index.php?rest_route=\/wp\/v2\/product"}],"about":[{"href":"https:\/\/topgetestet.de\/index.php?rest_route=\/wp\/v2\/types\/product"}],"replies":[{"embeddable":true,"href":"https:\/\/topgetestet.de\/index.php?rest_route=%2Fwp%2Fv2%2Fcomments&post=67493"}],"wp:featuredmedia":[{"embeddable":true,"href":"https:\/\/topgetestet.de\/index.php?rest_route=\/wp\/v2\/media\/67494"}],"wp:attachment":[{"href":"https:\/\/topgetestet.de\/index.php?rest_route=%2Fwp%2Fv2%2Fmedia&parent=67493"}],"wp:term":[{"taxonomy":"product_cat","embeddable":true,"href":"https:\/\/topgetestet.de\/index.php?rest_route=%2Fwp%2Fv2%2Fproduct_cat&post=67493"},{"taxonomy":"product_tag","embeddable":true,"href":"https:\/\/topgetestet.de\/index.php?rest_route=%2Fwp%2Fv2%2Fproduct_tag&post=67493"}],"curies":[{"name":"wp","href":"https:\/\/api.w.org\/{rel}","templated":true}]}}