{"id":67331,"date":"2022-10-15T05:03:29","date_gmt":"2022-10-15T05:03:29","guid":{"rendered":"https:\/\/topgetestet.de\/?product=rieker-damen-boots-52553"},"modified":"2022-10-15T05:03:29","modified_gmt":"2022-10-15T05:03:29","slug":"rieker-damen-boots-52553","status":"publish","type":"product","link":"https:\/\/topgetestet.de\/?product=rieker-damen-boots-52553","title":{"rendered":"Rieker Damen Boots 52553"},"content":{"rendered":"<p>Price: <span style=\"color:#b12704\">[price_with_discount]<\/span><br \/><i><small>(as of [price_update_date] &#8211; <span class=\"wp_automatic_amazon_disclaimer\" title=\"Product prices and availability are accurate as of the date\/time indicated and are subject to change. Any price and availability information displayed on [relevant Amazon Site(s), as applicable] at the time of purchase will apply to the purchase of this product.\">Details<\/span>)<\/small><\/i><\/p>\n<p><a href=\"https:\/\/amazon.de\/dp\/B09NC4ZSZ5?tag=topgetestet09-21\"><img decoding=\"async\" src=\"https:\/\/i.imgur.com\/ISRHEWs.png\"><\/a><br \/>\n[ad_1]<\/p>\n<p>       Produktbeschreibung des Herstellers <\/p>\n<p>             52553-00<br \/>\n             Rieker Slipper  <\/p>\n<p class=\"aplus-p2 aplus-module-1-description\"> Hineinschl\u00fcpfen und loslaufen! So einfach kann es gehen \u2013 mit diesem Rieker Slipper in Schwarz. Ein praktischer Gummizug und die schmale Passform sorgen f\u00fcr festen Halt, w\u00e4hrend die angenehme Veloursf\u00fctterung den Fu\u00df umschlie\u00dft. Die schockabsorbierende Sohle federt jeden Schritt ab. Dar\u00fcber freuen sich nicht nur die F\u00fc\u00dfe, auch f\u00fcr die Wirbels\u00e4ule bedeutet das: Tragekomfort pur! <\/p>\n<p>            <img decoding=\"async\" alt=\"52553-00\" src=\"https:\/\/images-na.ssl-images-amazon.com\/images\/G\/01\/x-locale\/common\/grey-pixel.gif\" class=\"a-lazy-loaded\" data-src=\"https:\/\/m.media-amazon.com\/images\/S\/aplus-media-library-service-media\/c663dea3-3a93-4ae0-a70e-f0f3fabe6c68.__CR0,0,800,600_PT0_SX800_V1___.jpg\"><\/p>\n<p>             <img decoding=\"async\" alt=\"52553-00\" src=\"https:\/\/m.media-amazon.com\/images\/S\/aplus-media-library-service-media\/c663dea3-3a93-4ae0-a70e-f0f3fabe6c68.__CR0,0,800,600_PT0_SX800_V1___.jpg\"><\/p>\n<p>            <img decoding=\"async\" alt=\"52553-00\" src=\"https:\/\/images-na.ssl-images-amazon.com\/images\/G\/01\/x-locale\/common\/grey-pixel.gif\" class=\"a-lazy-loaded\" data-src=\"https:\/\/m.media-amazon.com\/images\/S\/aplus-media-library-service-media\/2e8c26bb-4ff9-46d1-aa4e-d96e15f02700.__CR2,0,1464,600_PT0_SX1464_V1___.jpg\"><\/p>\n<p>             <img decoding=\"async\" alt=\"52553-00\" src=\"https:\/\/m.media-amazon.com\/images\/S\/aplus-media-library-service-media\/2e8c26bb-4ff9-46d1-aa4e-d96e15f02700.__CR2,0,1464,600_PT0_SX1464_V1___.jpg\"><\/p>\n<p>            <img decoding=\"async\" alt=\"52553-00\" src=\"https:\/\/images-na.ssl-images-amazon.com\/images\/G\/01\/x-locale\/common\/grey-pixel.gif\" class=\"a-lazy-loaded\" data-src=\"https:\/\/m.media-amazon.com\/images\/S\/aplus-media-library-service-media\/92b194af-d0b5-41f5-8db2-c8fea712fb0a.__CR2,0,1464,600_PT0_SX1464_V1___.jpg\"><\/p>\n<p>             <img decoding=\"async\" alt=\"52553-00\" src=\"https:\/\/m.media-amazon.com\/images\/S\/aplus-media-library-service-media\/92b194af-d0b5-41f5-8db2-c8fea712fb0a.__CR2,0,1464,600_PT0_SX1464_V1___.jpg\"><\/p>\n<p>            <img decoding=\"async\" alt=\"52553-00\" src=\"https:\/\/images-na.ssl-images-amazon.com\/images\/G\/01\/x-locale\/common\/grey-pixel.gif\" class=\"a-lazy-loaded\" data-src=\"https:\/\/m.media-amazon.com\/images\/S\/aplus-media-library-service-media\/2cdbed00-3835-4e5a-bace-5b58b2f07ef7.__CR2,0,1464,600_PT0_SX1464_V1___.jpg\"><\/p>\n<p>             <img decoding=\"async\" alt=\"52553-00\" src=\"https:\/\/m.media-amazon.com\/images\/S\/aplus-media-library-service-media\/2cdbed00-3835-4e5a-bace-5b58b2f07ef7.__CR2,0,1464,600_PT0_SX1464_V1___.jpg\"><\/p>\n<p>            <img decoding=\"async\" alt=\"52553-00\" src=\"https:\/\/images-na.ssl-images-amazon.com\/images\/G\/01\/x-locale\/common\/grey-pixel.gif\" class=\"a-lazy-loaded\" data-src=\"https:\/\/m.media-amazon.com\/images\/S\/aplus-media-library-service-media\/0164f9e0-266b-45f9-9b40-a33c829ba29a.__CR2,0,1464,600_PT0_SX1464_V1___.jpg\"><\/p>\n<p>             <img decoding=\"async\" alt=\"52553-00\" src=\"https:\/\/m.media-amazon.com\/images\/S\/aplus-media-library-service-media\/0164f9e0-266b-45f9-9b40-a33c829ba29a.__CR2,0,1464,600_PT0_SX1464_V1___.jpg\"><\/p>\n<p>            <img decoding=\"async\" alt=\"52553-00\" src=\"https:\/\/images-na.ssl-images-amazon.com\/images\/G\/01\/x-locale\/common\/grey-pixel.gif\" class=\"a-lazy-loaded\" data-src=\"https:\/\/m.media-amazon.com\/images\/S\/aplus-media-library-service-media\/8b88bcc7-a461-424e-9f30-a17a8bfcc41e.__CR2,0,1464,600_PT0_SX1464_V1___.jpg\"><\/p>\n<p>             <img decoding=\"async\" alt=\"52553-00\" src=\"https:\/\/m.media-amazon.com\/images\/S\/aplus-media-library-service-media\/8b88bcc7-a461-424e-9f30-a17a8bfcc41e.__CR2,0,1464,600_PT0_SX1464_V1___.jpg\"><\/p>\n<p>            <img decoding=\"async\" alt=\"52553-00\" src=\"https:\/\/images-na.ssl-images-amazon.com\/images\/G\/01\/x-locale\/common\/grey-pixel.gif\" class=\"a-lazy-loaded\" data-src=\"https:\/\/m.media-amazon.com\/images\/S\/aplus-media-library-service-media\/ed2408d5-6370-4e11-b733-c48e3f4393d3.__CR2,0,1464,600_PT0_SX1464_V1___.jpg\"><\/p>\n<p>             <img decoding=\"async\" alt=\"52553-00\" src=\"https:\/\/m.media-amazon.com\/images\/S\/aplus-media-library-service-media\/ed2408d5-6370-4e11-b733-c48e3f4393d3.__CR2,0,1464,600_PT0_SX1464_V1___.jpg\"><\/p>\n<p> Verpackungsabmessungen \u200f : \u200e  34.79 x 20.5 x 10.3 cm; 610 Gramm <br \/> Im Angebot von Amazon.de seit \u200f : \u200e  9. Dezember 2021 <br \/> Hersteller \u200f : \u200e  Rieker <br \/> ASIN \u200f : \u200e  B09NC52W5C <br \/> Modellnummer \u200f : \u200e  52553-00 <br \/> Kategorie \u200f : \u200e  Damen <\/p>\n<p>[ad_2]<\/p>\n","protected":false},"excerpt":{"rendered":"<p>Price: [price_with_discount](as of [price_update_date] &#8211; Details) [ad_1] Produktbeschreibung des Herstellers 52553-00 Rieker Slipper Hineinschl\u00fcpfen und loslaufen! So einfach kann es gehen \u2013 mit diesem Rieker Slipper in Schwarz. Ein praktischer<\/p>\n","protected":false},"featured_media":67332,"comment_status":"open","ping_status":"closed","template":"","meta":[],"product_cat":[232],"product_tag":[],"class_list":{"0":"post-67331","1":"product","2":"type-product","3":"status-publish","4":"has-post-thumbnail","6":"product_cat-women-fashion","8":"first","9":"instock","10":"shipping-taxable","11":"product-type-external"},"aioseo_notices":[],"_links":{"self":[{"href":"https:\/\/topgetestet.de\/index.php?rest_route=\/wp\/v2\/product\/67331","targetHints":{"allow":["GET"]}}],"collection":[{"href":"https:\/\/topgetestet.de\/index.php?rest_route=\/wp\/v2\/product"}],"about":[{"href":"https:\/\/topgetestet.de\/index.php?rest_route=\/wp\/v2\/types\/product"}],"replies":[{"embeddable":true,"href":"https:\/\/topgetestet.de\/index.php?rest_route=%2Fwp%2Fv2%2Fcomments&post=67331"}],"wp:featuredmedia":[{"embeddable":true,"href":"https:\/\/topgetestet.de\/index.php?rest_route=\/wp\/v2\/media\/67332"}],"wp:attachment":[{"href":"https:\/\/topgetestet.de\/index.php?rest_route=%2Fwp%2Fv2%2Fmedia&parent=67331"}],"wp:term":[{"taxonomy":"product_cat","embeddable":true,"href":"https:\/\/topgetestet.de\/index.php?rest_route=%2Fwp%2Fv2%2Fproduct_cat&post=67331"},{"taxonomy":"product_tag","embeddable":true,"href":"https:\/\/topgetestet.de\/index.php?rest_route=%2Fwp%2Fv2%2Fproduct_tag&post=67331"}],"curies":[{"name":"wp","href":"https:\/\/api.w.org\/{rel}","templated":true}]}}