{"id":67321,"date":"2022-10-15T05:02:29","date_gmt":"2022-10-15T05:02:29","guid":{"rendered":"https:\/\/topgetestet.de\/?product=madden-girl-damen-stepp-fashion-sneaker"},"modified":"2022-10-15T05:02:29","modified_gmt":"2022-10-15T05:02:29","slug":"madden-girl-damen-stepp-fashion-sneaker","status":"publish","type":"product","link":"https:\/\/topgetestet.de\/?product=madden-girl-damen-stepp-fashion-sneaker","title":{"rendered":"Madden Girl Damen Stepp Fashion Sneaker"},"content":{"rendered":"<p>Price: <span style=\"color:#b12704\">[price_with_discount]<\/span><br \/><i><small>(as of [price_update_date] &#8211; <span class=\"wp_automatic_amazon_disclaimer\" title=\"Product prices and availability are accurate as of the date\/time indicated and are subject to change. Any price and availability information displayed on [relevant Amazon Site(s), as applicable] at the time of purchase will apply to the purchase of this product.\">Details<\/span>)<\/small><\/i><\/p>\n<p><a href=\"https:\/\/amazon.de\/dp\/B01NGTY51B?tag=topgetestet09-21\"><img decoding=\"async\" src=\"https:\/\/i.imgur.com\/ISRHEWs.png\"><\/a><br \/>\n[ad_1]<br \/>\n <span>Weiche und geschmeidige matte Oberfl\u00e4chen und zierliche, farblich abgestimmte Schn\u00fcrsenkel machen Stepp zu einem dezenten h\u00fcbschen Sneaker mit einem getragenen Gef\u00fchl, der Tomboys und M\u00e4dchen gleicherma\u00dfen anspricht.<\/span> <br \/> Verpackungsabmessungen \u200f : \u200e  30.5 x 18 x 10.9 cm; 198.45 Gramm <br \/> Im Angebot von Amazon.de seit \u200f : \u200e  30. Mai 2018 <br \/> Hersteller \u200f : \u200e  Madden Girl <br \/> ASIN \u200f : \u200e  B01N2RR6YQ <br \/> Modellnummer \u200f : \u200e  STEPP <br \/> Kategorie \u200f : \u200e  Damen <\/p>\n<p>Verschluss: Kordelzug<br \/>Absatzform: Flach<br \/>Schuhweite: Schmal<br \/>Nicht wasserfest<br \/>\n<br \/>[ad_2]<\/p>\n","protected":false},"excerpt":{"rendered":"<p>Price: [price_with_discount](as of [price_update_date] &#8211; Details) [ad_1] Weiche und geschmeidige matte Oberfl\u00e4chen und zierliche, farblich abgestimmte Schn\u00fcrsenkel machen Stepp zu einem dezenten h\u00fcbschen Sneaker mit einem getragenen Gef\u00fchl, der Tomboys<\/p>\n","protected":false},"featured_media":67322,"comment_status":"open","ping_status":"closed","template":"","meta":[],"product_cat":[230],"product_tag":[266],"class_list":{"0":"post-67321","1":"product","2":"type-product","3":"status-publish","4":"has-post-thumbnail","6":"product_cat-fashion","7":"product_tag-womens-fashion-sneakers","9":"first","10":"instock","11":"shipping-taxable","12":"product-type-external"},"aioseo_notices":[],"_links":{"self":[{"href":"https:\/\/topgetestet.de\/index.php?rest_route=\/wp\/v2\/product\/67321","targetHints":{"allow":["GET"]}}],"collection":[{"href":"https:\/\/topgetestet.de\/index.php?rest_route=\/wp\/v2\/product"}],"about":[{"href":"https:\/\/topgetestet.de\/index.php?rest_route=\/wp\/v2\/types\/product"}],"replies":[{"embeddable":true,"href":"https:\/\/topgetestet.de\/index.php?rest_route=%2Fwp%2Fv2%2Fcomments&post=67321"}],"wp:featuredmedia":[{"embeddable":true,"href":"https:\/\/topgetestet.de\/index.php?rest_route=\/wp\/v2\/media\/67322"}],"wp:attachment":[{"href":"https:\/\/topgetestet.de\/index.php?rest_route=%2Fwp%2Fv2%2Fmedia&parent=67321"}],"wp:term":[{"taxonomy":"product_cat","embeddable":true,"href":"https:\/\/topgetestet.de\/index.php?rest_route=%2Fwp%2Fv2%2Fproduct_cat&post=67321"},{"taxonomy":"product_tag","embeddable":true,"href":"https:\/\/topgetestet.de\/index.php?rest_route=%2Fwp%2Fv2%2Fproduct_tag&post=67321"}],"curies":[{"name":"wp","href":"https:\/\/api.w.org\/{rel}","templated":true}]}}