{"id":67173,"date":"2022-10-15T04:38:09","date_gmt":"2022-10-15T04:38:09","guid":{"rendered":"https:\/\/topgetestet.de\/?product=eulenspiegel-180532-profi-aqua-schminke-perlglanz-orange-20-ml-vegan"},"modified":"2022-10-15T04:38:09","modified_gmt":"2022-10-15T04:38:09","slug":"eulenspiegel-180532-profi-aqua-schminke-perlglanz-orange-20-ml-vegan","status":"publish","type":"product","link":"https:\/\/topgetestet.de\/?product=eulenspiegel-180532-profi-aqua-schminke-perlglanz-orange-20-ml-vegan","title":{"rendered":"Eulenspiegel 180532 &#8211; Profi-Aqua Schminke, Perlglanz-Orange, 20 ml, vegan"},"content":{"rendered":"<p>Price: <span style=\"color:#b12704\">[price_with_discount]<\/span><br \/><i><small>(as of [price_update_date] &#8211; <span class=\"wp_automatic_amazon_disclaimer\" title=\"Product prices and availability are accurate as of the date\/time indicated and are subject to change. Any price and availability information displayed on [relevant Amazon Site(s), as applicable] at the time of purchase will apply to the purchase of this product.\">Details<\/span>)<\/small><\/i><\/p>\n<p><a href=\"https:\/\/amazon.de\/dp\/B000UR9OF0?tag=topgetestet09-21\"><img decoding=\"async\" src=\"https:\/\/i.imgur.com\/ISRHEWs.png\"><\/a><br \/>\n[ad_1]<\/p>\n<p>       Produktbeschreibung des Herstellers <\/p>\n<p>              <img decoding=\"async\" alt=\"Banner\" src=\"https:\/\/images-na.ssl-images-amazon.com\/images\/G\/01\/x-locale\/common\/grey-pixel.gif\" class=\"a-lazy-loaded\" data-src=\"https:\/\/m.media-amazon.com\/images\/S\/aplus-media\/vc\/3761826b-82c9-4e09-913c-e44a6f9b4594.__CR1060,0,1940,600_PT0_SX970_V1___.jpg\"><\/p>\n<p>               <img decoding=\"async\" alt=\"Banner\" src=\"https:\/\/m.media-amazon.com\/images\/S\/aplus-media\/vc\/3761826b-82c9-4e09-913c-e44a6f9b4594.__CR1060,0,1940,600_PT0_SX970_V1___.jpg\"><\/p>\n<p> <img decoding=\"async\" alt=\"Till Eulenspiegel\" src=\"https:\/\/images-na.ssl-images-amazon.com\/images\/G\/01\/x-locale\/common\/grey-pixel.gif\" class=\"a-spacing-mini a-lazy-loaded\" data-src=\"https:\/\/m.media-amazon.com\/images\/S\/aplus-media\/vc\/ee583d16-b129-414e-900d-cc42c8fc275b.__CR0,0,300,300_PT0_SX300_V1___.jpg\">\n                   <\/p>\n<p>                    <img decoding=\"async\" alt=\"Till Eulenspiegel\" src=\"https:\/\/m.media-amazon.com\/images\/S\/aplus-media\/vc\/ee583d16-b129-414e-900d-cc42c8fc275b.__CR0,0,300,300_PT0_SX300_V1___.jpg\"><\/p>\n<p> <img decoding=\"async\" alt=\"Kinder\" src=\"https:\/\/images-na.ssl-images-amazon.com\/images\/G\/01\/x-locale\/common\/grey-pixel.gif\" class=\"a-spacing-mini a-lazy-loaded\" data-src=\"https:\/\/m.media-amazon.com\/images\/S\/aplus-media\/vc\/dfc94ea4-56ba-4c48-b965-98b6e07fe724.__CR0,0,300,300_PT0_SX300_V1___.jpg\">\n                   <\/p>\n<p>                    <img decoding=\"async\" alt=\"Kinder\" src=\"https:\/\/m.media-amazon.com\/images\/S\/aplus-media\/vc\/dfc94ea4-56ba-4c48-b965-98b6e07fe724.__CR0,0,300,300_PT0_SX300_V1___.jpg\"><\/p>\n<p> <img decoding=\"async\" alt=\"Bild\" src=\"https:\/\/images-na.ssl-images-amazon.com\/images\/G\/01\/x-locale\/common\/grey-pixel.gif\" class=\"a-spacing-mini a-lazy-loaded\" data-src=\"https:\/\/m.media-amazon.com\/images\/S\/aplus-media\/vc\/0711efa8-416d-4631-b9c6-a1acfdb0dfab.__CR0,160,1280,1280_PT0_SX300_V1___.jpg\">\n                   <\/p>\n<p>                    <img decoding=\"async\" alt=\"Bild\" src=\"https:\/\/m.media-amazon.com\/images\/S\/aplus-media\/vc\/0711efa8-416d-4631-b9c6-a1acfdb0dfab.__CR0,160,1280,1280_PT0_SX300_V1___.jpg\"><\/p>\n<p>                   Qualit\u00e4t aus Tradition  <\/p>\n<p> Eulenspiegel-Profi-Schminkfarben sind &#8220;die Kultfarben aus der Manufaktur&#8221; und das seit nunmehr drei Jahrzehnten. Sie enthalten weder Parf\u00fcmstoffe noch Parabene. Die Farben sind glutenfrei und werden ohne den Zusatz gesundheitlich bedenklicher UV-Filter hergestellt; dadurch mindern sie das Risiko von Allergien im heutigen Alltag ganz erheblich. Die lebendigen, kr\u00e4ftigen Eulenspiegel Profi-Schminkfarben eignen sich besonders gut zum Schminken von Kindern. <\/p>\n<p>                   Schminkfarben f\u00fcr Kinder  <\/p>\n<p> Unsere lebendigen, kr\u00e4ftigen, leuchtend bunten Schminkfarben sollen ganz besonders Kinder ansprechen und faszinieren. Sie wurden speziell f\u00fcr unsere J\u00fcngsten entwickelt. <\/p>\n<p>                   Easy on &#8211; Easy off  <\/p>\n<p> Das Eulenspiegel Aqua Make-up ist hochpigmentiert und daher besonders farbintensiv (dies garantiert eine hohe Deckkraft). Sowohl die fl\u00fcssigen Profi-Aqua Liquid-Farben als auch die festen Farben in der Dose sind hervorragend untereinander mischbar, trocknen z\u00fcgig auf der Haut und sind dann weitgehend wischfest. Anderseits sind die Farben leicht mit Wasser und Seife zu entfernen. Auch dies zeigt einmal mehr, dass Eulenspiegel nur das Beste f\u00fcr Ihre Haut will und bietet. <\/p>\n<h3 class=\"a-spacing-small\"> Was spricht f\u00fcr unsere Produkte! <\/h3>\n<p> <img decoding=\"async\" alt=\"Hoch pigmentiert\" src=\"https:\/\/images-na.ssl-images-amazon.com\/images\/G\/01\/x-locale\/common\/grey-pixel.gif\" class=\"a-lazy-loaded\" data-src=\"https:\/\/m.media-amazon.com\/images\/S\/aplus-media\/vc\/25012e40-52f9-4dc7-ad19-22a6689652c1.__CR0,0,220,220_PT0_SX220_V1___.jpg\">\n                     <\/p>\n<p>                      <img decoding=\"async\" alt=\"Hoch pigmentiert\" src=\"https:\/\/m.media-amazon.com\/images\/S\/aplus-media\/vc\/25012e40-52f9-4dc7-ad19-22a6689652c1.__CR0,0,220,220_PT0_SX220_V1___.jpg\"><\/p>\n<p> <img decoding=\"async\" alt=\"Verwendung sorgf\u00e4ltig\" src=\"https:\/\/images-na.ssl-images-amazon.com\/images\/G\/01\/x-locale\/common\/grey-pixel.gif\" class=\"a-lazy-loaded\" data-src=\"https:\/\/m.media-amazon.com\/images\/S\/aplus-media\/vc\/d3130736-0d8e-49a0-bbf6-939fd25c2ab9.__CR0,0,220,220_PT0_SX220_V1___.jpg\">\n                     <\/p>\n<p>                      <img decoding=\"async\" alt=\"Verwendung sorgf\u00e4ltig\" src=\"https:\/\/m.media-amazon.com\/images\/S\/aplus-media\/vc\/d3130736-0d8e-49a0-bbf6-939fd25c2ab9.__CR0,0,220,220_PT0_SX220_V1___.jpg\"><\/p>\n<p> <img decoding=\"async\" alt=\"Glutenfrei\" src=\"https:\/\/images-na.ssl-images-amazon.com\/images\/G\/01\/x-locale\/common\/grey-pixel.gif\" class=\"a-lazy-loaded\" data-src=\"https:\/\/m.media-amazon.com\/images\/S\/aplus-media\/vc\/65816496-04f7-46da-ba9d-81e4f25c9b93.__CR0,0,220,220_PT0_SX220_V1___.jpg\">\n                     <\/p>\n<p>                      <img decoding=\"async\" alt=\"Glutenfrei\" src=\"https:\/\/m.media-amazon.com\/images\/S\/aplus-media\/vc\/65816496-04f7-46da-ba9d-81e4f25c9b93.__CR0,0,220,220_PT0_SX220_V1___.jpg\"><\/p>\n<p> <img decoding=\"async\" alt=\"Vegan\" src=\"https:\/\/images-na.ssl-images-amazon.com\/images\/G\/01\/x-locale\/common\/grey-pixel.gif\" class=\"a-lazy-loaded\" data-src=\"https:\/\/m.media-amazon.com\/images\/S\/aplus-media\/vc\/c3bdb342-3bc6-421b-b8bc-494c8c9faf9b.__CR0,0,220,220_PT0_SX220_V1___.jpg\">\n                     <\/p>\n<p>                      <img decoding=\"async\" alt=\"Vegan\" src=\"https:\/\/m.media-amazon.com\/images\/S\/aplus-media\/vc\/c3bdb342-3bc6-421b-b8bc-494c8c9faf9b.__CR0,0,220,220_PT0_SX220_V1___.jpg\"><\/p>\n<p>                     Hoch pigmentiert und farbintensiv  <\/p>\n<p class=\"a-size-small\"> Die original Eulenspiegel Profi-Aqua Schminke erzeugt brillante Farben auf der Haut und hat eine hohe Deckkraft. <\/p>\n<p>                     Verwendung sorgf\u00e4ltig  <\/p>\n<p class=\"a-size-small\"> F\u00fcr unsere lebendigen, kr\u00e4ftigen Schminkfarben verwenden wir Pigmente, die ohne jede Einschr\u00e4nkung in \u201eleave-on&#8221; Kosmetik eingesetzt werden k\u00f6nnen. <\/p>\n<p>                     Glutenfrei und MOAH\/MOSH-frei  <\/p>\n<p class=\"a-size-small\"> Viele unserer Eulenspiegel Profi-Schminkfarben sind glutenfrei und enthalten keine Mineral\u00f6le. <\/p>\n<p>                     Mensch und Tier zuliebe  <\/p>\n<p class=\"a-size-small\"> Viele unserer Eulenspiegel Profi-Schminkfarben enthalten keine Rohstoffe tierischen Ursprungs (vegan) und sind dermatologisch getestet. <\/p>\n<h3 class=\"a-spacing-small\"> Tipps und Tricks <\/h3>\n<p>                Wie entferne ich die Farbe von der Haut?  <\/p>\n<p class=\"a-spacing-base\"> Die original Eulenspiegel-Aquaschminke ist hochpigmentiert und daher besonders farbintensiv (dies garantiert eine hohe Deckkraft und ein leichtes Auftragen auf die Haut). Sowohl die fl\u00fcssigen PROFI-AQUA LIQUID Farben als auch die festen Farben im Cake sind hervorragend untereinander mischbar, trocknen z\u00fcgig auf der Haut und sind dann weitgehend wischfest. Anderseits sind die aufgetragenen Farben leicht mit Wasser und Seife zu entfernen. <\/p>\n<p>                Wie bringe ich alte Kunstfaser-Pinsel wieder in Form?  <\/p>\n<p class=\"a-spacing-base\"> \u00c4ltere und au\u00dfer Form geratene Kunstfaser-Pinsel k\u00f6nnen Sie ausgezeichnet wieder in Form bringen, indem Sie die Haare kurz in wasserl\u00f6slichen Mastix tauchen, diesen wieder auswaschen und die Fasern mit Ihren Fingern formen. <\/p>\n<p>Die Dose mit 20 ml reicht f\u00fcr ca. 50 Gesichter oder eineinhalb K\u00f6rper<br \/>Wischfest und schnell trocknend<br \/>Einfach mit Wasser und Seife zu entfernen<br \/>Vegan, glutenfrei und ohne Nuss\u00f6le<br \/>Weitere Schminkfarben, -Sets und Zubeh\u00f6r finden Sie in unserem Marken Shop. Klicken Sie dazu auf den Markennamen Eulenspiegel unterhalb des Produkttitels<br \/>\n<br \/>[ad_2]<\/p>\n","protected":false},"excerpt":{"rendered":"<p>Price: [price_with_discount](as of [price_update_date] &#8211; Details) [ad_1] Produktbeschreibung des Herstellers Qualit\u00e4t aus Tradition Eulenspiegel-Profi-Schminkfarben sind &#8220;die Kultfarben aus der Manufaktur&#8221; und das seit nunmehr drei Jahrzehnten. Sie enthalten weder Parf\u00fcmstoffe<\/p>\n","protected":false},"featured_media":67174,"comment_status":"open","ping_status":"closed","template":"","meta":[],"product_cat":[228],"product_tag":[238],"class_list":{"0":"post-67173","1":"product","2":"type-product","3":"status-publish","4":"has-post-thumbnail","6":"product_cat-beauty","7":"product_tag-face-makeup","9":"first","10":"instock","11":"shipping-taxable","12":"product-type-external"},"aioseo_notices":[],"_links":{"self":[{"href":"https:\/\/topgetestet.de\/index.php?rest_route=\/wp\/v2\/product\/67173","targetHints":{"allow":["GET"]}}],"collection":[{"href":"https:\/\/topgetestet.de\/index.php?rest_route=\/wp\/v2\/product"}],"about":[{"href":"https:\/\/topgetestet.de\/index.php?rest_route=\/wp\/v2\/types\/product"}],"replies":[{"embeddable":true,"href":"https:\/\/topgetestet.de\/index.php?rest_route=%2Fwp%2Fv2%2Fcomments&post=67173"}],"wp:featuredmedia":[{"embeddable":true,"href":"https:\/\/topgetestet.de\/index.php?rest_route=\/wp\/v2\/media\/67174"}],"wp:attachment":[{"href":"https:\/\/topgetestet.de\/index.php?rest_route=%2Fwp%2Fv2%2Fmedia&parent=67173"}],"wp:term":[{"taxonomy":"product_cat","embeddable":true,"href":"https:\/\/topgetestet.de\/index.php?rest_route=%2Fwp%2Fv2%2Fproduct_cat&post=67173"},{"taxonomy":"product_tag","embeddable":true,"href":"https:\/\/topgetestet.de\/index.php?rest_route=%2Fwp%2Fv2%2Fproduct_tag&post=67173"}],"curies":[{"name":"wp","href":"https:\/\/api.w.org\/{rel}","templated":true}]}}