{"id":67010,"date":"2022-10-15T03:18:49","date_gmt":"2022-10-15T03:18:49","guid":{"rendered":"https:\/\/topgetestet.de\/?product=fire-tv-stick-internationale-version-mit-alexa-sprachfernbedienung-hd-streaminggerat"},"modified":"2022-10-15T03:18:49","modified_gmt":"2022-10-15T03:18:49","slug":"fire-tv-stick-internationale-version-mit-alexa-sprachfernbedienung-hd-streaminggerat","status":"publish","type":"product","link":"https:\/\/topgetestet.de\/?product=fire-tv-stick-internationale-version-mit-alexa-sprachfernbedienung-hd-streaminggerat","title":{"rendered":"Fire TV Stick Internationale Version mit Alexa-Sprachfernbedienung | HD-Streamingger\u00e4t"},"content":{"rendered":"<p>Price: <span style=\"color:#b12704\">[price_with_discount]<\/span><br \/><i><small>(as of [price_update_date] &#8211; <span class=\"wp_automatic_amazon_disclaimer\" title=\"Product prices and availability are accurate as of the date\/time indicated and are subject to change. Any price and availability information displayed on [relevant Amazon Site(s), as applicable] at the time of purchase will apply to the purchase of this product.\">Details<\/span>)<\/small><\/i><\/p>\n<p><a href=\"https:\/\/amazon.de\/dp\/B098J3NXBZ?tag=topgetestet09-21\"><img decoding=\"async\" src=\"https:\/\/i.imgur.com\/ISRHEWs.png\"><\/a><br \/>\n[ad_1]<br \/>\n<br \/>Weniger Durcheinander, mehr Kontrolle \u2013 Mit der Alexa-Sprachfernbedienung k\u00f6nnen Sie Serien per Sprachbefehl App-\u00fcbergreifend suchen und abspielen. Auch das Ein- und Ausschalten sowie die Lautst\u00e4rkeregelung f\u00fcr kompatible Fernseher und Soundbars sind ohne zus\u00e4tzliche Fernbedienung m\u00f6glich.<br \/>Dolby Atmos-Unterst\u00fctzung und Klang in Heimkino-Qualit\u00e4t \u2013 F\u00fcr ausgew\u00e4hlte Titel sorgt umfassender Dolby Atmos-Klang mit kompatiblen Heim-Audiosystemen f\u00fcr ein noch realit\u00e4tsgetreueres Fernseherlebnis.<br \/>Amazon Prime-Mitglieder erhalten unbegrenzten Zugriff auf Tausende Filme und Serienfolgen.<br \/>Musik h\u00f6ren \u2013 Streamen Sie Musik von Amazon Music, Spotify und weiteren. M\u00f6glicherweise fallen Abonnementgeb\u00fchren an.<br \/>Einfache Einrichtung, unauff\u00e4llige Platzierung \u2013 Einfach auf der R\u00fcckseite des Fernsehers anschlie\u00dfen, Fernsehger\u00e4t einschalten, mit dem Internet verbinden und los geht\u2018s.<br \/>\n<br \/>[ad_2]<\/p>\n","protected":false},"excerpt":{"rendered":"<p>Price: [price_with_discount](as of [price_update_date] &#8211; Details) [ad_1] Weniger Durcheinander, mehr Kontrolle \u2013 Mit der Alexa-Sprachfernbedienung k\u00f6nnen Sie Serien per Sprachbefehl App-\u00fcbergreifend suchen und abspielen. Auch das Ein- und Ausschalten sowie<\/p>\n","protected":false},"featured_media":67011,"comment_status":"open","ping_status":"closed","template":"","meta":[],"product_cat":[225],"product_tag":[],"class_list":{"0":"post-67010","1":"product","2":"type-product","3":"status-publish","4":"has-post-thumbnail","6":"product_cat-electronics","8":"first","9":"instock","10":"shipping-taxable","11":"product-type-external"},"aioseo_notices":[],"_links":{"self":[{"href":"https:\/\/topgetestet.de\/index.php?rest_route=\/wp\/v2\/product\/67010","targetHints":{"allow":["GET"]}}],"collection":[{"href":"https:\/\/topgetestet.de\/index.php?rest_route=\/wp\/v2\/product"}],"about":[{"href":"https:\/\/topgetestet.de\/index.php?rest_route=\/wp\/v2\/types\/product"}],"replies":[{"embeddable":true,"href":"https:\/\/topgetestet.de\/index.php?rest_route=%2Fwp%2Fv2%2Fcomments&post=67010"}],"wp:featuredmedia":[{"embeddable":true,"href":"https:\/\/topgetestet.de\/index.php?rest_route=\/wp\/v2\/media\/67011"}],"wp:attachment":[{"href":"https:\/\/topgetestet.de\/index.php?rest_route=%2Fwp%2Fv2%2Fmedia&parent=67010"}],"wp:term":[{"taxonomy":"product_cat","embeddable":true,"href":"https:\/\/topgetestet.de\/index.php?rest_route=%2Fwp%2Fv2%2Fproduct_cat&post=67010"},{"taxonomy":"product_tag","embeddable":true,"href":"https:\/\/topgetestet.de\/index.php?rest_route=%2Fwp%2Fv2%2Fproduct_tag&post=67010"}],"curies":[{"name":"wp","href":"https:\/\/api.w.org\/{rel}","templated":true}]}}