{"id":66958,"date":"2022-10-15T02:57:58","date_gmt":"2022-10-15T02:57:58","guid":{"rendered":"https:\/\/topgetestet.de\/?product=adidas-herren-fluidstreet-laufschuh"},"modified":"2022-10-15T02:57:58","modified_gmt":"2022-10-15T02:57:58","slug":"adidas-herren-fluidstreet-laufschuh","status":"publish","type":"product","link":"https:\/\/topgetestet.de\/?product=adidas-herren-fluidstreet-laufschuh","title":{"rendered":"adidas Herren Fluidstreet Laufschuh"},"content":{"rendered":"<p>Price: <span style=\"color:#b12704\">[price_with_discount]<\/span><br \/><i><small>(as of [price_update_date] &#8211; <span class=\"wp_automatic_amazon_disclaimer\" title=\"Product prices and availability are accurate as of the date\/time indicated and are subject to change. Any price and availability information displayed on [relevant Amazon Site(s), as applicable] at the time of purchase will apply to the purchase of this product.\">Details<\/span>)<\/small><\/i><\/p>\n<p><a href=\"https:\/\/amazon.de\/dp\/B082T4NWL3?tag=topgetestet09-21\"><img decoding=\"async\" src=\"https:\/\/i.imgur.com\/ISRHEWs.png\"><\/a><br \/>\n[ad_1]<br \/>\n <span>Egal warum Sie unterwegs sind oder wie weit Sie unterwegs sind. Was auch immer der Grund Ihrer Schn\u00fcrung ist, unterst\u00fctzt dieser Adidas Laufschuh jeden Schritt mit zus\u00e4tzlicher D\u00e4mpfung. Die Dinge bleiben leicht und luftig mit dem atmungsaktiven Mesh-Obermaterial. F\u00fchlen Sie die Brise, finden Sie Ihren Durchfluss.<\/span> <br \/> Produktabmessungen \u200f : \u200e  1 x 1 x 1 cm; 550 Gramm <br \/> Im Angebot von Amazon.de seit \u200f : \u200e  6. Juli 2020 <br \/> Hersteller \u200f : \u200e  Adidas <br \/> ASIN \u200f : \u200e  B082T59ZDC <br \/> Modellnummer \u200f : \u200e  FW1703 <br \/> Kategorie \u200f : \u200e  Herren <\/p>\n<p>Innenmaterial: Satin<br \/>Sohle: Synthetik<br \/>Verschluss: Pull On<br \/>Absatzh\u00f6he: 1 cm<br \/>Absatzform: Western<br \/>Schuhweite: Medium<br \/>Nicht wasserfest<br \/>\n<br \/>[ad_2]<\/p>\n","protected":false},"excerpt":{"rendered":"<p>Price: [price_with_discount](as of [price_update_date] &#8211; Details) [ad_1] Egal warum Sie unterwegs sind oder wie weit Sie unterwegs sind. Was auch immer der Grund Ihrer Schn\u00fcrung ist, unterst\u00fctzt dieser Adidas Laufschuh<\/p>\n","protected":false},"featured_media":66959,"comment_status":"open","ping_status":"closed","template":"","meta":[],"product_cat":[234],"product_tag":[235],"class_list":{"0":"post-66958","1":"product","2":"type-product","3":"status-publish","4":"has-post-thumbnail","6":"product_cat-shoes","7":"product_tag-mens-road-running-shoes","9":"first","10":"instock","11":"shipping-taxable","12":"product-type-external"},"aioseo_notices":[],"_links":{"self":[{"href":"https:\/\/topgetestet.de\/index.php?rest_route=\/wp\/v2\/product\/66958","targetHints":{"allow":["GET"]}}],"collection":[{"href":"https:\/\/topgetestet.de\/index.php?rest_route=\/wp\/v2\/product"}],"about":[{"href":"https:\/\/topgetestet.de\/index.php?rest_route=\/wp\/v2\/types\/product"}],"replies":[{"embeddable":true,"href":"https:\/\/topgetestet.de\/index.php?rest_route=%2Fwp%2Fv2%2Fcomments&post=66958"}],"wp:featuredmedia":[{"embeddable":true,"href":"https:\/\/topgetestet.de\/index.php?rest_route=\/wp\/v2\/media\/66959"}],"wp:attachment":[{"href":"https:\/\/topgetestet.de\/index.php?rest_route=%2Fwp%2Fv2%2Fmedia&parent=66958"}],"wp:term":[{"taxonomy":"product_cat","embeddable":true,"href":"https:\/\/topgetestet.de\/index.php?rest_route=%2Fwp%2Fv2%2Fproduct_cat&post=66958"},{"taxonomy":"product_tag","embeddable":true,"href":"https:\/\/topgetestet.de\/index.php?rest_route=%2Fwp%2Fv2%2Fproduct_tag&post=66958"}],"curies":[{"name":"wp","href":"https:\/\/api.w.org\/{rel}","templated":true}]}}