{"id":66916,"date":"2022-10-15T02:47:30","date_gmt":"2022-10-15T02:47:30","guid":{"rendered":"https:\/\/topgetestet.de\/?product=puma-damen-core-up-rucksack-rucksack"},"modified":"2022-10-15T02:47:30","modified_gmt":"2022-10-15T02:47:30","slug":"puma-damen-core-up-rucksack-rucksack","status":"publish","type":"product","link":"https:\/\/topgetestet.de\/?product=puma-damen-core-up-rucksack-rucksack","title":{"rendered":"PUMA Damen Core Up Rucksack Rucksack"},"content":{"rendered":"<p>Price: <span style=\"color:#b12704\">[price_with_discount]<\/span><br \/><i><small>(as of [price_update_date] &#8211; <span class=\"wp_automatic_amazon_disclaimer\" title=\"Product prices and availability are accurate as of the date\/time indicated and are subject to change. Any price and availability information displayed on [relevant Amazon Site(s), as applicable] at the time of purchase will apply to the purchase of this product.\">Details<\/span>)<\/small><\/i><\/p>\n<p><a href=\"https:\/\/amazon.de\/dp\/B09LGZ9FWP?tag=topgetestet09-21\"><img decoding=\"async\" src=\"https:\/\/i.imgur.com\/ISRHEWs.png\"><\/a><br \/>\n[ad_1]<br \/>\n <span>PRODUKTGESCHICHTE &#8211; Glatte Stoffe, schlanke Silhouetten und schwungw\u00fcrdige Swagger zeichnen die Core Up Kollektion mit unvergleichlicher urbane Betonung aus. Mit verstellbaren Schultergurten, vielen Taschen zur Aufbewahrung, Metallbeschl\u00e4gen und metallischem Branding ist dieser k\u00fchne Rucksack ein Muss f\u00fcr moderne Mover und Shaker. Egal, ob Sie zur Schule gehen, arbeiten oder die Welt erkunden, Sie werden Ihre Ladung mit anspruchsvollem Stil tragen. Details: Zwei-Wege-Rei\u00dfverschluss im Hauptfach; freiliegende Fronttasche mit Rei\u00dfverschluss; Innentasche; Gurtband-Tragegriff auf der Oberseite; verstellbare Schultergurte; Metallbeschl\u00e4ge; metallisches PUMA No.1-Logo auf der Vorderseite; 150D PES-Futter mit w\u00e4rmegepr\u00e4gtem Puma-Schriftzug innen.<\/span> <br \/> Im Angebot von Amazon.de seit \u200f : \u200e  8. Juni 2022 <br \/> Hersteller \u200f : \u200e  PUMA <br \/> ASIN \u200f : \u200e  B0B3GVPGHB <br \/> Modellnummer \u200f : \u200e  79151 <br \/> Kategorie \u200f : \u200e  Damen <\/p>\n<p>[ad_2]<\/p>\n","protected":false},"excerpt":{"rendered":"<p>Price: [price_with_discount](as of [price_update_date] &#8211; Details) [ad_1] PRODUKTGESCHICHTE &#8211; Glatte Stoffe, schlanke Silhouetten und schwungw\u00fcrdige Swagger zeichnen die Core Up Kollektion mit unvergleichlicher urbane Betonung aus. Mit verstellbaren Schultergurten, vielen<\/p>\n","protected":false},"featured_media":66917,"comment_status":"open","ping_status":"closed","template":"","meta":[],"product_cat":[232],"product_tag":[],"class_list":{"0":"post-66916","1":"product","2":"type-product","3":"status-publish","4":"has-post-thumbnail","6":"product_cat-women-fashion","8":"first","9":"instock","10":"sale","11":"shipping-taxable","12":"product-type-external"},"aioseo_notices":[],"_links":{"self":[{"href":"https:\/\/topgetestet.de\/index.php?rest_route=\/wp\/v2\/product\/66916","targetHints":{"allow":["GET"]}}],"collection":[{"href":"https:\/\/topgetestet.de\/index.php?rest_route=\/wp\/v2\/product"}],"about":[{"href":"https:\/\/topgetestet.de\/index.php?rest_route=\/wp\/v2\/types\/product"}],"replies":[{"embeddable":true,"href":"https:\/\/topgetestet.de\/index.php?rest_route=%2Fwp%2Fv2%2Fcomments&post=66916"}],"wp:featuredmedia":[{"embeddable":true,"href":"https:\/\/topgetestet.de\/index.php?rest_route=\/wp\/v2\/media\/66917"}],"wp:attachment":[{"href":"https:\/\/topgetestet.de\/index.php?rest_route=%2Fwp%2Fv2%2Fmedia&parent=66916"}],"wp:term":[{"taxonomy":"product_cat","embeddable":true,"href":"https:\/\/topgetestet.de\/index.php?rest_route=%2Fwp%2Fv2%2Fproduct_cat&post=66916"},{"taxonomy":"product_tag","embeddable":true,"href":"https:\/\/topgetestet.de\/index.php?rest_route=%2Fwp%2Fv2%2Fproduct_tag&post=66916"}],"curies":[{"name":"wp","href":"https:\/\/api.w.org\/{rel}","templated":true}]}}