{"id":6687,"date":"2022-09-02T16:13:26","date_gmt":"2022-09-02T16:13:26","guid":{"rendered":"https:\/\/topgetestet.de\/?product=mardicato-herren-trailschuhe-grose-49-50-laufschuhe-strasenlaufschuhe-atmungsaktiv-walkingschuhe"},"modified":"2022-09-02T16:13:26","modified_gmt":"2022-09-02T16:13:26","slug":"mardicato-herren-trailschuhe-grose-49-50-laufschuhe-strasenlaufschuhe-atmungsaktiv-walkingschuhe","status":"publish","type":"product","link":"https:\/\/topgetestet.de\/?product=mardicato-herren-trailschuhe-grose-49-50-laufschuhe-strasenlaufschuhe-atmungsaktiv-walkingschuhe","title":{"rendered":"MARDICATO Herren Trailschuhe Gr\u00f6\u00dfe 49 50 Laufschuhe Stra\u00dfenlaufschuhe Atmungsaktiv Walkingschuhe"},"content":{"rendered":"<p>Price: <span style=\"color:#b12704\">[price_with_discount]<\/span><br \/><i><small>(as of [price_update_date] &#8211; <span class=\"wp_automatic_amazon_disclaimer\" title=\"Product prices and availability are accurate as of the date\/time indicated and are subject to change. Any price and availability information displayed on [relevant Amazon Site(s), as applicable] at the time of purchase will apply to the purchase of this product.\">Details<\/span>)<\/small><\/i><\/p>\n<p><a href=\"https:\/\/amazon.de\/dp\/B092V6KW21?tag=topgetestet09-21\"><img decoding=\"async\" src=\"https:\/\/i.imgur.com\/ISRHEWs.png\"><\/a><br \/>\n[ad_1]<\/p>\n<p>       Produktinformation <\/p>\n<h3 class=\"a-spacing-mini\"> Herren Trailschuhe Gr\u00f6\u00dfe 49 50 Laufschuhe Stra\u00dfenlaufschuhe Atmungsaktiv Walkingschuhe <\/h3>\n<p>          <img decoding=\"async\" alt=\"Herrenschuhe 49\" src=\"https:\/\/images-na.ssl-images-amazon.com\/images\/G\/01\/x-locale\/common\/grey-pixel.gif\" class=\"a-spacing-base a-lazy-loaded\" data-src=\"https:\/\/m.media-amazon.com\/images\/S\/aplus-media-library-service-media\/5e7d8c14-7ce9-4eba-99ab-09139da761c9.__CR0,0,970,600_PT0_SX970_V1___.jpg\"><\/p>\n<p>           <img decoding=\"async\" alt=\"Herrenschuhe 49\" src=\"https:\/\/m.media-amazon.com\/images\/S\/aplus-media-library-service-media\/5e7d8c14-7ce9-4eba-99ab-09139da761c9.__CR0,0,970,600_PT0_SX970_V1___.jpg\"><\/p>\n<p>          <img decoding=\"async\" alt=\"Herrenschuhe 50\" src=\"https:\/\/images-na.ssl-images-amazon.com\/images\/G\/01\/x-locale\/common\/grey-pixel.gif\" class=\"a-spacing-base a-lazy-loaded\" data-src=\"https:\/\/m.media-amazon.com\/images\/S\/aplus-media-library-service-media\/46ab2175-c853-43c2-8190-53c855b06000.__CR0,0,970,600_PT0_SX970_V1___.jpg\"><\/p>\n<p>           <img decoding=\"async\" alt=\"Herrenschuhe 50\" src=\"https:\/\/m.media-amazon.com\/images\/S\/aplus-media-library-service-media\/46ab2175-c853-43c2-8190-53c855b06000.__CR0,0,970,600_PT0_SX970_V1___.jpg\"><\/p>\n<p>          <img decoding=\"async\" alt=\"Herrenschuhe Gr\u00f6\u00dfe 49\" src=\"https:\/\/images-na.ssl-images-amazon.com\/images\/G\/01\/x-locale\/common\/grey-pixel.gif\" class=\"a-spacing-base a-lazy-loaded\" data-src=\"https:\/\/m.media-amazon.com\/images\/S\/aplus-media-library-service-media\/a80758eb-edb3-46fb-9ff5-c63fa746e7e6.__CR0,0,970,600_PT0_SX970_V1___.jpg\"><\/p>\n<p>           <img decoding=\"async\" alt=\"Herrenschuhe Gr\u00f6\u00dfe 49\" src=\"https:\/\/m.media-amazon.com\/images\/S\/aplus-media-library-service-media\/a80758eb-edb3-46fb-9ff5-c63fa746e7e6.__CR0,0,970,600_PT0_SX970_V1___.jpg\"><\/p>\n<p>          <img decoding=\"async\" alt=\"Herrenschuhe Gr\u00f6\u00dfe 50\" src=\"https:\/\/images-na.ssl-images-amazon.com\/images\/G\/01\/x-locale\/common\/grey-pixel.gif\" class=\"a-spacing-base a-lazy-loaded\" data-src=\"https:\/\/m.media-amazon.com\/images\/S\/aplus-media-library-service-media\/b5a5dee0-99ce-465e-b851-8b012ea808b7.__CR0,0,970,600_PT0_SX970_V1___.jpg\"><\/p>\n<p>           <img decoding=\"async\" alt=\"Herrenschuhe Gr\u00f6\u00dfe 50\" src=\"https:\/\/m.media-amazon.com\/images\/S\/aplus-media-library-service-media\/b5a5dee0-99ce-465e-b851-8b012ea808b7.__CR0,0,970,600_PT0_SX970_V1___.jpg\"><\/p>\n<p>[ad_2]<\/p>\n","protected":false},"excerpt":{"rendered":"<p>Price: [price_with_discount](as of [price_update_date] &#8211; Details) [ad_1] Produktinformation Herren Trailschuhe Gr\u00f6\u00dfe 49 50 Laufschuhe Stra\u00dfenlaufschuhe Atmungsaktiv Walkingschuhe [ad_2]<\/p>\n","protected":false},"featured_media":6688,"comment_status":"open","ping_status":"closed","template":"","meta":[],"product_cat":[234],"product_tag":[235],"class_list":{"0":"post-6687","1":"product","2":"type-product","3":"status-publish","4":"has-post-thumbnail","6":"product_cat-shoes","7":"product_tag-mens-road-running-shoes","9":"first","10":"instock","11":"shipping-taxable","12":"product-type-external"},"aioseo_notices":[],"_links":{"self":[{"href":"https:\/\/topgetestet.de\/index.php?rest_route=\/wp\/v2\/product\/6687","targetHints":{"allow":["GET"]}}],"collection":[{"href":"https:\/\/topgetestet.de\/index.php?rest_route=\/wp\/v2\/product"}],"about":[{"href":"https:\/\/topgetestet.de\/index.php?rest_route=\/wp\/v2\/types\/product"}],"replies":[{"embeddable":true,"href":"https:\/\/topgetestet.de\/index.php?rest_route=%2Fwp%2Fv2%2Fcomments&post=6687"}],"wp:featuredmedia":[{"embeddable":true,"href":"https:\/\/topgetestet.de\/index.php?rest_route=\/wp\/v2\/media\/6688"}],"wp:attachment":[{"href":"https:\/\/topgetestet.de\/index.php?rest_route=%2Fwp%2Fv2%2Fmedia&parent=6687"}],"wp:term":[{"taxonomy":"product_cat","embeddable":true,"href":"https:\/\/topgetestet.de\/index.php?rest_route=%2Fwp%2Fv2%2Fproduct_cat&post=6687"},{"taxonomy":"product_tag","embeddable":true,"href":"https:\/\/topgetestet.de\/index.php?rest_route=%2Fwp%2Fv2%2Fproduct_tag&post=6687"}],"curies":[{"name":"wp","href":"https:\/\/api.w.org\/{rel}","templated":true}]}}