{"id":66774,"date":"2022-10-15T02:12:23","date_gmt":"2022-10-15T02:12:23","guid":{"rendered":"https:\/\/topgetestet.de\/?product=marvels-avengers-inkl-kostenloses-upgrade-auf-ps5-ps4"},"modified":"2022-10-15T02:12:23","modified_gmt":"2022-10-15T02:12:23","slug":"marvels-avengers-inkl-kostenloses-upgrade-auf-ps5-ps4","status":"publish","type":"product","link":"https:\/\/topgetestet.de\/?product=marvels-avengers-inkl-kostenloses-upgrade-auf-ps5-ps4","title":{"rendered":"Marvel&#8217;s Avengers (inkl. kostenloses Upgrade auf PS5) (PS4)"},"content":{"rendered":"<p>Price: <span style=\"color:#b12704\">[price_with_discount]<\/span><br \/><i><small>(as of [price_update_date] &#8211; <span class=\"wp_automatic_amazon_disclaimer\" title=\"Product prices and availability are accurate as of the date\/time indicated and are subject to change. Any price and availability information displayed on [relevant Amazon Site(s), as applicable] at the time of purchase will apply to the purchase of this product.\">Details<\/span>)<\/small><\/i><\/p>\n<p><a href=\"https:\/\/amazon.de\/dp\/B07SYSKPJP?tag=topgetestet09-21\"><img decoding=\"async\" src=\"https:\/\/i.imgur.com\/ISRHEWs.png\"><\/a><br \/>\n[ad_1]<br \/>\n <span>Stelle dein Team aus den m\u00e4chtigsten Helden der Erde zusammen, sp\u00fcre deine Kr\u00e4fte und lebe deine Superheldentr\u00e4ume.<br \/>Marvel&#8217;s Avengers ist ein episches Third-Person-Action-Adventure, das eine einzigartige, kinoreife Story mit Einzelspieler- und Koop-Gameplay kombiniert. Stelle online ein Team aus bis zu vier Spielern zusammen, meistere au\u00dfergew\u00f6hnliche F\u00e4higkeiten, passe eine immer gr\u00f6\u00dfer werdende Auswahl von Helden an, und verteidige die Erde gegen eskalierende Bedrohungen.<br \/>Marvel&#8217;s Avengers beginnt am A-Day, als Captain America, Iron Man, Hulk, Black Widow und Thor ein High-Tech-Hauptquartier der Avengers in San Francisco er\u00f6ffnen. Die Feier endet t\u00f6dlich, als ein mysteri\u00f6ser Feind einen katastrophalen Unfall provoziert, der zu gewaltiger Zerst\u00f6rung f\u00fchrt. Als die Avengers f\u00fcr die Trag\u00f6die verantwortlich gemacht werden, l\u00f6sen sie sich auf. F\u00fcnf Jahre sp\u00e4ter alle Superhelden gelten als Gesetzlose und die Welt ist in Gefahr &#8211; beginnt ein atemberaubendes Abenteuer, als eine entschlossene junge Frau namens Kamala Khan aufbricht, um die Avengers wieder zusammenzubringen und die unkontrollierte Macht einer neuen Geheimorganisation namens AIM zu brechen. <br \/>Marvel&#8217;s Avengers setzt die epische Reise mit neuen Helden und Erz\u00e4hlstr\u00e4ngen kontinuierlich fort, um das ultimative Avengers-Spielerlebnis zu schaffen.<\/p>\n<p>Features:<br \/>Spiele eine eigenst\u00e4ndige Avengers-Story &#8211; Marvel&#8217;s Avengers bietet eine einzigartige Version der ber\u00fchmten Superhelden, einschlie\u00dflich Captain America, Iron Man, Hulk, Black Widow und Thor. Die Charakter-basierte Story ist voller heldenhaftem Mut und Menschlichkeit, wie von Marvel bekannt, und wird integriert in eine kinoreife Kampagne mit unz\u00e4hligen Einzelspieler- und Koop-Missionen.<br \/>Sp\u00fcre deine Kr\u00e4fte &#8211; Schalte m\u00e4chtige F\u00e4higkeiten und neue Ausr\u00fcstung frei, und erstelle damit deine bevorzugte Version der m\u00e4chtigsten Helden der Erde. In Kombination mit originalen, bei Fans beliebten und klassischen Outfits ergeben sich nahezu grenzenlose M\u00f6glichkeiten, diese ber\u00fchmten Helden anzupassen.<br \/>Spiele im Team online &#8211; Bis zu vier Spieler k\u00f6nnen sich online zusammenschlie\u00dfen, um die Erde gegen eskalierende Bedrohungen zu verteidigen.<br \/>Eine sich st\u00e4ndig erweiternde Story-Kampagne &#8211; Die Story wird sich \u00fcber mehrere Jahre hinweg entfalten, ohne zufallsbedingte Lootboxen oder Pay-to-Win. Besitzer des Hauptspiels erhalten jeden neuen Superhelden und jede neue Region ohne zus\u00e4tzliche Kosten.<\/p>\n<p>Marvel&#8217;s Avengers erscheint am 4. September 2020 f\u00fcr PlayStation 4. Au\u00dferdem erhalten Besitzer der PlayStation 5 ohne weitere Kosten ein Upgrade auf die PS5-Version des Spiels. Spieler k\u00f6nnen zudem generationen\u00fcbergreifend mit PlayStation 4 und PlayStation 5 spielen. <\/p>\n<p>* Spezifische Funktionen und Details werden zu einem sp\u00e4teren Zeitpunkt bekannt gegeben<\/span> <br \/> Alterseinstufung \u200f : \u200e  USK ab 12 freigegeben <br \/> Sprache \u200f : \u200e  Englisch, Franz\u00f6sisch, Deutsch, Italienisch, Spanisch <br \/> Handbuch \u200f : \u200e  Deutsch <br \/> Produktabmessungen \u200f : \u200e  17.2 x 13.4 x 1.3 cm; 80 Gramm <br \/> Erscheinungstermin \u200f : \u200e  4. September 2020 <br \/> Untertitel: \u200f : \u200e  Englisch, Franz\u00f6sisch, Deutsch, Italienisch, Spanisch <br \/> ASIN \u200f : \u200e  B07SYSKPJP <br \/> Modellnummer \u200f : \u200e  1036045 <br \/> Herkunftsland \u200f : \u200e  Deutschland <\/p>\n<p>Schalte m\u00e4chtige F\u00e4higkeiten und neue Ausr\u00fcstung frei, und erstelle damit deine bevorzugte Version der m\u00e4chtigsten Helden der Erde<br \/>Bis zu vier Spieler k\u00f6nnen sich online zusammenschlie\u00dfen, um die Erde gegen eskalierende Bedrohungen zu verteidigen<br \/>Die Story wird sich \u00fcber mehrere Jahre hinweg entfalten, ohne zufallsbedingte Lootboxen oder Pay-to-Win<br \/>\n<br \/>[ad_2]<\/p>\n","protected":false},"excerpt":{"rendered":"<p>Price: [price_with_discount](as of [price_update_date] &#8211; Details) [ad_1] Stelle dein Team aus den m\u00e4chtigsten Helden der Erde zusammen, sp\u00fcre deine Kr\u00e4fte und lebe deine Superheldentr\u00e4ume.Marvel&#8217;s Avengers ist ein episches Third-Person-Action-Adventure, das<\/p>\n","protected":false},"featured_media":66775,"comment_status":"open","ping_status":"closed","template":"","meta":[],"product_cat":[227],"product_tag":[261],"class_list":{"0":"post-66774","1":"product","2":"type-product","3":"status-publish","4":"has-post-thumbnail","6":"product_cat-gaming","7":"product_tag-playstation-legacy-games","9":"first","10":"instock","11":"sale","12":"shipping-taxable","13":"product-type-external"},"aioseo_notices":[],"_links":{"self":[{"href":"https:\/\/topgetestet.de\/index.php?rest_route=\/wp\/v2\/product\/66774","targetHints":{"allow":["GET"]}}],"collection":[{"href":"https:\/\/topgetestet.de\/index.php?rest_route=\/wp\/v2\/product"}],"about":[{"href":"https:\/\/topgetestet.de\/index.php?rest_route=\/wp\/v2\/types\/product"}],"replies":[{"embeddable":true,"href":"https:\/\/topgetestet.de\/index.php?rest_route=%2Fwp%2Fv2%2Fcomments&post=66774"}],"wp:featuredmedia":[{"embeddable":true,"href":"https:\/\/topgetestet.de\/index.php?rest_route=\/wp\/v2\/media\/66775"}],"wp:attachment":[{"href":"https:\/\/topgetestet.de\/index.php?rest_route=%2Fwp%2Fv2%2Fmedia&parent=66774"}],"wp:term":[{"taxonomy":"product_cat","embeddable":true,"href":"https:\/\/topgetestet.de\/index.php?rest_route=%2Fwp%2Fv2%2Fproduct_cat&post=66774"},{"taxonomy":"product_tag","embeddable":true,"href":"https:\/\/topgetestet.de\/index.php?rest_route=%2Fwp%2Fv2%2Fproduct_tag&post=66774"}],"curies":[{"name":"wp","href":"https:\/\/api.w.org\/{rel}","templated":true}]}}