{"id":66740,"date":"2022-10-15T02:03:06","date_gmt":"2022-10-15T02:03:06","guid":{"rendered":"https:\/\/topgetestet.de\/?product=eulenspiegel-181003-profi-aqua-schminke-weis-20-ml-vegan"},"modified":"2022-10-15T02:03:06","modified_gmt":"2022-10-15T02:03:06","slug":"eulenspiegel-181003-profi-aqua-schminke-weis-20-ml-vegan","status":"publish","type":"product","link":"https:\/\/topgetestet.de\/?product=eulenspiegel-181003-profi-aqua-schminke-weis-20-ml-vegan","title":{"rendered":"Eulenspiegel 181003 &#8211; Profi-Aqua Schminke, Wei\u00df, 20 ml, vegan"},"content":{"rendered":"<p>Price: <span style=\"color:#b12704\">[price_with_discount]<\/span><br \/><i><small>(as of [price_update_date] &#8211; <span class=\"wp_automatic_amazon_disclaimer\" title=\"Product prices and availability are accurate as of the date\/time indicated and are subject to change. Any price and availability information displayed on [relevant Amazon Site(s), as applicable] at the time of purchase will apply to the purchase of this product.\">Details<\/span>)<\/small><\/i><\/p>\n<p><a href=\"https:\/\/amazon.de\/dp\/B000URHL6Y?tag=topgetestet09-21\"><img decoding=\"async\" src=\"https:\/\/i.imgur.com\/ISRHEWs.png\"><\/a><br \/>\n[ad_1]<br \/>\n <span>&#8220;Nur das Beste f\u00fcr die Haut&#8221; &#8211; Qualit\u00e4t aus Tradition. Diese tolle Einzelfarbe mit 35 g \/ 20 ml Inhalt im Farbton Wei\u00df auf Wasserbasis sieht nicht nur fantastisch aus im Gesicht, sie h\u00e4lt auch wirklich toll und man kann die sch\u00f6nsten Masken damit zaubern. Diese kr\u00e4ftige Einzelfarbe reicht f\u00fcr ca. 50 Gesichter oder eineinhalb K\u00f6rper. Vorbei sind die Zeiten, in denen man stundenlang rubbeln und waschen musste, um die Schminke wieder aus dem Gesicht zu entfernen. Die Schminke ist im Gegensatz zu Schminkfarben auf Fettbasis sehr viel schonender f\u00fcr die Haut. Eulenspiegel Profischminkfarben enthalten keine Parf\u00fcmstoffe, sind glutenfrei und werden ohne den Zusatz gesundheitlich bedenklicher UV Filter hergestellt. Dadurch mindern sie das Risiko von Allergien im heutigen Alltag ganz erheblich. Die lebendigen, kr\u00e4ftigen Eulenspiegel Profischminkfarben werden entsprechend der Kosmetikverordnung hergestellt. Selbstverst\u00e4ndlich entsprechen sie auch der Richtlinie 2009 \/ 48 \/ EG \u00fcber die Sicherheit von Spielzeug. Um dies zu gew\u00e4hrleisten, lassen wir Eulenspiegel Profischminkfarben von f\u00fchrenden Pr\u00fcfinstituten testen, bevor wir sie dem Handel anbieten. Au\u00dferdem werden sie st\u00e4ndig aktualisiert, da z. B. neu hinzukommende Farbnuancen auf gleichen Basisstoffen zum Updaten der gesamten Produktpalette f\u00fchren. Unsere Farben sind nicht an Tieren getestet und werden dermatologisch auf Hautvertr\u00e4glichkeit gepr\u00fcft.<\/span> <br \/>Die Dose mit 20 ml reicht f\u00fcr ca. 50 Gesichter oder eineinhalb K\u00f6rper<br \/>Wischfest und schnell trocknend<br \/>Einfach mit Wasser und Seife zu entfernen<br \/>Vegan, glutenfrei und ohne Nuss\u00f6le<br \/>Weitere Schminkfarben, -Sets und Zubeh\u00f6r finden Sie in unserem Marken Shop. Klicken Sie dazu auf den Markennamen Eulenspiegel unterhalb des Produkttitels<br \/>\n<br \/>[ad_2]<\/p>\n","protected":false},"excerpt":{"rendered":"<p>Price: [price_with_discount](as of [price_update_date] &#8211; Details) [ad_1] &#8220;Nur das Beste f\u00fcr die Haut&#8221; &#8211; Qualit\u00e4t aus Tradition. Diese tolle Einzelfarbe mit 35 g \/ 20 ml Inhalt im Farbton Wei\u00df<\/p>\n","protected":false},"featured_media":66741,"comment_status":"open","ping_status":"closed","template":"","meta":[],"product_cat":[228],"product_tag":[238],"class_list":{"0":"post-66740","1":"product","2":"type-product","3":"status-publish","4":"has-post-thumbnail","6":"product_cat-beauty","7":"product_tag-face-makeup","9":"first","10":"instock","11":"shipping-taxable","12":"product-type-external"},"aioseo_notices":[],"_links":{"self":[{"href":"https:\/\/topgetestet.de\/index.php?rest_route=\/wp\/v2\/product\/66740","targetHints":{"allow":["GET"]}}],"collection":[{"href":"https:\/\/topgetestet.de\/index.php?rest_route=\/wp\/v2\/product"}],"about":[{"href":"https:\/\/topgetestet.de\/index.php?rest_route=\/wp\/v2\/types\/product"}],"replies":[{"embeddable":true,"href":"https:\/\/topgetestet.de\/index.php?rest_route=%2Fwp%2Fv2%2Fcomments&post=66740"}],"wp:featuredmedia":[{"embeddable":true,"href":"https:\/\/topgetestet.de\/index.php?rest_route=\/wp\/v2\/media\/66741"}],"wp:attachment":[{"href":"https:\/\/topgetestet.de\/index.php?rest_route=%2Fwp%2Fv2%2Fmedia&parent=66740"}],"wp:term":[{"taxonomy":"product_cat","embeddable":true,"href":"https:\/\/topgetestet.de\/index.php?rest_route=%2Fwp%2Fv2%2Fproduct_cat&post=66740"},{"taxonomy":"product_tag","embeddable":true,"href":"https:\/\/topgetestet.de\/index.php?rest_route=%2Fwp%2Fv2%2Fproduct_tag&post=66740"}],"curies":[{"name":"wp","href":"https:\/\/api.w.org\/{rel}","templated":true}]}}