{"id":66723,"date":"2022-10-15T01:57:46","date_gmt":"2022-10-15T01:57:46","guid":{"rendered":"https:\/\/topgetestet.de\/?product=apple-iphone-7-32gb-silber-entriegelte-generaluberholt"},"modified":"2022-10-15T01:57:46","modified_gmt":"2022-10-15T01:57:46","slug":"apple-iphone-7-32gb-silber-entriegelte-generaluberholt","status":"publish","type":"product","link":"https:\/\/topgetestet.de\/?product=apple-iphone-7-32gb-silber-entriegelte-generaluberholt","title":{"rendered":"Apple iPhone 7 32GB &#8211; Silber &#8211; Entriegelte (General\u00fcberholt)"},"content":{"rendered":"<p>Price: <span style=\"color:#b12704\">[price_with_discount]<\/span><br \/><i><small>(as of [price_update_date] &#8211; <span class=\"wp_automatic_amazon_disclaimer\" title=\"Product prices and availability are accurate as of the date\/time indicated and are subject to change. Any price and availability information displayed on [relevant Amazon Site(s), as applicable] at the time of purchase will apply to the purchase of this product.\">Details<\/span>)<\/small><\/i><\/p>\n<p><a href=\"https:\/\/amazon.de\/dp\/B01NA6O3IY?tag=topgetestet09-21\"><img decoding=\"async\" src=\"https:\/\/i.imgur.com\/ISRHEWs.png\"><\/a><br \/>\n[ad_1]<br \/>\n <span>Dieses gebrauchte oder general\u00fcberholte Produkt wurde professionell inspiziert und getestet, damit es funktioniert und aussieht wie neu. So wird ein Produkt Teil von Amazon Renewed, Ihrer Anlaufstelle f\u00fcr gebrauchte, general\u00fcberholte Produkte: Ein Kunde kauft ein neues Produkt und gibt es zur\u00fcck oder tauscht es gegen ein neueres oder anderes Modell ein. Dieses Produkt wird von Amazon-qualifizierten Lieferanten gepr\u00fcft und getestet, damit es funktioniert und aussieht wie neu. Anschlie\u00dfend wird das Produkt als Amazon Renewed-Produkt auf Amazon verkauft. Wenn Sie mit dem Produkt nicht zufrieden sind, k\u00f6nnen Sie es im Rahmen der Amazon Renewed-Garantie umtauschen oder zur\u00fcckerhalten.<\/span> <br \/> Batterien \u200f : \u200e  1 Lithium-Polymer Batterien erforderlich. <br \/> Auslaufartikel (Produktion durch Hersteller eingestellt) \u200f : \u200e  Nein <br \/> Produktabmessungen \u200f : \u200e  6.71 x 0.71 x 13.82 cm; 138 Gramm <br \/> Im Angebot von Amazon.de seit \u200f : \u200e  8. Juni 2018 <br \/> Hersteller \u200f : \u200e  Apple Computer <br \/> ASIN \u200f : \u200e  B01NA6O3IY <br \/> Modellnummer \u200f : \u200e  7_PARENT <\/p>\n<p>Artikel &#8211; Paketabmessung &#8211; 6,1023621985L x 3,7007873978B x 2,5196850368H Zoll<br \/>Paketgewicht des Artikels &#8211; 0,5291094288 Pfund<br \/>Paketmenge Artikel &#8211; 1<br \/>Produkttyp \u2014 MOBILTELEFON<br \/>\n<br \/>[ad_2]<\/p>\n","protected":false},"excerpt":{"rendered":"<p>Price: [price_with_discount](as of [price_update_date] &#8211; Details) [ad_1] Dieses gebrauchte oder general\u00fcberholte Produkt wurde professionell inspiziert und getestet, damit es funktioniert und aussieht wie neu. So wird ein Produkt Teil von<\/p>\n","protected":false},"featured_media":66724,"comment_status":"open","ping_status":"closed","template":"","meta":[],"product_cat":[225],"product_tag":[],"class_list":{"0":"post-66723","1":"product","2":"type-product","3":"status-publish","4":"has-post-thumbnail","6":"product_cat-electronics","8":"first","9":"instock","10":"sale","11":"shipping-taxable","12":"product-type-external"},"aioseo_notices":[],"_links":{"self":[{"href":"https:\/\/topgetestet.de\/index.php?rest_route=\/wp\/v2\/product\/66723","targetHints":{"allow":["GET"]}}],"collection":[{"href":"https:\/\/topgetestet.de\/index.php?rest_route=\/wp\/v2\/product"}],"about":[{"href":"https:\/\/topgetestet.de\/index.php?rest_route=\/wp\/v2\/types\/product"}],"replies":[{"embeddable":true,"href":"https:\/\/topgetestet.de\/index.php?rest_route=%2Fwp%2Fv2%2Fcomments&post=66723"}],"wp:featuredmedia":[{"embeddable":true,"href":"https:\/\/topgetestet.de\/index.php?rest_route=\/wp\/v2\/media\/66724"}],"wp:attachment":[{"href":"https:\/\/topgetestet.de\/index.php?rest_route=%2Fwp%2Fv2%2Fmedia&parent=66723"}],"wp:term":[{"taxonomy":"product_cat","embeddable":true,"href":"https:\/\/topgetestet.de\/index.php?rest_route=%2Fwp%2Fv2%2Fproduct_cat&post=66723"},{"taxonomy":"product_tag","embeddable":true,"href":"https:\/\/topgetestet.de\/index.php?rest_route=%2Fwp%2Fv2%2Fproduct_tag&post=66723"}],"curies":[{"name":"wp","href":"https:\/\/api.w.org\/{rel}","templated":true}]}}