{"id":66546,"date":"2022-10-15T00:50:27","date_gmt":"2022-10-15T00:50:27","guid":{"rendered":"https:\/\/topgetestet.de\/?post_type=product&#038;p=66546"},"modified":"2022-10-15T00:50:27","modified_gmt":"2022-10-15T00:50:27","slug":"riceq-outdoor-edition-bohnensack-22x15cm-400g","status":"publish","type":"product","link":"https:\/\/topgetestet.de\/?product=riceq-outdoor-edition-bohnensack-22x15cm-400g","title":{"rendered":"RiceQ Outdoor Edition Bohnensack 22x15cm 400g"},"content":{"rendered":"<p>Price: <span style=\"color:#b12704\">[price_with_discount]<\/span><br \/><i><small>(as of [price_update_date] &#8211; <span class=\"wp_automatic_amazon_disclaimer\" title=\"Product prices and availability are accurate as of the date\/time indicated and are subject to change. Any price and availability information displayed on [relevant Amazon Site(s), as applicable] at the time of purchase will apply to the purchase of this product.\">Details<\/span>)<\/small><\/i><\/p>\n<p><a href=\"https:\/\/amazon.de\/dp\/B003P8NNIU?tag=topgetestet09-21\"><img decoding=\"async\" src=\"https:\/\/i.imgur.com\/ISRHEWs.png\"><\/a><br \/>\n[ad_1]<br \/>\n <span><br \/><\/span><span class=\"a-text-bold\">Kleiner Outdoor-Bohnensack aus extrem robusten Materialien<\/span><span><br \/>Dieser hochwertige Bohnensack ist der ideale Stativersatz, besonders f\u00fcr den Outdoor-Bereich. Mit seiner Hilfe l\u00e4sst sich die Kamera auf nahezu jedem Untergrund (Mauern, Astgabeln etc.) stabil und sicher platzieren, um verwackelungsfreie Bilder zu machen,z.B. Aufnahmen mit schweren Teleobjektiven und Langzeitbelichtungen, die freih\u00e4ndig gar nicht m\u00f6glich w\u00e4ren.<br \/><\/span><span class=\"a-text-bold\">Leicht, handlich &amp; flexibel &#8211; f\u00fcr jeden Untergrund geeignet<\/span><span><br \/>Der Bohnensack ist sehr leicht und handlich. Das ist ein gro\u00dfer Vorteil gegen\u00fcber einem Stativ. Zusammengerollt passt er ohne weiteres in eine normale Fototasche. Durch die Kunststoffgranulat-F\u00fcllung ist der Bohnensack sehr flexibel. Er passt sich an jede Kamera und selbst unebenen Untergrund an. Die Kamera liegt weich auf und kann weder verrutschen, noch an der Unterseite zerkratzen. Der Bohnensack besitzt eine Klettverschluss\u00f6ffnung damit man das Granulat entnehmen oder austauschen kann. Zur Sicherheit ist das Granulat in einem Plastikbeutel verpackt.<br \/><\/span><span class=\"a-text-bold\">Unverw\u00fcstlicher Bohnensack f\u00fcr Wanderer Bergsteiger &amp; Camper<\/span><span><br \/>Dieser Bohnensack ist aus besonders abriebfesten und wasserabweisenden Materialien gefertigt. Die Oberseite besteht aus Nylon, die Unterseite aus 700er Nylon. Beide Seiten sind PU-beschichtet. Selbst spitze Steine, rauher Beton oder feuchte B\u00f6den k\u00f6nnen dem Bohnensack nicht viel anhaben. Trotzdem ist er sehr weich und anpassungsf\u00e4hig&#8230;.<\/span> <br \/> Verpackungsabmessungen \u200f : \u200e  19.4 x 14.6 x 3.6 cm; 421.84 Gramm <br \/> Im Angebot von Amazon.de seit \u200f : \u200e  19. Juli 2016 <br \/> Hersteller \u200f : \u200e  RiceQ <br \/> ASIN \u200f : \u200e  B003P8NNIU <br \/> Modellnummer \u200f : \u200e  10882214 <\/p>\n<p>Ma\u00dfe: 22x15cm<br \/>Gewicht: 400g<br \/>Oberseite: Nylon (PU-beschichtet)<br \/>Unterseite: 700er Nylon (PU-beschichtet)<br \/>F\u00fcllmaterial: Kunststoffgranulat<br \/>\n<br \/>[ad_2]<\/p>\n","protected":false},"excerpt":{"rendered":"<p>Price: [price_with_discount](as of [price_update_date] &#8211; Details) [ad_1] Kleiner Outdoor-Bohnensack aus extrem robusten MaterialienDieser hochwertige Bohnensack ist der ideale Stativersatz, besonders f\u00fcr den Outdoor-Bereich. Mit seiner Hilfe l\u00e4sst sich die Kamera<\/p>\n","protected":false},"featured_media":66547,"comment_status":"open","ping_status":"closed","template":"","meta":[],"product_cat":[226],"product_tag":[245],"class_list":{"0":"post-66546","1":"product","2":"type-product","3":"status-publish","4":"has-post-thumbnail","6":"product_cat-cameras","7":"product_tag-dslr-cameras","9":"first","10":"instock","11":"shipping-taxable","12":"product-type-external"},"aioseo_notices":[],"_links":{"self":[{"href":"https:\/\/topgetestet.de\/index.php?rest_route=\/wp\/v2\/product\/66546","targetHints":{"allow":["GET"]}}],"collection":[{"href":"https:\/\/topgetestet.de\/index.php?rest_route=\/wp\/v2\/product"}],"about":[{"href":"https:\/\/topgetestet.de\/index.php?rest_route=\/wp\/v2\/types\/product"}],"replies":[{"embeddable":true,"href":"https:\/\/topgetestet.de\/index.php?rest_route=%2Fwp%2Fv2%2Fcomments&post=66546"}],"wp:featuredmedia":[{"embeddable":true,"href":"https:\/\/topgetestet.de\/index.php?rest_route=\/wp\/v2\/media\/66547"}],"wp:attachment":[{"href":"https:\/\/topgetestet.de\/index.php?rest_route=%2Fwp%2Fv2%2Fmedia&parent=66546"}],"wp:term":[{"taxonomy":"product_cat","embeddable":true,"href":"https:\/\/topgetestet.de\/index.php?rest_route=%2Fwp%2Fv2%2Fproduct_cat&post=66546"},{"taxonomy":"product_tag","embeddable":true,"href":"https:\/\/topgetestet.de\/index.php?rest_route=%2Fwp%2Fv2%2Fproduct_tag&post=66546"}],"curies":[{"name":"wp","href":"https:\/\/api.w.org\/{rel}","templated":true}]}}