{"id":66510,"date":"2022-10-15T00:41:16","date_gmt":"2022-10-15T00:41:16","guid":{"rendered":"https:\/\/topgetestet.de\/?product=vaude-womens-posta-softshell-jacket-softshelljacke-damen-warme-radjacke"},"modified":"2022-10-15T00:41:16","modified_gmt":"2022-10-15T00:41:16","slug":"vaude-womens-posta-softshell-jacket-softshelljacke-damen-warme-radjacke","status":"publish","type":"product","link":"https:\/\/topgetestet.de\/?product=vaude-womens-posta-softshell-jacket-softshelljacke-damen-warme-radjacke","title":{"rendered":"VAUDE Women&#8217;s Posta Softshell Jacket &#8211; Softshelljacke Damen &#8211; warme Radjacke"},"content":{"rendered":"<p>Price: <span style=\"color:#b12704\">[price_with_discount]<\/span><br \/><i><small>(as of [price_update_date] &#8211; <span class=\"wp_automatic_amazon_disclaimer\" title=\"Product prices and availability are accurate as of the date\/time indicated and are subject to change. Any price and availability information displayed on [relevant Amazon Site(s), as applicable] at the time of purchase will apply to the purchase of this product.\">Details<\/span>)<\/small><\/i><\/p>\n<p><a href=\"https:\/\/amazon.de\/dp\/B091B6RD9D?tag=topgetestet09-21\"><img decoding=\"async\" src=\"https:\/\/i.imgur.com\/ISRHEWs.png\"><\/a><br \/>\n[ad_1]<br \/>\n <span>Der mehrfach preisgekr\u00f6nte Bestseller nun auch endlich f\u00fcr Frauen! Die 3-Lagen Softshelljacke bietet besten Wetterschutz an kalten Tagen und ist f\u00fcr Fahrerinnen konzipiert, die auch bei widrigen Wetterbedingungen einige Stunden trainieren m\u00f6chten oder eine l\u00e4ngere Strecke zur Arbeit oder Uni pendeln. Der Schnitt der elastischen Softshell ist k\u00f6rpernah, jedoch nicht zu eng. Das winddichte Au\u00dfenmaterial wie auch das Innenfleece bestehen zu 100 % aus recyceltem Polyester. Nahtfeine, lange Unterarmrei\u00dfverschl\u00fcsse gew\u00e4hrleisten eine gute Atmungsaktivit\u00e4t und Luftzirkulation. Vorgeformte \u00c4rmel mit einem sch\u00f6n geschnittenen, enganliegenden Armabschluss, der innen mit weichem Fleece ausgeschlagene Kragen mit Kinnschutz sowie der silikonisierte Saum im R\u00fccken sorgen f\u00fcr perfekten Sitz. Zur weiteren Ausstattung geh\u00f6ren eine obere Fronttasche mit Rei\u00dfverschluss und 2 Rei\u00dfverschlusstaschen auf dem R\u00fccken. Die Posta Softshell Jacket l\u00e4sst sich hervorragend mit den Posta Warm Tights kombinieren und ist nach dem h\u00f6chsten Umweltstandard bluesign-zertifiziert. Das VAUDE Green Shape-Label steht f\u00fcr ein umweltfreundliches, funktionelles Produkt aus nachhaltigen Materialien.<\/span> <br \/> Verpackungsabmessungen \u200f : \u200e  39.2 x 22.2 x 7.7 cm; 440 Gramm <br \/> Im Angebot von Amazon.de seit \u200f : \u200e  29. M\u00e4rz 2021 <br \/> Hersteller \u200f : \u200e  Vaude <br \/> ASIN \u200f : \u200e  B091B4SJJR <br \/> Modellnummer \u200f : \u200e  42462 <br \/> Kategorie \u200f : \u200e  Damen <\/p>\n<p>[ad_2]<\/p>\n","protected":false},"excerpt":{"rendered":"<p>Price: [price_with_discount](as of [price_update_date] &#8211; Details) [ad_1] Der mehrfach preisgekr\u00f6nte Bestseller nun auch endlich f\u00fcr Frauen! Die 3-Lagen Softshelljacke bietet besten Wetterschutz an kalten Tagen und ist f\u00fcr Fahrerinnen konzipiert,<\/p>\n","protected":false},"featured_media":66511,"comment_status":"open","ping_status":"closed","template":"","meta":[],"product_cat":[232],"product_tag":[],"class_list":{"0":"post-66510","1":"product","2":"type-product","3":"status-publish","4":"has-post-thumbnail","6":"product_cat-women-fashion","8":"first","9":"instock","10":"shipping-taxable","11":"product-type-external"},"aioseo_notices":[],"_links":{"self":[{"href":"https:\/\/topgetestet.de\/index.php?rest_route=\/wp\/v2\/product\/66510","targetHints":{"allow":["GET"]}}],"collection":[{"href":"https:\/\/topgetestet.de\/index.php?rest_route=\/wp\/v2\/product"}],"about":[{"href":"https:\/\/topgetestet.de\/index.php?rest_route=\/wp\/v2\/types\/product"}],"replies":[{"embeddable":true,"href":"https:\/\/topgetestet.de\/index.php?rest_route=%2Fwp%2Fv2%2Fcomments&post=66510"}],"wp:featuredmedia":[{"embeddable":true,"href":"https:\/\/topgetestet.de\/index.php?rest_route=\/wp\/v2\/media\/66511"}],"wp:attachment":[{"href":"https:\/\/topgetestet.de\/index.php?rest_route=%2Fwp%2Fv2%2Fmedia&parent=66510"}],"wp:term":[{"taxonomy":"product_cat","embeddable":true,"href":"https:\/\/topgetestet.de\/index.php?rest_route=%2Fwp%2Fv2%2Fproduct_cat&post=66510"},{"taxonomy":"product_tag","embeddable":true,"href":"https:\/\/topgetestet.de\/index.php?rest_route=%2Fwp%2Fv2%2Fproduct_tag&post=66510"}],"curies":[{"name":"wp","href":"https:\/\/api.w.org\/{rel}","templated":true}]}}