{"id":66302,"date":"2022-10-14T23:41:24","date_gmt":"2022-10-14T23:41:24","guid":{"rendered":"https:\/\/topgetestet.de\/?product=nike-damen-womens-explore-strada-turnschuh"},"modified":"2022-10-14T23:41:24","modified_gmt":"2022-10-14T23:41:24","slug":"nike-damen-womens-explore-strada-turnschuh","status":"publish","type":"product","link":"https:\/\/topgetestet.de\/?product=nike-damen-womens-explore-strada-turnschuh","title":{"rendered":"Nike Damen Women&#8217;s Explore Strada Turnschuh"},"content":{"rendered":"<p>Price: <span style=\"color:#b12704\">[price_with_discount]<\/span><br \/><i><small>(as of [price_update_date] &#8211; <span class=\"wp_automatic_amazon_disclaimer\" title=\"Product prices and availability are accurate as of the date\/time indicated and are subject to change. Any price and availability information displayed on [relevant Amazon Site(s), as applicable] at the time of purchase will apply to the purchase of this product.\">Details<\/span>)<\/small><\/i><\/p>\n<p><a href=\"https:\/\/amazon.de\/dp\/B07RFNKYXT?tag=topgetestet09-21\"><img decoding=\"async\" src=\"https:\/\/i.imgur.com\/ISRHEWs.png\"><\/a><br \/>\n[ad_1]<br \/>\n <span>Das Nike Explore Strada verf\u00fcgt \u00fcber ein zweifarbiges gewebtes Obermaterial, das neutral genug f\u00fcr den Alltag ist, aber dynamisch genug, um die Dinge interessant zu halten. Mit innovativer Schaumstoffpolsterung, leicht und bequem auch f\u00fcr die l\u00e4ngsten Tage.<\/span> <br \/> Auslaufartikel (Produktion durch Hersteller eingestellt) \u200f : \u200e  Nein <br \/> Produktabmessungen \u200f : \u200e  22.4 x 7 x 8 cm; 500 Gramm <br \/> Im Angebot von Amazon.de seit \u200f : \u200e  30. Juli 2019 <br \/> Hersteller \u200f : \u200e  Nike <br \/> ASIN \u200f : \u200e  B07TVXC383 <br \/> Modellnummer \u200f : \u200e  CD7091-003 <br \/> Kategorie \u200f : \u200e  Damen <\/p>\n<p>[ad_2]<\/p>\n","protected":false},"excerpt":{"rendered":"<p>Price: [price_with_discount](as of [price_update_date] &#8211; Details) [ad_1] Das Nike Explore Strada verf\u00fcgt \u00fcber ein zweifarbiges gewebtes Obermaterial, das neutral genug f\u00fcr den Alltag ist, aber dynamisch genug, um die Dinge<\/p>\n","protected":false},"featured_media":66303,"comment_status":"open","ping_status":"closed","template":"","meta":[],"product_cat":[230],"product_tag":[266],"class_list":{"0":"post-66302","1":"product","2":"type-product","3":"status-publish","4":"has-post-thumbnail","6":"product_cat-fashion","7":"product_tag-womens-fashion-sneakers","9":"first","10":"instock","11":"shipping-taxable","12":"product-type-external"},"aioseo_notices":[],"_links":{"self":[{"href":"https:\/\/topgetestet.de\/index.php?rest_route=\/wp\/v2\/product\/66302","targetHints":{"allow":["GET"]}}],"collection":[{"href":"https:\/\/topgetestet.de\/index.php?rest_route=\/wp\/v2\/product"}],"about":[{"href":"https:\/\/topgetestet.de\/index.php?rest_route=\/wp\/v2\/types\/product"}],"replies":[{"embeddable":true,"href":"https:\/\/topgetestet.de\/index.php?rest_route=%2Fwp%2Fv2%2Fcomments&post=66302"}],"wp:featuredmedia":[{"embeddable":true,"href":"https:\/\/topgetestet.de\/index.php?rest_route=\/wp\/v2\/media\/66303"}],"wp:attachment":[{"href":"https:\/\/topgetestet.de\/index.php?rest_route=%2Fwp%2Fv2%2Fmedia&parent=66302"}],"wp:term":[{"taxonomy":"product_cat","embeddable":true,"href":"https:\/\/topgetestet.de\/index.php?rest_route=%2Fwp%2Fv2%2Fproduct_cat&post=66302"},{"taxonomy":"product_tag","embeddable":true,"href":"https:\/\/topgetestet.de\/index.php?rest_route=%2Fwp%2Fv2%2Fproduct_tag&post=66302"}],"curies":[{"name":"wp","href":"https:\/\/api.w.org\/{rel}","templated":true}]}}