{"id":66225,"date":"2022-10-14T23:24:10","date_gmt":"2022-10-14T23:24:10","guid":{"rendered":"https:\/\/topgetestet.de\/?product=new-balance-damen-520v7-strasen-laufschuh-2"},"modified":"2022-10-14T23:24:10","modified_gmt":"2022-10-14T23:24:10","slug":"new-balance-damen-520v7-strasen-laufschuh-2","status":"publish","type":"product","link":"https:\/\/topgetestet.de\/?product=new-balance-damen-520v7-strasen-laufschuh-2","title":{"rendered":"New Balance Damen 520v7 Stra\u00dfen-Laufschuh"},"content":{"rendered":"<p>Price: <span style=\"color:#b12704\">[price_with_discount]<\/span><br \/><i><small>(as of [price_update_date] &#8211; <span class=\"wp_automatic_amazon_disclaimer\" title=\"Product prices and availability are accurate as of the date\/time indicated and are subject to change. Any price and availability information displayed on [relevant Amazon Site(s), as applicable] at the time of purchase will apply to the purchase of this product.\">Details<\/span>)<\/small><\/i><\/p>\n<p><a href=\"https:\/\/amazon.de\/dp\/B0882B6S3Q?tag=topgetestet09-21\"><img decoding=\"async\" src=\"https:\/\/i.imgur.com\/ISRHEWs.png\"><\/a><br \/>\n[ad_1]<br \/>\n <span>Der New Balance 520v7 vereint Komfort und Leistungsdesign, das f\u00fcr alles bereit ist. Mit Komfort und Unterst\u00fctzung als Priorit\u00e4t verf\u00fcgt der Damen-Laufschuh \u00fcber eine weiche Zwischensohle f\u00fcr zus\u00e4tzliche D\u00e4mpfung, eine geformte Ferse f\u00fcr zus\u00e4tzlichen Halt und eine Gummi-Au\u00dfensohle f\u00fcr Strapazierf\u00e4higkeit, was den 520v7 zu einer idealen Wahl f\u00fcr jede Aktivit\u00e4t macht.<\/span> <br \/> Produktabmessungen \u200f : \u200e  31 x 19 x 12 cm; 782 Gramm <br \/> Im Angebot von Amazon.de seit \u200f : \u200e  7. Mai 2020 <br \/> Hersteller \u200f : \u200e  New Balance <br \/> ASIN \u200f : \u200e  B08829W4CN <br \/> Modellnummer \u200f : \u200e  W520LK7 <br \/> Kategorie \u200f : \u200e  Damen <\/p>\n<p>[ad_2]<\/p>\n","protected":false},"excerpt":{"rendered":"<p>Price: [price_with_discount](as of [price_update_date] &#8211; Details) [ad_1] Der New Balance 520v7 vereint Komfort und Leistungsdesign, das f\u00fcr alles bereit ist. Mit Komfort und Unterst\u00fctzung als Priorit\u00e4t verf\u00fcgt der Damen-Laufschuh \u00fcber<\/p>\n","protected":false},"featured_media":66226,"comment_status":"open","ping_status":"closed","template":"","meta":[],"product_cat":[234],"product_tag":[235],"class_list":{"0":"post-66225","1":"product","2":"type-product","3":"status-publish","4":"has-post-thumbnail","6":"product_cat-shoes","7":"product_tag-mens-road-running-shoes","9":"first","10":"instock","11":"shipping-taxable","12":"product-type-external"},"aioseo_notices":[],"_links":{"self":[{"href":"https:\/\/topgetestet.de\/index.php?rest_route=\/wp\/v2\/product\/66225","targetHints":{"allow":["GET"]}}],"collection":[{"href":"https:\/\/topgetestet.de\/index.php?rest_route=\/wp\/v2\/product"}],"about":[{"href":"https:\/\/topgetestet.de\/index.php?rest_route=\/wp\/v2\/types\/product"}],"replies":[{"embeddable":true,"href":"https:\/\/topgetestet.de\/index.php?rest_route=%2Fwp%2Fv2%2Fcomments&post=66225"}],"wp:featuredmedia":[{"embeddable":true,"href":"https:\/\/topgetestet.de\/index.php?rest_route=\/wp\/v2\/media\/66226"}],"wp:attachment":[{"href":"https:\/\/topgetestet.de\/index.php?rest_route=%2Fwp%2Fv2%2Fmedia&parent=66225"}],"wp:term":[{"taxonomy":"product_cat","embeddable":true,"href":"https:\/\/topgetestet.de\/index.php?rest_route=%2Fwp%2Fv2%2Fproduct_cat&post=66225"},{"taxonomy":"product_tag","embeddable":true,"href":"https:\/\/topgetestet.de\/index.php?rest_route=%2Fwp%2Fv2%2Fproduct_tag&post=66225"}],"curies":[{"name":"wp","href":"https:\/\/api.w.org\/{rel}","templated":true}]}}