{"id":66156,"date":"2022-10-14T23:08:59","date_gmt":"2022-10-14T23:08:59","guid":{"rendered":"https:\/\/topgetestet.de\/?product=adidas-unisex-kinder-lite-racer-cln-2-0-strasen-laufschuh"},"modified":"2022-10-14T23:08:59","modified_gmt":"2022-10-14T23:08:59","slug":"adidas-unisex-kinder-lite-racer-cln-2-0-strasen-laufschuh","status":"publish","type":"product","link":"https:\/\/topgetestet.de\/?product=adidas-unisex-kinder-lite-racer-cln-2-0-strasen-laufschuh","title":{"rendered":"adidas Unisex Kinder Lite Racer CLN 2.0 Stra\u00dfen-Laufschuh"},"content":{"rendered":"<p>Price: <span style=\"color:#b12704\">[price_with_discount]<\/span><br \/><i><small>(as of [price_update_date] &#8211; <span class=\"wp_automatic_amazon_disclaimer\" title=\"Product prices and availability are accurate as of the date\/time indicated and are subject to change. Any price and availability information displayed on [relevant Amazon Site(s), as applicable] at the time of purchase will apply to the purchase of this product.\">Details<\/span>)<\/small><\/i><\/p>\n<p><a href=\"https:\/\/amazon.de\/dp\/B096G3RL2Z?tag=topgetestet09-21\"><img decoding=\"async\" src=\"https:\/\/i.imgur.com\/ISRHEWs.png\"><\/a><br \/>\n[ad_1]<br \/>\n <span>Der cleane Look dieses adidas-Sneakers macht ihn perfekt f\u00fcr jeden Tag. Egal, ob Sie es mit einem Trainingsanzug oder Ihrer Lieblingsjeans tragen, es sieht immer gut an Ihnen aus! Au\u00dferdem ist er leicht und d\u00e4mpft jeden Ihrer Schritte f\u00fcr dauerhaften Komfort.<\/span> <br \/> Verpackungsabmessungen \u200f : \u200e  19.3 x 15 x 8.6 cm; 220 Gramm <br \/> Im Angebot von Amazon.de seit \u200f : \u200e  3. Juni 2021 <br \/> Hersteller \u200f : \u200e  adidas <br \/> ASIN \u200f : \u200e  B096K3CTMS <br \/> Modellnummer \u200f : \u200e  GZ7753 <br \/> Kategorie \u200f : \u200e  Unisex Kinder <\/p>\n<p>Innenmaterial: Synthetic<br \/>Sohle: Gummi<br \/>Verschluss: Schn\u00fcrung<br \/>Absatzform: Flach<br \/>Schuhweite: medium<br \/>Nicht wasserfest<br \/>\n<br \/>[ad_2]<\/p>\n","protected":false},"excerpt":{"rendered":"<p>Price: [price_with_discount](as of [price_update_date] &#8211; Details) [ad_1] Der cleane Look dieses adidas-Sneakers macht ihn perfekt f\u00fcr jeden Tag. Egal, ob Sie es mit einem Trainingsanzug oder Ihrer Lieblingsjeans tragen, es<\/p>\n","protected":false},"featured_media":66157,"comment_status":"open","ping_status":"closed","template":"","meta":[],"product_cat":[234],"product_tag":[235],"class_list":{"0":"post-66156","1":"product","2":"type-product","3":"status-publish","4":"has-post-thumbnail","6":"product_cat-shoes","7":"product_tag-mens-road-running-shoes","9":"first","10":"instock","11":"shipping-taxable","12":"product-type-external"},"aioseo_notices":[],"_links":{"self":[{"href":"https:\/\/topgetestet.de\/index.php?rest_route=\/wp\/v2\/product\/66156","targetHints":{"allow":["GET"]}}],"collection":[{"href":"https:\/\/topgetestet.de\/index.php?rest_route=\/wp\/v2\/product"}],"about":[{"href":"https:\/\/topgetestet.de\/index.php?rest_route=\/wp\/v2\/types\/product"}],"replies":[{"embeddable":true,"href":"https:\/\/topgetestet.de\/index.php?rest_route=%2Fwp%2Fv2%2Fcomments&post=66156"}],"wp:featuredmedia":[{"embeddable":true,"href":"https:\/\/topgetestet.de\/index.php?rest_route=\/wp\/v2\/media\/66157"}],"wp:attachment":[{"href":"https:\/\/topgetestet.de\/index.php?rest_route=%2Fwp%2Fv2%2Fmedia&parent=66156"}],"wp:term":[{"taxonomy":"product_cat","embeddable":true,"href":"https:\/\/topgetestet.de\/index.php?rest_route=%2Fwp%2Fv2%2Fproduct_cat&post=66156"},{"taxonomy":"product_tag","embeddable":true,"href":"https:\/\/topgetestet.de\/index.php?rest_route=%2Fwp%2Fv2%2Fproduct_tag&post=66156"}],"curies":[{"name":"wp","href":"https:\/\/api.w.org\/{rel}","templated":true}]}}