{"id":66006,"date":"2022-10-14T22:44:25","date_gmt":"2022-10-14T22:44:25","guid":{"rendered":"https:\/\/topgetestet.de\/?product=under-armour-damen-ua-w-micro-g-pursuit-bp-traillaufschuhe"},"modified":"2022-10-14T22:44:25","modified_gmt":"2022-10-14T22:44:25","slug":"under-armour-damen-ua-w-micro-g-pursuit-bp-traillaufschuhe","status":"publish","type":"product","link":"https:\/\/topgetestet.de\/?product=under-armour-damen-ua-w-micro-g-pursuit-bp-traillaufschuhe","title":{"rendered":"Under Armour Damen UA W Micro G Pursuit BP Traillaufschuhe"},"content":{"rendered":"<p>Price: <span style=\"color:#b12704\">[price_with_discount]<\/span><br \/><i><small>(as of [price_update_date] &#8211; <span class=\"wp_automatic_amazon_disclaimer\" title=\"Product prices and availability are accurate as of the date\/time indicated and are subject to change. Any price and availability information displayed on [relevant Amazon Site(s), as applicable] at the time of purchase will apply to the purchase of this product.\">Details<\/span>)<\/small><\/i><\/p>\n<p><a href=\"https:\/\/amazon.de\/dp\/B08Q3LR3W6?tag=topgetestet09-21\"><img decoding=\"async\" src=\"https:\/\/i.imgur.com\/ISRHEWs.png\"><\/a><br \/>\n[ad_1]<br \/>\n <span>Leichtes, atmungsaktives Netzstoff-Obermaterial mit Synthetik-\u00dcberz\u00fcgen f\u00fcr zus\u00e4tzliche Strapazierf\u00e4higkeit und Halt Perforierter Mittelfu\u00dfeinsatz f\u00fcr zus\u00e4tzliche Atmungsaktivit\u00e4t Die \u00fcber die gesamte Fu\u00dfl\u00e4nge verlaufende EVA-Einlegesohle bietet Komfort und einen ma\u00dfgeschneiderten Sitz Gepolsterte EVA-Mittelsohle f\u00fcr einen leichten und reaktionsstarken Lauf Die Vollgummi-Au\u00dfensohle deckt die stark beanspruchten Bereiche ab und sorgt f\u00fcr gr\u00f6\u00dfere Strapazierf\u00e4higkeit bei geringerem Gewicht Artikelnr.: 3023640 Importiert<\/span> <br \/> Verpackungsabmessungen \u200f : \u200e  30.2 x 20.5 x 11.3 cm; 510 Gramm <br \/> Im Angebot von Amazon.de seit \u200f : \u200e  23. Dezember 2021 <br \/> Hersteller \u200f : \u200e  Under Armour <br \/> ASIN \u200f : \u200e  B08Q3LDG8V <br \/> Modellnummer \u200f : \u200e  3023640 <br \/> Kategorie \u200f : \u200e  M\u00e4dchen <\/p>\n<p>[ad_2]<\/p>\n","protected":false},"excerpt":{"rendered":"<p>Price: [price_with_discount](as of [price_update_date] &#8211; Details) [ad_1] Leichtes, atmungsaktives Netzstoff-Obermaterial mit Synthetik-\u00dcberz\u00fcgen f\u00fcr zus\u00e4tzliche Strapazierf\u00e4higkeit und Halt Perforierter Mittelfu\u00dfeinsatz f\u00fcr zus\u00e4tzliche Atmungsaktivit\u00e4t Die \u00fcber die gesamte Fu\u00dfl\u00e4nge verlaufende EVA-Einlegesohle bietet<\/p>\n","protected":false},"featured_media":66007,"comment_status":"open","ping_status":"closed","template":"","meta":[],"product_cat":[234],"product_tag":[236],"class_list":{"0":"post-66006","1":"product","2":"type-product","3":"status-publish","4":"has-post-thumbnail","6":"product_cat-shoes","7":"product_tag-womens-road-running-shoes","9":"first","10":"instock","11":"shipping-taxable","12":"product-type-external"},"aioseo_notices":[],"_links":{"self":[{"href":"https:\/\/topgetestet.de\/index.php?rest_route=\/wp\/v2\/product\/66006","targetHints":{"allow":["GET"]}}],"collection":[{"href":"https:\/\/topgetestet.de\/index.php?rest_route=\/wp\/v2\/product"}],"about":[{"href":"https:\/\/topgetestet.de\/index.php?rest_route=\/wp\/v2\/types\/product"}],"replies":[{"embeddable":true,"href":"https:\/\/topgetestet.de\/index.php?rest_route=%2Fwp%2Fv2%2Fcomments&post=66006"}],"wp:featuredmedia":[{"embeddable":true,"href":"https:\/\/topgetestet.de\/index.php?rest_route=\/wp\/v2\/media\/66007"}],"wp:attachment":[{"href":"https:\/\/topgetestet.de\/index.php?rest_route=%2Fwp%2Fv2%2Fmedia&parent=66006"}],"wp:term":[{"taxonomy":"product_cat","embeddable":true,"href":"https:\/\/topgetestet.de\/index.php?rest_route=%2Fwp%2Fv2%2Fproduct_cat&post=66006"},{"taxonomy":"product_tag","embeddable":true,"href":"https:\/\/topgetestet.de\/index.php?rest_route=%2Fwp%2Fv2%2Fproduct_tag&post=66006"}],"curies":[{"name":"wp","href":"https:\/\/api.w.org\/{rel}","templated":true}]}}