{"id":65967,"date":"2022-10-14T22:34:36","date_gmt":"2022-10-14T22:34:36","guid":{"rendered":"https:\/\/topgetestet.de\/?product=amazon-essentials-herren-slim-fit-poloshirt-aus-pique"},"modified":"2022-10-14T22:34:36","modified_gmt":"2022-10-14T22:34:36","slug":"amazon-essentials-herren-slim-fit-poloshirt-aus-pique","status":"publish","type":"product","link":"https:\/\/topgetestet.de\/?product=amazon-essentials-herren-slim-fit-poloshirt-aus-pique","title":{"rendered":"Amazon Essentials Herren Slim Fit-Poloshirt Aus Piqu\u00e9"},"content":{"rendered":"<p>Price: <span style=\"color:#b12704\">[price_with_discount]<\/span><br \/><i><small>(as of [price_update_date] &#8211; <span class=\"wp_automatic_amazon_disclaimer\" title=\"Product prices and availability are accurate as of the date\/time indicated and are subject to change. Any price and availability information displayed on [relevant Amazon Site(s), as applicable] at the time of purchase will apply to the purchase of this product.\">Details<\/span>)<\/small><\/i><\/p>\n<p><a href=\"https:\/\/amazon.de\/dp\/B07XH4F677?tag=topgetestet09-21\"><img decoding=\"async\" src=\"https:\/\/i.imgur.com\/ISRHEWs.png\"><\/a><br \/>\n[ad_1]<\/p>\n<p>       Produktbeschreibung des Herstellers <\/p>\n<p>            <img decoding=\"async\" alt=\"      \" src=\"https:\/\/images-na.ssl-images-amazon.com\/images\/G\/01\/x-locale\/common\/grey-pixel.gif\" class=\"a-lazy-loaded\" data-src=\"https:\/\/m.media-amazon.com\/images\/S\/aplus-media\/sota\/2b3be428-c5c3-4584-b554-42c6d103a27f.__CR0,0,1464,600_PT0_SX1464_V1___.jpg\"><\/p>\n<p>             <img decoding=\"async\" alt=\"      \" src=\"https:\/\/m.media-amazon.com\/images\/S\/aplus-media\/sota\/2b3be428-c5c3-4584-b554-42c6d103a27f.__CR0,0,1464,600_PT0_SX1464_V1___.jpg\"><\/p>\n<p>                   <img decoding=\"async\" alt=\"    \" src=\"https:\/\/m.media-amazon.com\/images\/S\/aplus-media\/sota\/c6e52e49-83a0-4124-8e5a-420621cdf439.__CR0,0,1464,600_PT0_SX1464_V1___.jpg\"> <\/p>\n<h3 class=\"aplus-p3\"> AE X Disney <\/h3>\n<p>                        Dessins Disney  <\/p>\n<p class=\"description aplus-p1\"> Diese exklusiv bei Amazon erh\u00e4ltlichen Disney-Styles f\u00fcr die ganze Familie vers\u00fc\u00dfen den Alltag. <\/p>\n<p>                   <img decoding=\"async\" alt=\"    \" src=\"https:\/\/m.media-amazon.com\/images\/S\/aplus-media\/sota\/356ef00d-3145-405a-9048-fb6b927e1402.__CR0,0,1464,600_PT0_SX1464_V1___.jpg\"> <\/p>\n<h3 class=\"aplus-p3\"> Amazon Essentials <\/h3>\n<p>                        Essentials f\u00fcr Damen  <\/p>\n<p class=\"description aplus-p1\"> Die neusten trends f\u00fcr frauen, exklusiv bei Amazon <\/p>\n<p>                   <img decoding=\"async\" alt=\"  \" src=\"https:\/\/m.media-amazon.com\/images\/S\/aplus-media\/sota\/c186c0db-bf22-49e5-85df-62225c10942b.__CR0,0,1464,600_PT0_SX1464_V1___.jpg\"> <\/p>\n<h3 class=\"aplus-p3\"> Amazon Essentials <\/h3>\n<p>                        Essentials f\u00fcr Herren  <\/p>\n<p class=\"description aplus-p1\"> Ob l\u00e4ssig oder elegant, unserer Auswahl an Tops, Hosen und R\u00f6cken l\u00e4sst keine W\u00fcnsche offen. <\/p>\n<p>                   <img decoding=\"async\" alt=\"  \" src=\"https:\/\/m.media-amazon.com\/images\/S\/aplus-media\/sota\/ae63dfac-8f90-424a-ab1b-ca3d9131ab0b.__CR0,0,1464,600_PT0_SX1464_V1___.jpg\"> <\/p>\n<h3 class=\"aplus-p3\"> Amazon Essentials <\/h3>\n<p>                        Styles f\u00fcr Kinder  <\/p>\n<p class=\"description aplus-p1\"> Winter f\u00fcr Kinder zu Preisen, die Sie lieben werden. <\/p>\n<p>             1 AE X Disney<br \/>\n             2 Damen<br \/>\n             3 Herren<br \/>\n             4 Kinder &amp; Baby  <\/p>\n<p>[ad_2]<\/p>\n","protected":false},"excerpt":{"rendered":"<p>Price: [price_with_discount](as of [price_update_date] &#8211; Details) [ad_1] Produktbeschreibung des Herstellers AE X Disney Dessins Disney Diese exklusiv bei Amazon erh\u00e4ltlichen Disney-Styles f\u00fcr die ganze Familie vers\u00fc\u00dfen den Alltag. Amazon Essentials<\/p>\n","protected":false},"featured_media":65968,"comment_status":"open","ping_status":"closed","template":"","meta":[],"product_cat":[231],"product_tag":[],"class_list":{"0":"post-65967","1":"product","2":"type-product","3":"status-publish","4":"has-post-thumbnail","6":"product_cat-mens-fashion","8":"first","9":"instock","10":"shipping-taxable","11":"product-type-external"},"aioseo_notices":[],"_links":{"self":[{"href":"https:\/\/topgetestet.de\/index.php?rest_route=\/wp\/v2\/product\/65967","targetHints":{"allow":["GET"]}}],"collection":[{"href":"https:\/\/topgetestet.de\/index.php?rest_route=\/wp\/v2\/product"}],"about":[{"href":"https:\/\/topgetestet.de\/index.php?rest_route=\/wp\/v2\/types\/product"}],"replies":[{"embeddable":true,"href":"https:\/\/topgetestet.de\/index.php?rest_route=%2Fwp%2Fv2%2Fcomments&post=65967"}],"wp:featuredmedia":[{"embeddable":true,"href":"https:\/\/topgetestet.de\/index.php?rest_route=\/wp\/v2\/media\/65968"}],"wp:attachment":[{"href":"https:\/\/topgetestet.de\/index.php?rest_route=%2Fwp%2Fv2%2Fmedia&parent=65967"}],"wp:term":[{"taxonomy":"product_cat","embeddable":true,"href":"https:\/\/topgetestet.de\/index.php?rest_route=%2Fwp%2Fv2%2Fproduct_cat&post=65967"},{"taxonomy":"product_tag","embeddable":true,"href":"https:\/\/topgetestet.de\/index.php?rest_route=%2Fwp%2Fv2%2Fproduct_tag&post=65967"}],"curies":[{"name":"wp","href":"https:\/\/api.w.org\/{rel}","templated":true}]}}