{"id":65938,"date":"2022-10-14T22:27:45","date_gmt":"2022-10-14T22:27:45","guid":{"rendered":"https:\/\/topgetestet.de\/?product=asics-herren-gel-sonoma-5-g-tx-trail-running-shoe"},"modified":"2022-10-14T22:27:45","modified_gmt":"2022-10-14T22:27:45","slug":"asics-herren-gel-sonoma-5-g-tx-trail-running-shoe","status":"publish","type":"product","link":"https:\/\/topgetestet.de\/?product=asics-herren-gel-sonoma-5-g-tx-trail-running-shoe","title":{"rendered":"ASICS Herren Gel-Sonoma 5 G-tx Trail Running Shoe"},"content":{"rendered":"<p>Price: <span style=\"color:#b12704\">[price_with_discount]<\/span><br \/><i><small>(as of [price_update_date] &#8211; <span class=\"wp_automatic_amazon_disclaimer\" title=\"Product prices and availability are accurate as of the date\/time indicated and are subject to change. Any price and availability information displayed on [relevant Amazon Site(s), as applicable] at the time of purchase will apply to the purchase of this product.\">Details<\/span>)<\/small><\/i><\/p>\n<p><a href=\"https:\/\/amazon.de\/dp\/B088XT67YX?tag=topgetestet09-21\"><img decoding=\"async\" src=\"https:\/\/i.imgur.com\/ISRHEWs.png\"><\/a><br \/>\n[ad_1]<br \/>\n <span>Mit dem Asics gel-sonoma 5 G-TX Lauf und Walkingschuh erreichst du neue Intensit\u00e4ten und kannst dich voll und ganz auf das Laufen konzentrieren. Die legend\u00e4re gel-d\u00e4mpfung im R\u00fcckfu\u00dfbereich sorgt f\u00fcr hervorragende D\u00e4mpfung, w\u00e4hrend die leichte amplifoam-mittelsohle verbesserte R\u00fcckfederung bietet. Die OrthoLite Einlegesohle bietet zus\u00e4tzlichen Tragekomfort.<\/span> <br \/> Verpackungsabmessungen \u200f : \u200e  34.2 x 21.6 x 12.4 cm; 362 Gramm <br \/> Im Angebot von Amazon.de seit \u200f : \u200e  5. November 2019 <br \/> Hersteller \u200f : \u200e  Asics <br \/> ASIN \u200f : \u200e  B0812GBY33 <br \/> Modellnummer \u200f : \u200e  1011A660-001 <br \/> Kategorie \u200f : \u200e  Herren <\/p>\n<p>Innenmaterial: Synthetik<br \/>Sohle: Synthetik<br \/>Verschluss: Schn\u00fcrung<br \/>Absatzform: Flach<br \/>Schuhweite: Schmal<br \/>Nicht wasserfest<br \/>\n<br \/>[ad_2]<\/p>\n","protected":false},"excerpt":{"rendered":"<p>Price: [price_with_discount](as of [price_update_date] &#8211; Details) [ad_1] Mit dem Asics gel-sonoma 5 G-TX Lauf und Walkingschuh erreichst du neue Intensit\u00e4ten und kannst dich voll und ganz auf das Laufen konzentrieren.<\/p>\n","protected":false},"featured_media":65939,"comment_status":"open","ping_status":"closed","template":"","meta":[],"product_cat":[234],"product_tag":[235],"class_list":{"0":"post-65938","1":"product","2":"type-product","3":"status-publish","4":"has-post-thumbnail","6":"product_cat-shoes","7":"product_tag-mens-road-running-shoes","9":"first","10":"instock","11":"shipping-taxable","12":"product-type-external"},"aioseo_notices":[],"_links":{"self":[{"href":"https:\/\/topgetestet.de\/index.php?rest_route=\/wp\/v2\/product\/65938","targetHints":{"allow":["GET"]}}],"collection":[{"href":"https:\/\/topgetestet.de\/index.php?rest_route=\/wp\/v2\/product"}],"about":[{"href":"https:\/\/topgetestet.de\/index.php?rest_route=\/wp\/v2\/types\/product"}],"replies":[{"embeddable":true,"href":"https:\/\/topgetestet.de\/index.php?rest_route=%2Fwp%2Fv2%2Fcomments&post=65938"}],"wp:featuredmedia":[{"embeddable":true,"href":"https:\/\/topgetestet.de\/index.php?rest_route=\/wp\/v2\/media\/65939"}],"wp:attachment":[{"href":"https:\/\/topgetestet.de\/index.php?rest_route=%2Fwp%2Fv2%2Fmedia&parent=65938"}],"wp:term":[{"taxonomy":"product_cat","embeddable":true,"href":"https:\/\/topgetestet.de\/index.php?rest_route=%2Fwp%2Fv2%2Fproduct_cat&post=65938"},{"taxonomy":"product_tag","embeddable":true,"href":"https:\/\/topgetestet.de\/index.php?rest_route=%2Fwp%2Fv2%2Fproduct_tag&post=65938"}],"curies":[{"name":"wp","href":"https:\/\/api.w.org\/{rel}","templated":true}]}}