{"id":65886,"date":"2022-10-14T22:11:20","date_gmt":"2022-10-14T22:11:20","guid":{"rendered":"https:\/\/topgetestet.de\/?product=kappa-unisex-sneakers"},"modified":"2022-10-14T22:11:20","modified_gmt":"2022-10-14T22:11:20","slug":"kappa-unisex-sneakers","status":"publish","type":"product","link":"https:\/\/topgetestet.de\/?product=kappa-unisex-sneakers","title":{"rendered":"Kappa Unisex Sneakers"},"content":{"rendered":"<p>Price: <span style=\"color:#b12704\">[price_with_discount]<\/span><br \/><i><small>(as of [price_update_date] &#8211; <span class=\"wp_automatic_amazon_disclaimer\" title=\"Product prices and availability are accurate as of the date\/time indicated and are subject to change. Any price and availability information displayed on [relevant Amazon Site(s), as applicable] at the time of purchase will apply to the purchase of this product.\">Details<\/span>)<\/small><\/i><\/p>\n<p><a href=\"https:\/\/amazon.de\/dp\/B096Y519F6?tag=topgetestet09-21\"><img decoding=\"async\" src=\"https:\/\/i.imgur.com\/ISRHEWs.png\"><\/a><br \/>\n[ad_1]<br \/>\n <span>F\u00fcr sportliche Outfits ist dieser Sneaker von Kappa immer gern zu haben! Eine stabile Plateuasohle im Retro-Look, ein komfortabel gepolsterter Einstieg und Logodetails auf innovativem Material geh\u00f6ren zum authentischen Design des angesagten Low Cut Sneaker im Basketball Style ebenso dazu, wie gesteppte N\u00e4hte und die Perforation. Die doppelt vern\u00e4hte Toebox steht dabei f\u00fcr Qualit\u00e4t und garantiert hohen Komfort und besondere Langlebigkeit. Ob sportlich oder casual \u2013 der Sneaker von Kappa auf leicht erh\u00f6hter Plateausohle ist easy zu kombinierten und sorgt f\u00fcr die n\u00f6tige Coolness!<\/span> <br \/> Verpackungsabmessungen \u200f : \u200e  32.29 x 22.5 x 11.6 cm; 1.04 Kilogramm <br \/> Im Angebot von Amazon.de seit \u200f : \u200e  9. Juni 2021 <br \/> Hersteller \u200f : \u200e  Kappa <br \/> ASIN \u200f : \u200e  B096Y4JS9X <br \/> Modellnummer \u200f : \u200e  243001GC <br \/> Kategorie \u200f : \u200e  Unisex <\/p>\n<p>Innenmaterial: Synthetic Leather<br \/>Sohle: Kunstleder<br \/>Verschluss: Schn\u00fcrung<br \/>Absatzform: Plateauabsatz<br \/>Schuhweite: medium<br \/>Nicht wasserfest<br \/>T-Strap<br \/>\n<br \/>[ad_2]<\/p>\n","protected":false},"excerpt":{"rendered":"<p>Price: [price_with_discount](as of [price_update_date] &#8211; Details) [ad_1] F\u00fcr sportliche Outfits ist dieser Sneaker von Kappa immer gern zu haben! Eine stabile Plateuasohle im Retro-Look, ein komfortabel gepolsterter Einstieg und Logodetails<\/p>\n","protected":false},"featured_media":65887,"comment_status":"open","ping_status":"closed","template":"","meta":[],"product_cat":[230],"product_tag":[266],"class_list":{"0":"post-65886","1":"product","2":"type-product","3":"status-publish","4":"has-post-thumbnail","6":"product_cat-fashion","7":"product_tag-womens-fashion-sneakers","9":"first","10":"instock","11":"shipping-taxable","12":"product-type-external"},"aioseo_notices":[],"_links":{"self":[{"href":"https:\/\/topgetestet.de\/index.php?rest_route=\/wp\/v2\/product\/65886","targetHints":{"allow":["GET"]}}],"collection":[{"href":"https:\/\/topgetestet.de\/index.php?rest_route=\/wp\/v2\/product"}],"about":[{"href":"https:\/\/topgetestet.de\/index.php?rest_route=\/wp\/v2\/types\/product"}],"replies":[{"embeddable":true,"href":"https:\/\/topgetestet.de\/index.php?rest_route=%2Fwp%2Fv2%2Fcomments&post=65886"}],"wp:featuredmedia":[{"embeddable":true,"href":"https:\/\/topgetestet.de\/index.php?rest_route=\/wp\/v2\/media\/65887"}],"wp:attachment":[{"href":"https:\/\/topgetestet.de\/index.php?rest_route=%2Fwp%2Fv2%2Fmedia&parent=65886"}],"wp:term":[{"taxonomy":"product_cat","embeddable":true,"href":"https:\/\/topgetestet.de\/index.php?rest_route=%2Fwp%2Fv2%2Fproduct_cat&post=65886"},{"taxonomy":"product_tag","embeddable":true,"href":"https:\/\/topgetestet.de\/index.php?rest_route=%2Fwp%2Fv2%2Fproduct_tag&post=65886"}],"curies":[{"name":"wp","href":"https:\/\/api.w.org\/{rel}","templated":true}]}}