{"id":65834,"date":"2022-10-14T21:52:51","date_gmt":"2022-10-14T21:52:51","guid":{"rendered":"https:\/\/topgetestet.de\/?product=naruto-shippuden-ultimative-ninja-storm-4-playstation-hits-ps4-spiel"},"modified":"2022-10-14T21:52:51","modified_gmt":"2022-10-14T21:52:51","slug":"naruto-shippuden-ultimative-ninja-storm-4-playstation-hits-ps4-spiel","status":"publish","type":"product","link":"https:\/\/topgetestet.de\/?product=naruto-shippuden-ultimative-ninja-storm-4-playstation-hits-ps4-spiel","title":{"rendered":"Naruto Shippuden: Ultimative Ninja Storm 4 Playstation Hits PS4-Spiel"},"content":{"rendered":"<p>Price: <span style=\"color:#b12704\">[price_with_discount]<\/span><br \/><i><small>(as of [price_update_date] &#8211; <span class=\"wp_automatic_amazon_disclaimer\" title=\"Product prices and availability are accurate as of the date\/time indicated and are subject to change. Any price and availability information displayed on [relevant Amazon Site(s), as applicable] at the time of purchase will apply to the purchase of this product.\">Details<\/span>)<\/small><\/i><\/p>\n<p><a href=\"https:\/\/amazon.de\/dp\/B07J2XX8MJ?tag=topgetestet09-21\"><img decoding=\"async\" src=\"https:\/\/i.imgur.com\/ISRHEWs.png\"><\/a><br \/>\n[ad_1]<br \/>\n <span>Ma\u00eetrisez les pouvoirs des plus grands ninjas dans des combats endiabl\u00e9s.<br \/> Naruto est de retour ! Red\u00e9couvrez son histoire \u00e0 travers de nombreux modes de jeux et livrez des combats sans merci contre des adversaires redoutables. Battez des boss spectaculaires ou combattez en ligne avec le ninja de votre choix. Plus de 100 personnages issus de la s\u00e9rie sont r\u00e9unis pour des duels intenses et uniques. Pour sortir vainqueur, une seule solution : ma\u00eetriser les arts ninjas !<br \/><\/span> <br \/> Alterseinstufung \u200f : \u200e  USK ab 12 freigegeben <br \/> Sprache \u200f : \u200e  Englisch <br \/> Produktabmessungen \u200f : \u200e  17.5 x 13.49 x 1.5 cm; 80 Gramm <br \/> ASIN \u200f : \u200e  B07J2XX8MJ <br \/> Herstellerreferenz \u200f : \u200e  113417 <\/p>\n<p>Code Pegi : 12<br \/>hardwarePlatform : ps4<br \/>ConsoleVideoGamesGenre : combat<br \/>\n<br \/>[ad_2]<\/p>\n","protected":false},"excerpt":{"rendered":"<p>Price: [price_with_discount](as of [price_update_date] &#8211; Details) [ad_1] Ma\u00eetrisez les pouvoirs des plus grands ninjas dans des combats endiabl\u00e9s. Naruto est de retour ! Red\u00e9couvrez son histoire \u00e0 travers de nombreux<\/p>\n","protected":false},"featured_media":65835,"comment_status":"open","ping_status":"closed","template":"","meta":[],"product_cat":[227],"product_tag":[261],"class_list":{"0":"post-65834","1":"product","2":"type-product","3":"status-publish","4":"has-post-thumbnail","6":"product_cat-gaming","7":"product_tag-playstation-legacy-games","9":"first","10":"instock","11":"sale","12":"shipping-taxable","13":"product-type-external"},"aioseo_notices":[],"_links":{"self":[{"href":"https:\/\/topgetestet.de\/index.php?rest_route=\/wp\/v2\/product\/65834","targetHints":{"allow":["GET"]}}],"collection":[{"href":"https:\/\/topgetestet.de\/index.php?rest_route=\/wp\/v2\/product"}],"about":[{"href":"https:\/\/topgetestet.de\/index.php?rest_route=\/wp\/v2\/types\/product"}],"replies":[{"embeddable":true,"href":"https:\/\/topgetestet.de\/index.php?rest_route=%2Fwp%2Fv2%2Fcomments&post=65834"}],"wp:featuredmedia":[{"embeddable":true,"href":"https:\/\/topgetestet.de\/index.php?rest_route=\/wp\/v2\/media\/65835"}],"wp:attachment":[{"href":"https:\/\/topgetestet.de\/index.php?rest_route=%2Fwp%2Fv2%2Fmedia&parent=65834"}],"wp:term":[{"taxonomy":"product_cat","embeddable":true,"href":"https:\/\/topgetestet.de\/index.php?rest_route=%2Fwp%2Fv2%2Fproduct_cat&post=65834"},{"taxonomy":"product_tag","embeddable":true,"href":"https:\/\/topgetestet.de\/index.php?rest_route=%2Fwp%2Fv2%2Fproduct_tag&post=65834"}],"curies":[{"name":"wp","href":"https:\/\/api.w.org\/{rel}","templated":true}]}}