{"id":65787,"date":"2022-10-14T21:42:30","date_gmt":"2022-10-14T21:42:30","guid":{"rendered":"https:\/\/topgetestet.de\/?product=sarah-chapman-skinesis-overnight-facial-15-ml"},"modified":"2022-10-14T21:42:30","modified_gmt":"2022-10-14T21:42:30","slug":"sarah-chapman-skinesis-overnight-facial-15-ml","status":"publish","type":"product","link":"https:\/\/topgetestet.de\/?product=sarah-chapman-skinesis-overnight-facial-15-ml","title":{"rendered":"Sarah Chapman Skinesis Overnight Facial 15 ml"},"content":{"rendered":"<p>Price: <span style=\"color:#b12704\">[price_with_discount]<\/span><br \/><i><small>(as of [price_update_date] &#8211; <span class=\"wp_automatic_amazon_disclaimer\" title=\"Product prices and availability are accurate as of the date\/time indicated and are subject to change. Any price and availability information displayed on [relevant Amazon Site(s), as applicable] at the time of purchase will apply to the purchase of this product.\">Details<\/span>)<\/small><\/i><\/p>\n<p><a href=\"https:\/\/amazon.de\/dp\/B00DMAU4ZQ?tag=topgetestet09-21\"><img decoding=\"async\" src=\"https:\/\/i.imgur.com\/ISRHEWs.png\"><\/a><br \/>\n[ad_1]<br \/>\n <span>Dieser ausgekl\u00fcgelte Powerpotion vereint kosmekeutische leistungserprobte Wirkstoffe mit beruhigenden entz\u00fcndungshemmenden Omegas in einem ausgekl\u00fcgelten Serum-\u00d6l-Elixier. <br \/>Diese unwiderstehlich seidige Kaschmir-Formel stellt alle Vorteile eines Skinesis\u2122-Gesichts \u00fcber Nacht nach. Wissenschaftlich fortgeschrittene Renovage\u2122 hilft, die Lebensdauer der Zellen zu erh\u00f6hen, indem die Zellseneszenz verz\u00f6gert wird. Dermaxyl\u2122 f\u00f6rdert die Kollagenproduktion durch fortschrittliche Peptid-Technologie, um Anzeichen des Alterns zu reduzieren. Die Haut wird durch antioxidative Vitamine, Coenzym Q10 und Alpha-Lipons\u00e4ure in unserem raffinierten Omega-reichhaltigen \u00d6l-Liefersystem mit dealterungsendem Vitamin A, stabilisiertem Vitamin C und Lipobrite HCA-4 beruhigt und gesch\u00fctzt, um Ihre Haut mit unserem charakteristischen Skinesis-Glow zu verj\u00fcngen. \u00dcber Nacht Facial\u2122 hilft auch beanspruchte Haut zu beruhigen und ist nat\u00fcrlich mit einer beruhigenden reinen \u00e4therischen \u00d6lmischung aus Jasmin, Frangipani, Rose und Tuberose parf\u00fcmiert. <\/p>\n<p>Anwendungstipp: nachts auf die Haut auftragen. F\u00fcr zus\u00e4tzliche Vorteile verwenden Sie Skinesis-Massagetechniken.<\/span> <br \/>Antioxidantien, die unwiderstehliche, seidige Kaschmir-Formel repliziert die Vorteile einer Skinesis-Gesichtsbehandlungen von Sarah Chapman \u00fcber Nacht<br \/>Ein anspruchsvoller Power-Tank, Overnight Facial nutzt kosmekeutische Leistungsaktivit\u00e4ten zusammen mit beruhigenden, himmlisch duftenden botanischen Substanzen und Omegas<br \/>Seidige Kaschmir-Textur<br \/>\n<br \/>[ad_2]<\/p>\n","protected":false},"excerpt":{"rendered":"<p>Price: [price_with_discount](as of [price_update_date] &#8211; Details) [ad_1] Dieser ausgekl\u00fcgelte Powerpotion vereint kosmekeutische leistungserprobte Wirkstoffe mit beruhigenden entz\u00fcndungshemmenden Omegas in einem ausgekl\u00fcgelten Serum-\u00d6l-Elixier. Diese unwiderstehlich seidige Kaschmir-Formel stellt alle Vorteile eines<\/p>\n","protected":false},"featured_media":65788,"comment_status":"open","ping_status":"closed","template":"","meta":[],"product_cat":[228],"product_tag":[246],"class_list":{"0":"post-65787","1":"product","2":"type-product","3":"status-publish","4":"has-post-thumbnail","6":"product_cat-beauty","7":"product_tag-facial-skin-care-products","9":"first","10":"instock","11":"shipping-taxable","12":"product-type-external"},"aioseo_notices":[],"_links":{"self":[{"href":"https:\/\/topgetestet.de\/index.php?rest_route=\/wp\/v2\/product\/65787","targetHints":{"allow":["GET"]}}],"collection":[{"href":"https:\/\/topgetestet.de\/index.php?rest_route=\/wp\/v2\/product"}],"about":[{"href":"https:\/\/topgetestet.de\/index.php?rest_route=\/wp\/v2\/types\/product"}],"replies":[{"embeddable":true,"href":"https:\/\/topgetestet.de\/index.php?rest_route=%2Fwp%2Fv2%2Fcomments&post=65787"}],"wp:featuredmedia":[{"embeddable":true,"href":"https:\/\/topgetestet.de\/index.php?rest_route=\/wp\/v2\/media\/65788"}],"wp:attachment":[{"href":"https:\/\/topgetestet.de\/index.php?rest_route=%2Fwp%2Fv2%2Fmedia&parent=65787"}],"wp:term":[{"taxonomy":"product_cat","embeddable":true,"href":"https:\/\/topgetestet.de\/index.php?rest_route=%2Fwp%2Fv2%2Fproduct_cat&post=65787"},{"taxonomy":"product_tag","embeddable":true,"href":"https:\/\/topgetestet.de\/index.php?rest_route=%2Fwp%2Fv2%2Fproduct_tag&post=65787"}],"curies":[{"name":"wp","href":"https:\/\/api.w.org\/{rel}","templated":true}]}}