{"id":65636,"date":"2022-10-14T20:53:41","date_gmt":"2022-10-14T20:53:41","guid":{"rendered":"https:\/\/topgetestet.de\/?product=instax-mini-link2-smartphone-printer-space-blue-kompakt"},"modified":"2022-10-14T20:53:41","modified_gmt":"2022-10-14T20:53:41","slug":"instax-mini-link2-smartphone-printer-space-blue-kompakt","status":"publish","type":"product","link":"https:\/\/topgetestet.de\/?product=instax-mini-link2-smartphone-printer-space-blue-kompakt","title":{"rendered":"instax Mini LINK2 Smartphone Printer, Space Blue, Kompakt"},"content":{"rendered":"<p>Price: <span style=\"color:#b12704\">[price_with_discount]<\/span><br \/><i><small>(as of [price_update_date] &#8211; <span class=\"wp_automatic_amazon_disclaimer\" title=\"Product prices and availability are accurate as of the date\/time indicated and are subject to change. Any price and availability information displayed on [relevant Amazon Site(s), as applicable] at the time of purchase will apply to the purchase of this product.\">Details<\/span>)<\/small><\/i><\/p>\n<p><a href=\"https:\/\/amazon.de\/dp\/B0B1QV5Q5T?tag=topgetestet09-21\"><img decoding=\"async\" src=\"https:\/\/i.imgur.com\/ISRHEWs.png\"><\/a><br \/>\n[ad_1]<br \/>\n <span>Der instax mini LINK 2, der erste instax Smartphone-Drucker, der die reale Welt mit der virtuellen verbindet. Sobald er \u00fcber die App mit Ihrem Smartphone verbunden ist, k\u00f6nnen Sie Ihrer Kreativit\u00e4t mit dem neuen AR-Zeichenmodus freien Lauf lassen, der in Echtzeit auf die Bewegungen des Druckers und der mini Link 2 App reagiert. F\u00fcgen Sie Ihren Drucken Blasen, Bl\u00fctenbl\u00e4tter, Neonfarben oder sogar Glitzer hinzu &#8211; und das alles, bevor Sie sie auf eine kreditkartengro\u00dfe Mini-Folie drucken. Mit der bahnbrechenden Bewegungssteuerung, den rasanten Modi Match Test und Go with your instincts sowie der Funktion zum Drucken von Videos und zahlreichen weiteren M\u00f6glichkeiten, Ihre Ausdrucke mit Ihrer Pers\u00f6nlichkeit zu versehen, hat dieser auff\u00e4llige Partner eine Menge zu bieten.<\/span> <br \/>Portabler Printer mit dem Sie instax mini Prints direkt von Ihrem Smartphone, aber auch von Instagram und Facebook printen k\u00f6nnen<br \/>f\u00fcr alle instax mini Filme nutzbar<br \/>Neue Bearbeitungsm\u00f6glichkeiten mit instax AIR<br \/>hohe Bildqualit\u00e4t durch den instax-RICH Modus<br \/>Noch mehr Spa\u00df durch den Match-Test<br \/>Welche komponenten sind im lieferumfang des produkts enthaltenen: Nur Kamerageh\u00e4use<br \/>Maximale farbdruckgeschwindigkeit: 4.0 pages_per_minute<br \/>\n<br \/>[ad_2]<\/p>\n","protected":false},"excerpt":{"rendered":"<p>Price: [price_with_discount](as of [price_update_date] &#8211; Details) [ad_1] Der instax mini LINK 2, der erste instax Smartphone-Drucker, der die reale Welt mit der virtuellen verbindet. Sobald er \u00fcber die App mit<\/p>\n","protected":false},"featured_media":65637,"comment_status":"open","ping_status":"closed","template":"","meta":[],"product_cat":[225],"product_tag":[],"class_list":{"0":"post-65636","1":"product","2":"type-product","3":"status-publish","4":"has-post-thumbnail","6":"product_cat-electronics","8":"first","9":"instock","10":"sale","11":"shipping-taxable","12":"product-type-external"},"aioseo_notices":[],"_links":{"self":[{"href":"https:\/\/topgetestet.de\/index.php?rest_route=\/wp\/v2\/product\/65636","targetHints":{"allow":["GET"]}}],"collection":[{"href":"https:\/\/topgetestet.de\/index.php?rest_route=\/wp\/v2\/product"}],"about":[{"href":"https:\/\/topgetestet.de\/index.php?rest_route=\/wp\/v2\/types\/product"}],"replies":[{"embeddable":true,"href":"https:\/\/topgetestet.de\/index.php?rest_route=%2Fwp%2Fv2%2Fcomments&post=65636"}],"wp:featuredmedia":[{"embeddable":true,"href":"https:\/\/topgetestet.de\/index.php?rest_route=\/wp\/v2\/media\/65637"}],"wp:attachment":[{"href":"https:\/\/topgetestet.de\/index.php?rest_route=%2Fwp%2Fv2%2Fmedia&parent=65636"}],"wp:term":[{"taxonomy":"product_cat","embeddable":true,"href":"https:\/\/topgetestet.de\/index.php?rest_route=%2Fwp%2Fv2%2Fproduct_cat&post=65636"},{"taxonomy":"product_tag","embeddable":true,"href":"https:\/\/topgetestet.de\/index.php?rest_route=%2Fwp%2Fv2%2Fproduct_tag&post=65636"}],"curies":[{"name":"wp","href":"https:\/\/api.w.org\/{rel}","templated":true}]}}