{"id":65629,"date":"2022-10-14T20:52:15","date_gmt":"2022-10-14T20:52:15","guid":{"rendered":"https:\/\/topgetestet.de\/?product=cmp-jungen-pants-kid-zip-off-pant"},"modified":"2022-10-14T20:52:15","modified_gmt":"2022-10-14T20:52:15","slug":"cmp-jungen-pants-kid-zip-off-pant","status":"publish","type":"product","link":"https:\/\/topgetestet.de\/?product=cmp-jungen-pants-kid-zip-off-pant","title":{"rendered":"CMP Jungen Pants Kid Zip Off Pant"},"content":{"rendered":"<p>Price: <span style=\"color:#b12704\">[price_with_discount]<\/span><br \/><i><small>(as of [price_update_date] &#8211; <span class=\"wp_automatic_amazon_disclaimer\" title=\"Product prices and availability are accurate as of the date\/time indicated and are subject to change. Any price and availability information displayed on [relevant Amazon Site(s), as applicable] at the time of purchase will apply to the purchase of this product.\">Details<\/span>)<\/small><\/i><\/p>\n<p><a href=\"https:\/\/amazon.de\/dp\/B09NQFCS32?tag=topgetestet09-21\"><img decoding=\"async\" src=\"https:\/\/i.imgur.com\/ISRHEWs.png\"><\/a><br \/>\n[ad_1]<br \/>\n <span>Die ultraleichte, elastische Campagnolo Wanderhose Long Pant Zip Off l\u00e4sst sich dank der Zip Off-Funktion mithilfe eines Rei\u00dfverschlusses ganz einfach in eine kurze Hose verwandeln. Die Hose ist somit ideal um f\u00fcr jede Wetterlage auf sommerlichen Ausfl\u00fcgen gewappnet zu sein. Diese elastische Hose besteht aus einem schnelltrocknenden, schmutzabweisenden Stoff. Au\u00dferdem bietet sie Schutz vor UV-Strahlen. Zudem verf\u00fcgt die Hose \u00fcber 2 Seitentaschen und einen elastischen regulierbaren Hosenbund sowie einen G\u00fcrtel.<\/span> <br \/> Verpackungsabmessungen \u200f : \u200e  34.79 x 21.4 x 4.7 cm; 230 Gramm <br \/> Im Angebot von Amazon.de seit \u200f : \u200e  16. Dezember 2021 <br \/> Hersteller \u200f : \u200e  CMP <br \/> ASIN \u200f : \u200e  B09NQHCYKC <br \/> Modellnummer \u200f : \u200e  3T51644 <br \/> Kategorie \u200f : \u200e  Jungen <\/p>\n<p>[ad_2]<\/p>\n","protected":false},"excerpt":{"rendered":"<p>Price: [price_with_discount](as of [price_update_date] &#8211; Details) [ad_1] Die ultraleichte, elastische Campagnolo Wanderhose Long Pant Zip Off l\u00e4sst sich dank der Zip Off-Funktion mithilfe eines Rei\u00dfverschlusses ganz einfach in eine kurze<\/p>\n","protected":false},"featured_media":65630,"comment_status":"open","ping_status":"closed","template":"","meta":[],"product_cat":[227],"product_tag":[272],"class_list":{"0":"post-65629","1":"product","2":"type-product","3":"status-publish","4":"has-post-thumbnail","6":"product_cat-gaming","7":"product_tag-sports-outdoors","9":"first","10":"instock","11":"shipping-taxable","12":"product-type-external"},"aioseo_notices":[],"_links":{"self":[{"href":"https:\/\/topgetestet.de\/index.php?rest_route=\/wp\/v2\/product\/65629","targetHints":{"allow":["GET"]}}],"collection":[{"href":"https:\/\/topgetestet.de\/index.php?rest_route=\/wp\/v2\/product"}],"about":[{"href":"https:\/\/topgetestet.de\/index.php?rest_route=\/wp\/v2\/types\/product"}],"replies":[{"embeddable":true,"href":"https:\/\/topgetestet.de\/index.php?rest_route=%2Fwp%2Fv2%2Fcomments&post=65629"}],"wp:featuredmedia":[{"embeddable":true,"href":"https:\/\/topgetestet.de\/index.php?rest_route=\/wp\/v2\/media\/65630"}],"wp:attachment":[{"href":"https:\/\/topgetestet.de\/index.php?rest_route=%2Fwp%2Fv2%2Fmedia&parent=65629"}],"wp:term":[{"taxonomy":"product_cat","embeddable":true,"href":"https:\/\/topgetestet.de\/index.php?rest_route=%2Fwp%2Fv2%2Fproduct_cat&post=65629"},{"taxonomy":"product_tag","embeddable":true,"href":"https:\/\/topgetestet.de\/index.php?rest_route=%2Fwp%2Fv2%2Fproduct_tag&post=65629"}],"curies":[{"name":"wp","href":"https:\/\/api.w.org\/{rel}","templated":true}]}}