{"id":65183,"date":"2022-10-14T19:33:37","date_gmt":"2022-10-14T19:33:37","guid":{"rendered":"https:\/\/topgetestet.de\/?product=salomon-herren-speedcross-4-gore-tex-traillaufschuhe-2"},"modified":"2022-10-14T19:33:37","modified_gmt":"2022-10-14T19:33:37","slug":"salomon-herren-speedcross-4-gore-tex-traillaufschuhe-2","status":"publish","type":"product","link":"https:\/\/topgetestet.de\/?product=salomon-herren-speedcross-4-gore-tex-traillaufschuhe-2","title":{"rendered":"Salomon Herren Speedcross 4 Gore-tex Traillaufschuhe"},"content":{"rendered":"<p>Price: <span style=\"color:#b12704\">[price_with_discount]<\/span><br \/><i><small>(as of [price_update_date] &#8211; <span class=\"wp_automatic_amazon_disclaimer\" title=\"Product prices and availability are accurate as of the date\/time indicated and are subject to change. Any price and availability information displayed on [relevant Amazon Site(s), as applicable] at the time of purchase will apply to the purchase of this product.\">Details<\/span>)<\/small><\/i><\/p>\n<p><a href=\"https:\/\/amazon.de\/dp\/B017SR0BB0?tag=topgetestet09-21\"><img decoding=\"async\" src=\"https:\/\/i.imgur.com\/ISRHEWs.png\"><\/a><br \/>\n[ad_1]<br \/>\n <span>Der SpeedCross 4 GTX ist ein exzellenter Schuh f\u00fcr L\u00e4ufer, die auf der Suche nach einem leichten Schuh mit starkem Halt sind, optimal f\u00fcr technische und weiche Trails. Dank der leichten und wasserdichten Gore-Tex-Membran sind Sie in der Lage auch schwierigem Gel\u00e4nde und entsprechenden Wetterbedingungen zu trotzen. &#8211; LEICHTIGKEIT &#8211; Erleben Sie einen leichten Schuh (280 bis 330 g) f\u00fcr l\u00e4ngere Trainingseinheiten. &#8211; WASSERDICHT &#8211; Wasserdichtes GORE-TEX-Futter h\u00e4lt Ihre F\u00fc\u00dfe \u00fcber die ganze Zeit trocken. &#8211; SCHNELLSCHN\u00dcRSYSTEM &#8211; Das Quicklace-Schn\u00fcrsystem erm\u00f6glicht es Ihnen, Ihre Schuhe schnell an- und wieder ausziehen, ohne Knoten und Anstrengung. &#8211; PASSFORM UND SCHUTZ &#8211; Das Sensifit-System umschlie\u00dft den Fu\u00df optimal und bietet einen perfekten und festen Sitz. &#8211; SOHLE &#8211; Die Wet Traction Contagrip-Sohle besteht aus einer und langlebigen Gummi-Mischung, die beim Laufen im feuchten bzw. nassen Gel\u00e4nde f\u00fcr au\u00dfergew\u00f6hnlichen Grip sorgt.<\/span> <br \/> Auslaufartikel (Produktion durch Hersteller eingestellt) \u200f : \u200e  Nein <br \/> Produktabmessungen \u200f : \u200e  1 x 1 x 1 cm; 508.02 Gramm <br \/> Im Angebot von Amazon.de seit \u200f : \u200e  20. Juli 2020 <br \/> Hersteller \u200f : \u200e  Salomon <br \/> ASIN \u200f : \u200e  B017SR02GO <br \/> Modellnummer \u200f : \u200e  LD8631$ <br \/> Kategorie \u200f : \u200e  Herren <\/p>\n<p>[ad_2]<\/p>\n","protected":false},"excerpt":{"rendered":"<p>Price: [price_with_discount](as of [price_update_date] &#8211; Details) [ad_1] Der SpeedCross 4 GTX ist ein exzellenter Schuh f\u00fcr L\u00e4ufer, die auf der Suche nach einem leichten Schuh mit starkem Halt sind, optimal<\/p>\n","protected":false},"featured_media":65184,"comment_status":"open","ping_status":"closed","template":"","meta":[],"product_cat":[234],"product_tag":[235],"class_list":{"0":"post-65183","1":"product","2":"type-product","3":"status-publish","4":"has-post-thumbnail","6":"product_cat-shoes","7":"product_tag-mens-road-running-shoes","9":"first","10":"instock","11":"shipping-taxable","12":"product-type-external"},"aioseo_notices":[],"_links":{"self":[{"href":"https:\/\/topgetestet.de\/index.php?rest_route=\/wp\/v2\/product\/65183","targetHints":{"allow":["GET"]}}],"collection":[{"href":"https:\/\/topgetestet.de\/index.php?rest_route=\/wp\/v2\/product"}],"about":[{"href":"https:\/\/topgetestet.de\/index.php?rest_route=\/wp\/v2\/types\/product"}],"replies":[{"embeddable":true,"href":"https:\/\/topgetestet.de\/index.php?rest_route=%2Fwp%2Fv2%2Fcomments&post=65183"}],"wp:featuredmedia":[{"embeddable":true,"href":"https:\/\/topgetestet.de\/index.php?rest_route=\/wp\/v2\/media\/65184"}],"wp:attachment":[{"href":"https:\/\/topgetestet.de\/index.php?rest_route=%2Fwp%2Fv2%2Fmedia&parent=65183"}],"wp:term":[{"taxonomy":"product_cat","embeddable":true,"href":"https:\/\/topgetestet.de\/index.php?rest_route=%2Fwp%2Fv2%2Fproduct_cat&post=65183"},{"taxonomy":"product_tag","embeddable":true,"href":"https:\/\/topgetestet.de\/index.php?rest_route=%2Fwp%2Fv2%2Fproduct_tag&post=65183"}],"curies":[{"name":"wp","href":"https:\/\/api.w.org\/{rel}","templated":true}]}}