{"id":65118,"date":"2022-10-14T19:19:35","date_gmt":"2022-10-14T19:19:35","guid":{"rendered":"https:\/\/topgetestet.de\/?product=asics-herren-gel-contend-7-laufschuh-5"},"modified":"2022-10-14T19:19:35","modified_gmt":"2022-10-14T19:19:35","slug":"asics-herren-gel-contend-7-laufschuh-5","status":"publish","type":"product","link":"https:\/\/topgetestet.de\/?product=asics-herren-gel-contend-7-laufschuh-5","title":{"rendered":"ASICS Herren Gel-Contend 7 Laufschuh"},"content":{"rendered":"<p>Price: <span style=\"color:#b12704\">[price_with_discount]<\/span><br \/><i><small>(as of [price_update_date] &#8211; <span class=\"wp_automatic_amazon_disclaimer\" title=\"Product prices and availability are accurate as of the date\/time indicated and are subject to change. Any price and availability information displayed on [relevant Amazon Site(s), as applicable] at the time of purchase will apply to the purchase of this product.\">Details<\/span>)<\/small><\/i><\/p>\n<p><a href=\"https:\/\/amazon.de\/dp\/B08PG1F6L9?tag=topgetestet09-21\"><img decoding=\"async\" src=\"https:\/\/i.imgur.com\/ISRHEWs.png\"><\/a><br \/>\n[ad_1]<br \/>\n <span>Erreichen Sie neue Meilensteine mit dem ASICS CONTEND 7 Laufschuh. Geschaffen, um die Stabilit\u00e4t zu bieten, die erforderlich ist, um bis zum Ende zu halten, bietet dieser Schuh eine gute Passform dank der internen Fersenmuschel. Eine herausnehmbare Einlegesohle, das Gel im Fersenbereich und die AmpliFoam-Mittelsohle bieten Komfort und D\u00e4mpfung bei jedem Schritt. Die solide Gummisohle und die verst\u00e4rkte Zehenkappe sorgen f\u00fcr eine lange Haltbarkeit, w\u00e4hrend das athletische Netz den Fu\u00df l\u00e4nger k\u00fchl h\u00e4lt, um neue Herausforderungen zu erledigen. Mit Stolz unser klassisches Logo auf den Seiten zeigt, k\u00f6nnen Sie sicher sein, dass die CONTEND 6 Ihnen Komfort und Schutz bietet, wenn Sie es am meisten brauchen.<\/span> <br \/> Verpackungsabmessungen \u200f : \u200e  31.9 x 19.9 x 12.3 cm; 630 Gramm <br \/> Im Angebot von Amazon.de seit \u200f : \u200e  2. Dezember 2020 <br \/> Hersteller \u200f : \u200e  Asics <br \/> ASIN \u200f : \u200e  B08PFY6186 <br \/> Modellnummer \u200f : \u200e  1011B040-001 <br \/> Kategorie \u200f : \u200e  Herren <\/p>\n<p>Innenmaterial: Synthetic<br \/>Sohle: Gummi<br \/>Verschluss: Schnellverschluss<br \/>Absatzform: Flach<br \/>Materialzusammensetzung: Synthetic<br \/>Schuhweite: Normale<br \/>Wasserfest<br \/>\n<br \/>[ad_2]<\/p>\n","protected":false},"excerpt":{"rendered":"<p>Price: [price_with_discount](as of [price_update_date] &#8211; Details) [ad_1] Erreichen Sie neue Meilensteine mit dem ASICS CONTEND 7 Laufschuh. Geschaffen, um die Stabilit\u00e4t zu bieten, die erforderlich ist, um bis zum Ende<\/p>\n","protected":false},"featured_media":65119,"comment_status":"open","ping_status":"closed","template":"","meta":[],"product_cat":[234],"product_tag":[235],"class_list":{"0":"post-65118","1":"product","2":"type-product","3":"status-publish","4":"has-post-thumbnail","6":"product_cat-shoes","7":"product_tag-mens-road-running-shoes","9":"first","10":"instock","11":"shipping-taxable","12":"product-type-external"},"aioseo_notices":[],"_links":{"self":[{"href":"https:\/\/topgetestet.de\/index.php?rest_route=\/wp\/v2\/product\/65118","targetHints":{"allow":["GET"]}}],"collection":[{"href":"https:\/\/topgetestet.de\/index.php?rest_route=\/wp\/v2\/product"}],"about":[{"href":"https:\/\/topgetestet.de\/index.php?rest_route=\/wp\/v2\/types\/product"}],"replies":[{"embeddable":true,"href":"https:\/\/topgetestet.de\/index.php?rest_route=%2Fwp%2Fv2%2Fcomments&post=65118"}],"wp:featuredmedia":[{"embeddable":true,"href":"https:\/\/topgetestet.de\/index.php?rest_route=\/wp\/v2\/media\/65119"}],"wp:attachment":[{"href":"https:\/\/topgetestet.de\/index.php?rest_route=%2Fwp%2Fv2%2Fmedia&parent=65118"}],"wp:term":[{"taxonomy":"product_cat","embeddable":true,"href":"https:\/\/topgetestet.de\/index.php?rest_route=%2Fwp%2Fv2%2Fproduct_cat&post=65118"},{"taxonomy":"product_tag","embeddable":true,"href":"https:\/\/topgetestet.de\/index.php?rest_route=%2Fwp%2Fv2%2Fproduct_tag&post=65118"}],"curies":[{"name":"wp","href":"https:\/\/api.w.org\/{rel}","templated":true}]}}