{"id":65056,"date":"2022-10-14T19:07:37","date_gmt":"2022-10-14T19:07:37","guid":{"rendered":"https:\/\/topgetestet.de\/?product=altra-mens-al0a546z-superior-5-trail-running-shoe"},"modified":"2022-10-14T19:07:37","modified_gmt":"2022-10-14T19:07:37","slug":"altra-mens-al0a546z-superior-5-trail-running-shoe","status":"publish","type":"product","link":"https:\/\/topgetestet.de\/?product=altra-mens-al0a546z-superior-5-trail-running-shoe","title":{"rendered":"Altra Men&#8217;s AL0A546Z Superior 5 Trail Running Shoe"},"content":{"rendered":"<p>Price: <span style=\"color:#b12704\">[price_with_discount]<\/span><br \/><i><small>(as of [price_update_date] &#8211; <span class=\"wp_automatic_amazon_disclaimer\" title=\"Product prices and availability are accurate as of the date\/time indicated and are subject to change. Any price and availability information displayed on [relevant Amazon Site(s), as applicable] at the time of purchase will apply to the purchase of this product.\">Details<\/span>)<\/small><\/i><\/p>\n<p><a href=\"https:\/\/amazon.de\/dp\/B093XZGQBN?tag=topgetestet09-21\"><img decoding=\"async\" src=\"https:\/\/i.imgur.com\/ISRHEWs.png\"><\/a><br \/>\n[ad_1]<br \/>\n <span>Fliege \u00fcber die Trails mit dem Altra Running Superior 5. Er ist leicht, er ist schnell und immer bereit f\u00fcr den n\u00e4chsten Trail. Denn seine MaxTrac-Laufsohle mit dem multidirektionalen Stollenmuster bringt er maximale Traktion in jedem Gel\u00e4nde. Der herausnehmbare StoneGuard wurde \u00fcberarbeitet und im Material reduziert. Dadurch ist er noch leichter geworden. Die seitlich angen\u00e4hte Burrito-\u00e4hnliche Zunge sorgt f\u00fcr einen festen Sitz. Schl\u00fcpf rein und heb ab \u2013 mit dem Superior 5. Details zum Altra Running M SUPERIOR 5: Gewicht: 251 g Zwischensohle: Quantic Laufsohle: MaxTrac D\u00e4mpfung: Gering Sohlendicke: 21mm Obermaterial: Sandwich Mesh mit robustem seitlichen Overlay<\/span> <br \/> Verpackungsabmessungen \u200f : \u200e  31.5 x 21.89 x 11.91 cm; 789 Gramm <br \/> Im Angebot von Amazon.de seit \u200f : \u200e  15. Januar 2022 <br \/> Hersteller \u200f : \u200e  Altra <br \/> ASIN \u200f : \u200e  B09KTV356B <br \/> Modellnummer \u200f : \u200e  AL0A546Z <br \/> Kategorie \u200f : \u200e  Herren <\/p>\n<p>[ad_2]<\/p>\n","protected":false},"excerpt":{"rendered":"<p>Price: [price_with_discount](as of [price_update_date] &#8211; Details) [ad_1] Fliege \u00fcber die Trails mit dem Altra Running Superior 5. Er ist leicht, er ist schnell und immer bereit f\u00fcr den n\u00e4chsten Trail.<\/p>\n","protected":false},"featured_media":65057,"comment_status":"open","ping_status":"closed","template":"","meta":[],"product_cat":[234],"product_tag":[235],"class_list":{"0":"post-65056","1":"product","2":"type-product","3":"status-publish","4":"has-post-thumbnail","6":"product_cat-shoes","7":"product_tag-mens-road-running-shoes","9":"first","10":"instock","11":"shipping-taxable","12":"product-type-external"},"aioseo_notices":[],"_links":{"self":[{"href":"https:\/\/topgetestet.de\/index.php?rest_route=\/wp\/v2\/product\/65056","targetHints":{"allow":["GET"]}}],"collection":[{"href":"https:\/\/topgetestet.de\/index.php?rest_route=\/wp\/v2\/product"}],"about":[{"href":"https:\/\/topgetestet.de\/index.php?rest_route=\/wp\/v2\/types\/product"}],"replies":[{"embeddable":true,"href":"https:\/\/topgetestet.de\/index.php?rest_route=%2Fwp%2Fv2%2Fcomments&post=65056"}],"wp:featuredmedia":[{"embeddable":true,"href":"https:\/\/topgetestet.de\/index.php?rest_route=\/wp\/v2\/media\/65057"}],"wp:attachment":[{"href":"https:\/\/topgetestet.de\/index.php?rest_route=%2Fwp%2Fv2%2Fmedia&parent=65056"}],"wp:term":[{"taxonomy":"product_cat","embeddable":true,"href":"https:\/\/topgetestet.de\/index.php?rest_route=%2Fwp%2Fv2%2Fproduct_cat&post=65056"},{"taxonomy":"product_tag","embeddable":true,"href":"https:\/\/topgetestet.de\/index.php?rest_route=%2Fwp%2Fv2%2Fproduct_tag&post=65056"}],"curies":[{"name":"wp","href":"https:\/\/api.w.org\/{rel}","templated":true}]}}