{"id":64978,"date":"2022-10-14T18:48:55","date_gmt":"2022-10-14T18:48:55","guid":{"rendered":"https:\/\/topgetestet.de\/?product=adidas-damen-w-3s-ft-fz-hd-sweatshirt-1er-pack"},"modified":"2022-10-14T18:48:55","modified_gmt":"2022-10-14T18:48:55","slug":"adidas-damen-w-3s-ft-fz-hd-sweatshirt-1er-pack","status":"publish","type":"product","link":"https:\/\/topgetestet.de\/?product=adidas-damen-w-3s-ft-fz-hd-sweatshirt-1er-pack","title":{"rendered":"adidas Damen W 3s Ft Fz Hd Sweatshirt (1er Pack)"},"content":{"rendered":"<p>Price: <span style=\"color:#b12704\">[price_with_discount]<\/span><br \/><i><small>(as of [price_update_date] &#8211; <span class=\"wp_automatic_amazon_disclaimer\" title=\"Product prices and availability are accurate as of the date\/time indicated and are subject to change. Any price and availability information displayed on [relevant Amazon Site(s), as applicable] at the time of purchase will apply to the purchase of this product.\">Details<\/span>)<\/small><\/i><\/p>\n<p><a href=\"https:\/\/amazon.de\/dp\/B08Z8F1SH5?tag=topgetestet09-21\"><img decoding=\"async\" src=\"https:\/\/i.imgur.com\/ISRHEWs.png\"><\/a><br \/>\n[ad_1]<br \/>\n <span>SMCA Alle Hausaufgaben auf Ihrer Liste, ohne den Komfort zu beeintr\u00e4chtigen. Die weiche Struktur dieses Adidas -Sweatshirts verleiht der Haut ein angenehmes Gef\u00fchl. Stellen Sie die Motorhaube durch den entsprechenden Lanyard ein und halten Sie die Ablenkungen fern, um einen un\u00fcbertroffenen Komfort im Fitnessstudio oder im B\u00fcro zu erhalten.<\/span> <br \/> Verpackungsabmessungen \u200f : \u200e  35 x 28.4 x 4.6 cm; 440 Gramm <br \/> Im Angebot von Amazon.de seit \u200f : \u200e  17. M\u00e4rz 2021 <br \/> Hersteller \u200f : \u200e  Adidas <br \/> ASIN \u200f : \u200e  B08Z8JQQZ6 <br \/> Modellnummer \u200f : \u200e  GL0804 <br \/> Kategorie \u200f : \u200e  Damen <\/p>\n<p>[ad_2]<\/p>\n","protected":false},"excerpt":{"rendered":"<p>Price: [price_with_discount](as of [price_update_date] &#8211; Details) [ad_1] SMCA Alle Hausaufgaben auf Ihrer Liste, ohne den Komfort zu beeintr\u00e4chtigen. Die weiche Struktur dieses Adidas -Sweatshirts verleiht der Haut ein angenehmes Gef\u00fchl.<\/p>\n","protected":false},"featured_media":64979,"comment_status":"open","ping_status":"closed","template":"","meta":[],"product_cat":[233],"product_tag":[276],"class_list":{"0":"post-64978","1":"product","2":"type-product","3":"status-publish","4":"has-post-thumbnail","6":"product_cat-fitness","7":"product_tag-womens-clothing","9":"first","10":"instock","11":"shipping-taxable","12":"product-type-external"},"aioseo_notices":[],"_links":{"self":[{"href":"https:\/\/topgetestet.de\/index.php?rest_route=\/wp\/v2\/product\/64978","targetHints":{"allow":["GET"]}}],"collection":[{"href":"https:\/\/topgetestet.de\/index.php?rest_route=\/wp\/v2\/product"}],"about":[{"href":"https:\/\/topgetestet.de\/index.php?rest_route=\/wp\/v2\/types\/product"}],"replies":[{"embeddable":true,"href":"https:\/\/topgetestet.de\/index.php?rest_route=%2Fwp%2Fv2%2Fcomments&post=64978"}],"wp:featuredmedia":[{"embeddable":true,"href":"https:\/\/topgetestet.de\/index.php?rest_route=\/wp\/v2\/media\/64979"}],"wp:attachment":[{"href":"https:\/\/topgetestet.de\/index.php?rest_route=%2Fwp%2Fv2%2Fmedia&parent=64978"}],"wp:term":[{"taxonomy":"product_cat","embeddable":true,"href":"https:\/\/topgetestet.de\/index.php?rest_route=%2Fwp%2Fv2%2Fproduct_cat&post=64978"},{"taxonomy":"product_tag","embeddable":true,"href":"https:\/\/topgetestet.de\/index.php?rest_route=%2Fwp%2Fv2%2Fproduct_tag&post=64978"}],"curies":[{"name":"wp","href":"https:\/\/api.w.org\/{rel}","templated":true}]}}