{"id":64874,"date":"2022-10-14T18:31:22","date_gmt":"2022-10-14T18:31:22","guid":{"rendered":"https:\/\/topgetestet.de\/?product=ancestors-the-humankind-odyssey-xbox-one-download-code"},"modified":"2022-10-14T18:31:22","modified_gmt":"2022-10-14T18:31:22","slug":"ancestors-the-humankind-odyssey-xbox-one-download-code","status":"publish","type":"product","link":"https:\/\/topgetestet.de\/?product=ancestors-the-humankind-odyssey-xbox-one-download-code","title":{"rendered":"Ancestors: The Humankind Odyssey | Xbox One &#8211; Download Code"},"content":{"rendered":"<p>Price: <span style=\"color:#b12704\">[price_with_discount]<\/span><br \/><i><small>(as of [price_update_date] &#8211; <span class=\"wp_automatic_amazon_disclaimer\" title=\"Product prices and availability are accurate as of the date\/time indicated and are subject to change. Any price and availability information displayed on [relevant Amazon Site(s), as applicable] at the time of purchase will apply to the purchase of this product.\">Details<\/span>)<\/small><\/i><\/p>\n<p><a href=\"https:\/\/amazon.de\/dp\/B0817GV1X4?tag=topgetestet09-21\"><img decoding=\"async\" src=\"https:\/\/i.imgur.com\/ISRHEWs.png\"><\/a><br \/>\n[ad_1]<br \/>\n <span>Erforschen Sie Afrika vor 10 Millionen Jahren, vergr\u00f6\u00dfern Sie Ihren Clan und entwickeln Sie die n\u00e4chste Generation in Ancestors: The Humankind Odyssey weiter, einem Open-World-Survivalspiel aus der Verfolgerperspektive vom Macher von Assassin&#8217;s Creed. <\/p>\n<p><\/span><br \/> Alterseinstufung \u200f : \u200e  USK ab 18 <br \/> Erscheinungstermin \u200f : \u200e  8. November 2019 <br \/> ASIN \u200f : \u200e  B0817GV1X4 <br \/> Modellnummer \u200f : \u200e  G3Q-00847 <\/p>\n<p>[ad_2]<\/p>\n","protected":false},"excerpt":{"rendered":"<p>Price: [price_with_discount](as of [price_update_date] &#8211; Details) [ad_1] Erforschen Sie Afrika vor 10 Millionen Jahren, vergr\u00f6\u00dfern Sie Ihren Clan und entwickeln Sie die n\u00e4chste Generation in Ancestors: The Humankind Odyssey weiter,<\/p>\n","protected":false},"featured_media":64875,"comment_status":"open","ping_status":"closed","template":"","meta":[],"product_cat":[227],"product_tag":[261],"class_list":{"0":"post-64874","1":"product","2":"type-product","3":"status-publish","4":"has-post-thumbnail","6":"product_cat-gaming","7":"product_tag-playstation-legacy-games","9":"first","10":"instock","11":"shipping-taxable","12":"product-type-external"},"aioseo_notices":[],"_links":{"self":[{"href":"https:\/\/topgetestet.de\/index.php?rest_route=\/wp\/v2\/product\/64874","targetHints":{"allow":["GET"]}}],"collection":[{"href":"https:\/\/topgetestet.de\/index.php?rest_route=\/wp\/v2\/product"}],"about":[{"href":"https:\/\/topgetestet.de\/index.php?rest_route=\/wp\/v2\/types\/product"}],"replies":[{"embeddable":true,"href":"https:\/\/topgetestet.de\/index.php?rest_route=%2Fwp%2Fv2%2Fcomments&post=64874"}],"wp:featuredmedia":[{"embeddable":true,"href":"https:\/\/topgetestet.de\/index.php?rest_route=\/wp\/v2\/media\/64875"}],"wp:attachment":[{"href":"https:\/\/topgetestet.de\/index.php?rest_route=%2Fwp%2Fv2%2Fmedia&parent=64874"}],"wp:term":[{"taxonomy":"product_cat","embeddable":true,"href":"https:\/\/topgetestet.de\/index.php?rest_route=%2Fwp%2Fv2%2Fproduct_cat&post=64874"},{"taxonomy":"product_tag","embeddable":true,"href":"https:\/\/topgetestet.de\/index.php?rest_route=%2Fwp%2Fv2%2Fproduct_tag&post=64874"}],"curies":[{"name":"wp","href":"https:\/\/api.w.org\/{rel}","templated":true}]}}