{"id":64867,"date":"2022-10-14T18:30:15","date_gmt":"2022-10-14T18:30:15","guid":{"rendered":"https:\/\/topgetestet.de\/?product=fjallraven-herren-ovik-travel-ls-m-shirt"},"modified":"2022-10-14T18:30:15","modified_gmt":"2022-10-14T18:30:15","slug":"fjallraven-herren-ovik-travel-ls-m-shirt","status":"publish","type":"product","link":"https:\/\/topgetestet.de\/?product=fjallraven-herren-ovik-travel-ls-m-shirt","title":{"rendered":"Fj\u00e4llr\u00e4ven Herren \u00d6vik Travel Ls M Shirt"},"content":{"rendered":"<p>Price: <span style=\"color:#b12704\">[price_with_discount]<\/span><br \/><i><small>(as of [price_update_date] &#8211; <span class=\"wp_automatic_amazon_disclaimer\" title=\"Product prices and availability are accurate as of the date\/time indicated and are subject to change. Any price and availability information displayed on [relevant Amazon Site(s), as applicable] at the time of purchase will apply to the purchase of this product.\">Details<\/span>)<\/small><\/i><\/p>\n<p><a href=\"https:\/\/amazon.de\/dp\/B07MJGC4HK?tag=topgetestet09-21\"><img decoding=\"async\" src=\"https:\/\/i.imgur.com\/ISRHEWs.png\"><\/a><br \/>\n[ad_1]<br \/>\n <span>Reisen Sie im Stil mit diesem klassischen T-Shirt aus mit einer frischen Mischung aus Hanf. komfortable Passform, das die Luft zirkuliert und die unregelm\u00e4\u00dfige Struktur des Gewebes erm\u00f6glicht, die f\u00fcr eine verbesserte Bel\u00fcftung und ein Gef\u00fchl der Frische von der Haut erh\u00f6ht. Dar\u00fcber hinaus hat Hanf eine nat\u00fcrliche Resistenz gegen Mikroorganismen, einen Vorteil in tropischen Klimazonen. Ein beliebtes k\u00fchl und luftig Reise, die die Temperatur des K\u00f6rper k\u00fchl auch an sehr hei\u00dfen Tagen halten helfen.<\/span> <br \/> Verpackungsabmessungen \u200f : \u200e  34 x 24.5 x 4 cm; 220 Gramm <br \/> Im Angebot von Amazon.de seit \u200f : \u200e  9. Januar 2019 <br \/> Hersteller \u200f : \u200e  Fjallraven <br \/> ASIN \u200f : \u200e  B07MS9VYJ6 <br \/> Modellnummer \u200f : \u200e  82999 <br \/> Kategorie \u200f : \u200e  Herren <\/p>\n<p>Langarmhemd f\u00fcr Herren und Wandern<br \/>Kragenform: Kent<br \/>Langarm<br \/>Verschluss: Pull-On<br \/>100% Polyester<br \/>Shirt<br \/>\n<br \/>[ad_2]<\/p>\n","protected":false},"excerpt":{"rendered":"<p>Price: [price_with_discount](as of [price_update_date] &#8211; Details) [ad_1] Reisen Sie im Stil mit diesem klassischen T-Shirt aus mit einer frischen Mischung aus Hanf. komfortable Passform, das die Luft zirkuliert und die<\/p>\n","protected":false},"featured_media":64868,"comment_status":"open","ping_status":"closed","template":"","meta":[],"product_cat":[231],"product_tag":[],"class_list":{"0":"post-64867","1":"product","2":"type-product","3":"status-publish","4":"has-post-thumbnail","6":"product_cat-mens-fashion","8":"first","9":"instock","10":"shipping-taxable","11":"product-type-external"},"aioseo_notices":[],"_links":{"self":[{"href":"https:\/\/topgetestet.de\/index.php?rest_route=\/wp\/v2\/product\/64867","targetHints":{"allow":["GET"]}}],"collection":[{"href":"https:\/\/topgetestet.de\/index.php?rest_route=\/wp\/v2\/product"}],"about":[{"href":"https:\/\/topgetestet.de\/index.php?rest_route=\/wp\/v2\/types\/product"}],"replies":[{"embeddable":true,"href":"https:\/\/topgetestet.de\/index.php?rest_route=%2Fwp%2Fv2%2Fcomments&post=64867"}],"wp:featuredmedia":[{"embeddable":true,"href":"https:\/\/topgetestet.de\/index.php?rest_route=\/wp\/v2\/media\/64868"}],"wp:attachment":[{"href":"https:\/\/topgetestet.de\/index.php?rest_route=%2Fwp%2Fv2%2Fmedia&parent=64867"}],"wp:term":[{"taxonomy":"product_cat","embeddable":true,"href":"https:\/\/topgetestet.de\/index.php?rest_route=%2Fwp%2Fv2%2Fproduct_cat&post=64867"},{"taxonomy":"product_tag","embeddable":true,"href":"https:\/\/topgetestet.de\/index.php?rest_route=%2Fwp%2Fv2%2Fproduct_tag&post=64867"}],"curies":[{"name":"wp","href":"https:\/\/api.w.org\/{rel}","templated":true}]}}