{"id":64750,"date":"2022-10-14T18:05:04","date_gmt":"2022-10-14T18:05:04","guid":{"rendered":"https:\/\/topgetestet.de\/?product=need-for-speed-unbound-ps5-deutsch"},"modified":"2022-10-14T18:05:04","modified_gmt":"2022-10-14T18:05:04","slug":"need-for-speed-unbound-ps5-deutsch","status":"publish","type":"product","link":"https:\/\/topgetestet.de\/?product=need-for-speed-unbound-ps5-deutsch","title":{"rendered":"Need for Speed Unbound PS5 | Deutsch"},"content":{"rendered":"<p>Price: <span style=\"color:#b12704\">[price_with_discount]<\/span><br \/><i><small>(as of [price_update_date] &#8211; <span class=\"wp_automatic_amazon_disclaimer\" title=\"Product prices and availability are accurate as of the date\/time indicated and are subject to change. Any price and availability information displayed on [relevant Amazon Site(s), as applicable] at the time of purchase will apply to the purchase of this product.\">Details<\/span>)<\/small><\/i><\/p>\n<p><a href=\"https:\/\/amazon.de\/dp\/B0BGM5TLQM?tag=topgetestet09-21\"><img decoding=\"async\" src=\"https:\/\/i.imgur.com\/ISRHEWs.png\"><\/a><br \/>\n[ad_1]<br \/>\n <span>Die ganze Welt in Need for Speed\u2122 Unbound ist dein Spielplatz. Beweise, dass du das Zeug hast, am The Grand teilzunehmen, der ultimativen Streetracing-Herausforderung in Lakeshore. Fahre vier intensive Wochen lang Rennen, w\u00e4hrend du genug Geld f\u00fcr die w\u00f6chentlichen Qualifikationsrennen verdienst, deine Rivalen abh\u00e4ngst, deinen Ruf in der Streetracing-Szene verbesserst und dabei auch noch die Cops an der Nase herumf\u00fchrst. Pr\u00e4sentiere in deiner Garage deine wachsende Sammlung perfekt getunter und personalisierter Wagen und erwecke die Stra\u00dfen mit deinem einzigartigen Style zum Leben. Dabei stehen dir exklusive Outfits und ein pulsierender Soundtrack von A$AP Rocky und AWGE zur Verf\u00fcgung, der garantiert \u00fcberall f\u00fcr Stimmung sorgt. Zeig allen, wer du wirklich bist, mit den angesagtesten Art-Styles und Signature-Tags. Diese neueste Edition der Need for Speed\u2122-Reihe von Criterion Games\u2122 bietet dir mit getrennten Einzel- und Multiplayer-Kampagnen stundenlang elektrisierende und adrenalingeladene Action.<\/span> <br \/> Alterseinstufung \u200f : \u200e  USK ab 12 freigegeben <br \/> Verpackungsabmessungen \u200f : \u200e  17.1 x 13.6 x 1.4 cm; 90 Gramm <br \/> Erscheinungstermin \u200f : \u200e  2. Dezember 2022 <br \/> ASIN \u200f : \u200e  B0BGM5TLQM <br \/> Herkunftsland \u200f : \u200e  Polen <\/p>\n<p>Um an die Spitze zu kommen, musst du Risiken eingehen. Entscheide, wann du alles aufs Spiel setzen, riesige Drifts auf der Stra\u00dfe abziehen, die Cops abh\u00e4ngen oder Nebenwetten mit deinen eigenen Gewinnen gegen gegnerische Racer abschlie\u00dfen willst. Zeit ist Geld. Also finde den schnellsten Weg, um genug Geld zu verdienen, um an der w\u00f6chentlichen Qualifikation teilzunehmen und es zum ultimativen Rennen von Lakeshore zu schaffen \u2013 The Grand.<br \/>Je mehr Rennen du f\u00e4hrst, desto h\u00f6her wird deine Fahndungsstufe. W\u00e4hrend dich die Cops unter Druck setzen, musst du mithilfe neuer Fluchtmechaniken taktische Entscheidungen treffen, um die Kontrolle \u00fcber die Verfolgungsjagd an dich zu rei\u00dfen. Sch\u00fcttelst du die Cops ab, trittst ihnen in einer direkten Konfrontation gegen\u00fcber oder versteckst dich doch lieber in Lakeshores Untergrund? Zeig ihnen, wer auf den Stra\u00dfen das Sagen hat und kassiere Belohnungen.<br \/>Fahre zu einem Treffpunkt und gib mit deinem einzigartigen Style an. Nutze dazu hunderte kosmetische Gegenst\u00e4nde, darunter exklusive Ausr\u00fcstung von den internationalen Pionieren der Modeindustrie. \u00dcbertrage diesen Look auf deinen Wagen, indem du deine Autos mit unverwechselbaren Folien und Neuerungen personalisierst. Hast du den ersten Platz erreicht, reibe es der Konkurrenz mit deinen pers\u00f6nlichen Siegerposen so richtig unter die Nase.<br \/>Entdecke bahnbrechende Hip-Hop-K\u00fcnstler:innen und ihre Interpretationen aus aller Welt mit einem genre\u00fcbergreifenden Soundtrack, angef\u00fchrt von A$AP Rocky und AWGE. Die international vielf\u00e4ltigen Ausdrucksformen des Hip-Hop kommen in einem originalen Soundtrack von Brodinski zum Ausdruck &#8211; dem innovativen franz\u00f6sischen Produzenten, der eine Verbindung zwischen europ\u00e4ischem Techno und der Trap-Szene in Atlanta geschaffen hat &#8211; und verk\u00f6rpern die Untergrund-Kultur, die im Herzen von Lakeshore herrscht.<br \/>\n<br \/>[ad_2]<\/p>\n","protected":false},"excerpt":{"rendered":"<p>Price: [price_with_discount](as of [price_update_date] &#8211; Details) [ad_1] Die ganze Welt in Need for Speed\u2122 Unbound ist dein Spielplatz. Beweise, dass du das Zeug hast, am The Grand teilzunehmen, der ultimativen<\/p>\n","protected":false},"featured_media":64751,"comment_status":"open","ping_status":"closed","template":"","meta":[],"product_cat":[227],"product_tag":[255],"class_list":{"0":"post-64750","1":"product","2":"type-product","3":"status-publish","4":"has-post-thumbnail","6":"product_cat-gaming","7":"product_tag-amazon-games","9":"first","10":"instock","11":"sale","12":"shipping-taxable","13":"product-type-external"},"aioseo_notices":[],"_links":{"self":[{"href":"https:\/\/topgetestet.de\/index.php?rest_route=\/wp\/v2\/product\/64750","targetHints":{"allow":["GET"]}}],"collection":[{"href":"https:\/\/topgetestet.de\/index.php?rest_route=\/wp\/v2\/product"}],"about":[{"href":"https:\/\/topgetestet.de\/index.php?rest_route=\/wp\/v2\/types\/product"}],"replies":[{"embeddable":true,"href":"https:\/\/topgetestet.de\/index.php?rest_route=%2Fwp%2Fv2%2Fcomments&post=64750"}],"wp:featuredmedia":[{"embeddable":true,"href":"https:\/\/topgetestet.de\/index.php?rest_route=\/wp\/v2\/media\/64751"}],"wp:attachment":[{"href":"https:\/\/topgetestet.de\/index.php?rest_route=%2Fwp%2Fv2%2Fmedia&parent=64750"}],"wp:term":[{"taxonomy":"product_cat","embeddable":true,"href":"https:\/\/topgetestet.de\/index.php?rest_route=%2Fwp%2Fv2%2Fproduct_cat&post=64750"},{"taxonomy":"product_tag","embeddable":true,"href":"https:\/\/topgetestet.de\/index.php?rest_route=%2Fwp%2Fv2%2Fproduct_tag&post=64750"}],"curies":[{"name":"wp","href":"https:\/\/api.w.org\/{rel}","templated":true}]}}