{"id":64687,"date":"2022-10-14T17:53:59","date_gmt":"2022-10-14T17:53:59","guid":{"rendered":"https:\/\/topgetestet.de\/?product=amazon-basics-dslr-kamerarucksack-fur-spiegelreflexkameras-und-zubehor-schwarz"},"modified":"2022-10-14T17:53:59","modified_gmt":"2022-10-14T17:53:59","slug":"amazon-basics-dslr-kamerarucksack-fur-spiegelreflexkameras-und-zubehor-schwarz","status":"publish","type":"product","link":"https:\/\/topgetestet.de\/?product=amazon-basics-dslr-kamerarucksack-fur-spiegelreflexkameras-und-zubehor-schwarz","title":{"rendered":"Amazon Basics DSLR-Kamerarucksack f\u00fcr Spiegelreflexkameras und Zubeh\u00f6r schwarz"},"content":{"rendered":"<p>Price: <span style=\"color:#b12704\">[price_with_discount]<\/span><br \/><i><small>(as of [price_update_date] &#8211; <span class=\"wp_automatic_amazon_disclaimer\" title=\"Product prices and availability are accurate as of the date\/time indicated and are subject to change. Any price and availability information displayed on [relevant Amazon Site(s), as applicable] at the time of purchase will apply to the purchase of this product.\">Details<\/span>)<\/small><\/i><\/p>\n<p><a href=\"https:\/\/amazon.de\/dp\/B002VPE1WK?tag=topgetestet09-21\"><img decoding=\"async\" src=\"https:\/\/i.imgur.com\/ISRHEWs.png\"><\/a><br \/>\n[ad_1]<br \/>\n <span class=\"a-text-italic\">AmazonBasics offers everyday items for your home, office, garden and more.<\/span><span> <\/span><span class=\"a-text-bold\">AmazonBasics bietet Alltagsgegenst\u00e4nde f\u00fcr Zuhause, B\u00fcro, Garten und mehr.<\/span><span> <\/span><span class=\"a-text-italic\">With a selection that continues to grow, the AmazonBasics brand is set to become a part of your daily convenience for electronics products and lifestyle.<\/span><span> <\/span><span class=\"a-text-bold\">Mit einer stetig wachsenden Auswahl wird die Marke AmazonBasics zu einem Teil Ihres t\u00e4glichen Komforts f\u00fcr Elektronikprodukte und Lifestyle.<\/span> <br \/>Rucksack h\u00e4lt und sch\u00fctzt 2 kleinere SLR-Kamerageh\u00e4use, 3-4 Objektive und zus\u00e4tzliches kleines Zubeh\u00f6r<br \/>Strapazierf\u00e4higes \u00c4u\u00dferes aus schwarzem Polyester\/Nylon; viel Stauraum im Innenraum<br \/>Produktabmessungen 11,75 x 8,75 x 14,5 Zoll<br \/>Versand in zertifizierter frustrationsfreier Verpackung<br \/>\n<br \/>[ad_2]<\/p>\n","protected":false},"excerpt":{"rendered":"<p>Price: [price_with_discount](as of [price_update_date] &#8211; Details) [ad_1] AmazonBasics offers everyday items for your home, office, garden and more. AmazonBasics bietet Alltagsgegenst\u00e4nde f\u00fcr Zuhause, B\u00fcro, Garten und mehr. With a selection<\/p>\n","protected":false},"featured_media":64688,"comment_status":"open","ping_status":"closed","template":"","meta":[],"product_cat":[225],"product_tag":[],"class_list":{"0":"post-64687","1":"product","2":"type-product","3":"status-publish","4":"has-post-thumbnail","6":"product_cat-electronics","8":"first","9":"instock","10":"sale","11":"shipping-taxable","12":"product-type-external"},"aioseo_notices":[],"_links":{"self":[{"href":"https:\/\/topgetestet.de\/index.php?rest_route=\/wp\/v2\/product\/64687","targetHints":{"allow":["GET"]}}],"collection":[{"href":"https:\/\/topgetestet.de\/index.php?rest_route=\/wp\/v2\/product"}],"about":[{"href":"https:\/\/topgetestet.de\/index.php?rest_route=\/wp\/v2\/types\/product"}],"replies":[{"embeddable":true,"href":"https:\/\/topgetestet.de\/index.php?rest_route=%2Fwp%2Fv2%2Fcomments&post=64687"}],"wp:featuredmedia":[{"embeddable":true,"href":"https:\/\/topgetestet.de\/index.php?rest_route=\/wp\/v2\/media\/64688"}],"wp:attachment":[{"href":"https:\/\/topgetestet.de\/index.php?rest_route=%2Fwp%2Fv2%2Fmedia&parent=64687"}],"wp:term":[{"taxonomy":"product_cat","embeddable":true,"href":"https:\/\/topgetestet.de\/index.php?rest_route=%2Fwp%2Fv2%2Fproduct_cat&post=64687"},{"taxonomy":"product_tag","embeddable":true,"href":"https:\/\/topgetestet.de\/index.php?rest_route=%2Fwp%2Fv2%2Fproduct_tag&post=64687"}],"curies":[{"name":"wp","href":"https:\/\/api.w.org\/{rel}","templated":true}]}}