{"id":64591,"date":"2022-10-14T17:40:50","date_gmt":"2022-10-14T17:40:50","guid":{"rendered":"https:\/\/topgetestet.de\/?product=new-classic-toys-10589-cutting-meal-vegetable-basket"},"modified":"2022-10-14T17:40:50","modified_gmt":"2022-10-14T17:40:50","slug":"new-classic-toys-10589-cutting-meal-vegetable-basket","status":"publish","type":"product","link":"https:\/\/topgetestet.de\/?product=new-classic-toys-10589-cutting-meal-vegetable-basket","title":{"rendered":"New Classic Toys 10589 Cutting Meal-Vegetable Basket"},"content":{"rendered":"<p>Price: <span style=\"color:#b12704\">[price_with_discount]<\/span><br \/><i><small>(as of [price_update_date] &#8211; <span class=\"wp_automatic_amazon_disclaimer\" title=\"Product prices and availability are accurate as of the date\/time indicated and are subject to change. Any price and availability information displayed on [relevant Amazon Site(s), as applicable] at the time of purchase will apply to the purchase of this product.\">Details<\/span>)<\/small><\/i><\/p>\n<p><a href=\"https:\/\/amazon.de\/dp\/B07R2DBXJY?tag=topgetestet09-21\"><img decoding=\"async\" src=\"https:\/\/i.imgur.com\/ISRHEWs.png\"><\/a><br \/>\n[ad_1]<br \/>\n <span>Schneide Set &#8211; Gem\u00fcse im Holzkorb<\/span> <br \/>Spa\u00df: Dieses sch\u00f6ne Spielzeug ist bunt und hat viel Spa\u00df beim Spielen. Die Farbe ist sehr hell. Kinder verbrachten viel Zeit mit Spielen und die Eltern konnten sich endlich ausruhen.<br \/>Lernen: Kultivieren Sie die Farbwahrnehmung der Kinder im Spiel, um die Hand-, Gehirn- und Augenkoordination der Kinder zu trainieren. Eltern, die mit Kindern spielen, bringen ihnen bei, die Form und Eigenschaften von Musikinstrumenten zu verstehen und die kognitiven F\u00e4higkeiten von Kindern zu entwickeln.<br \/>Alter: Dieses spielzeug wurde f\u00fcr alle ab 2 Jahren entwickelt und kann von jedem Kind in der Familie genossen werden<br \/>Bon Appetit: Dieses Spielzeugset ist Teil der &#8220;Bon Appetit&#8221; -Kollektion von New Classic Toys. Schneiden, backen, kochen und fertig zum Abendessen! Unsere kleinen T\u00f6pfe, Pfannen, Stecklinge und K\u00fcchen sind ein absolutes Muss f\u00fcr kleine Meisterk\u00f6che.<br \/>\n<br \/>[ad_2]<\/p>\n","protected":false},"excerpt":{"rendered":"<p>Price: [price_with_discount](as of [price_update_date] &#8211; Details) [ad_1] Schneide Set &#8211; Gem\u00fcse im Holzkorb Spa\u00df: Dieses sch\u00f6ne Spielzeug ist bunt und hat viel Spa\u00df beim Spielen. Die Farbe ist sehr hell.<\/p>\n","protected":false},"featured_media":64592,"comment_status":"open","ping_status":"closed","template":"","meta":[],"product_cat":[227],"product_tag":[270],"class_list":{"0":"post-64591","1":"product","2":"type-product","3":"status-publish","4":"has-post-thumbnail","6":"product_cat-gaming","7":"product_tag-toys-games","9":"first","10":"instock","11":"shipping-taxable","12":"product-type-external"},"aioseo_notices":[],"_links":{"self":[{"href":"https:\/\/topgetestet.de\/index.php?rest_route=\/wp\/v2\/product\/64591","targetHints":{"allow":["GET"]}}],"collection":[{"href":"https:\/\/topgetestet.de\/index.php?rest_route=\/wp\/v2\/product"}],"about":[{"href":"https:\/\/topgetestet.de\/index.php?rest_route=\/wp\/v2\/types\/product"}],"replies":[{"embeddable":true,"href":"https:\/\/topgetestet.de\/index.php?rest_route=%2Fwp%2Fv2%2Fcomments&post=64591"}],"wp:featuredmedia":[{"embeddable":true,"href":"https:\/\/topgetestet.de\/index.php?rest_route=\/wp\/v2\/media\/64592"}],"wp:attachment":[{"href":"https:\/\/topgetestet.de\/index.php?rest_route=%2Fwp%2Fv2%2Fmedia&parent=64591"}],"wp:term":[{"taxonomy":"product_cat","embeddable":true,"href":"https:\/\/topgetestet.de\/index.php?rest_route=%2Fwp%2Fv2%2Fproduct_cat&post=64591"},{"taxonomy":"product_tag","embeddable":true,"href":"https:\/\/topgetestet.de\/index.php?rest_route=%2Fwp%2Fv2%2Fproduct_tag&post=64591"}],"curies":[{"name":"wp","href":"https:\/\/api.w.org\/{rel}","templated":true}]}}