{"id":64577,"date":"2022-10-14T17:38:37","date_gmt":"2022-10-14T17:38:37","guid":{"rendered":"https:\/\/topgetestet.de\/?product=hvepuo-damen-batik-hoodie-bedrucken-pullover-kawaii-kapuzenpullover-farbverlauf-oberteil"},"modified":"2022-10-14T17:38:37","modified_gmt":"2022-10-14T17:38:37","slug":"hvepuo-damen-batik-hoodie-bedrucken-pullover-kawaii-kapuzenpullover-farbverlauf-oberteil","status":"publish","type":"product","link":"https:\/\/topgetestet.de\/?product=hvepuo-damen-batik-hoodie-bedrucken-pullover-kawaii-kapuzenpullover-farbverlauf-oberteil","title":{"rendered":"HVEPUO Damen Batik Hoodie Bedrucken Pullover Kawaii Kapuzenpullover Farbverlauf Oberteil"},"content":{"rendered":"<p>Price: <span style=\"color:#b12704\">[price_with_discount]<\/span><br \/><i><small>(as of [price_update_date] &#8211; <span class=\"wp_automatic_amazon_disclaimer\" title=\"Product prices and availability are accurate as of the date\/time indicated and are subject to change. Any price and availability information displayed on [relevant Amazon Site(s), as applicable] at the time of purchase will apply to the purchase of this product.\">Details<\/span>)<\/small><\/i><\/p>\n<p><a href=\"https:\/\/amazon.de\/dp\/B0B3QLN9SK?tag=topgetestet09-21\"><img decoding=\"async\" src=\"https:\/\/i.imgur.com\/ISRHEWs.png\"><\/a><br \/>\n[ad_1]<\/p>\n<p>       Produktinformation <\/p>\n<h3 class=\"a-spacing-mini\"> <\/h3>\n<p>          <img decoding=\"async\" alt=\"Batik Hoodie Damen\" src=\"https:\/\/images-na.ssl-images-amazon.com\/images\/G\/01\/x-locale\/common\/grey-pixel.gif\" class=\"a-spacing-base a-lazy-loaded\" data-src=\"https:\/\/m.media-amazon.com\/images\/S\/aplus-media-library-service-media\/a03a4ba4-9d7c-4a58-bad1-5a5d7bc34e9d.__CR0,0,970,600_PT0_SX970_V1___.jpg\"><\/p>\n<p>           <img decoding=\"async\" alt=\"Batik Hoodie Damen\" src=\"https:\/\/m.media-amazon.com\/images\/S\/aplus-media-library-service-media\/a03a4ba4-9d7c-4a58-bad1-5a5d7bc34e9d.__CR0,0,970,600_PT0_SX970_V1___.jpg\"><\/p>\n<h3 class=\"a-spacing-mini\"> Modellinformationen <\/h3>\n<p class=\"a-spacing-base\">\n<p>           Nation\uff1a Deutschland<br \/>\n           H\u00f6he: 174 CM<br \/>\n           Brustumfang: 88 CM<br \/>\n           Taille: 60 CM<br \/>\n           H\u00fcften: 90 CM<br \/>\n           Tragegr\u00f6\u00dfe: M<\/p>\n<h3 class=\"a-spacing-mini\"> <\/h3>\n<p>          <img decoding=\"async\" alt=\"Damen Elegant Farbverlauf Kapuzenpullover\" src=\"https:\/\/images-na.ssl-images-amazon.com\/images\/G\/01\/x-locale\/common\/grey-pixel.gif\" class=\"a-spacing-base a-lazy-loaded\" data-src=\"https:\/\/m.media-amazon.com\/images\/S\/aplus-media-library-service-media\/3460912b-f868-4531-afc6-95c946e926fc.__CR0,0,1940,1200_PT0_SX970_V1___.jpg\"><\/p>\n<p>           <img decoding=\"async\" alt=\"Damen Elegant Farbverlauf Kapuzenpullover\" src=\"https:\/\/m.media-amazon.com\/images\/S\/aplus-media-library-service-media\/3460912b-f868-4531-afc6-95c946e926fc.__CR0,0,1940,1200_PT0_SX970_V1___.jpg\"><\/p>\n<h3 class=\"a-spacing-mini\"> Damen Elegant Farbverlauf Kapuzenpullover <\/h3>\n<p class=\"a-spacing-base\"> Material: 95% Polyester+5% Elasthan <\/p>\n<p class=\"a-spacing-base\"> Muster: Batik Blau,Lila,Grau,Orange,Rot <\/p>\n<p class=\"a-spacing-base\"> L\u00e4nge: Mittlere L\u00e4nge <\/p>\n<p class=\"a-spacing-base\"> K\u00f6rpertyp: Lose <\/p>\n<p class=\"a-spacing-base\"> Stofffunktion: Kein Ball, kein Ausbleichen, Stoffgewicht 280G <\/p>\n<p class=\"a-spacing-base\"> Merkmal: Wir verwenden Druck- und F\u00e4rbetechnologie, die Farbe \u00e4ndert sich nat\u00fcrlich, sehr sch\u00f6n. Verblasst oder knittert nicht durch Waschen. <\/p>\n<h3 class=\"a-spacing-mini\"> <\/h3>\n<p>          <img decoding=\"async\" alt=\"TIE DYE HOODIE\" src=\"https:\/\/images-na.ssl-images-amazon.com\/images\/G\/01\/x-locale\/common\/grey-pixel.gif\" class=\"a-spacing-base a-lazy-loaded\" data-src=\"https:\/\/m.media-amazon.com\/images\/S\/aplus-media-library-service-media\/dcdd1ae0-e10b-4438-8a23-1d5ed57d9c9e.__CR0,0,1940,1200_PT0_SX970_V1___.jpg\"><\/p>\n<p>           <img decoding=\"async\" alt=\"TIE DYE HOODIE\" src=\"https:\/\/m.media-amazon.com\/images\/S\/aplus-media-library-service-media\/dcdd1ae0-e10b-4438-8a23-1d5ed57d9c9e.__CR0,0,1940,1200_PT0_SX970_V1___.jpg\"><\/p>\n<h3 class=\"a-spacing-mini\"> Damen Hoodies Farbblock Sweatshirt Gestreifte Pullover Kapuzenpullover Langarm Kordelzug Oberteil mit Taschen <\/h3>\n<p class=\"a-spacing-base\"> Sch\u00f6ne sanfte Farben, weich und kuschlig. Oversized und figurkaschierend. Hat W\u00e4sche und auch Trockner unbeschadet \u00fcberlebt. <\/p>\n<h3 class=\"a-spacing-mini\"> <\/h3>\n<p>          <img decoding=\"async\" alt=\"Hoodies F\u00fcr Teenager M\u00e4dchen\" src=\"https:\/\/images-na.ssl-images-amazon.com\/images\/G\/01\/x-locale\/common\/grey-pixel.gif\" class=\"a-spacing-base a-lazy-loaded\" data-src=\"https:\/\/m.media-amazon.com\/images\/S\/aplus-media-library-service-media\/20947bd6-05ec-4afc-a6cc-939ab42eb065.__CR0,0,1940,1200_PT0_SX970_V1___.jpg\"><\/p>\n<p>           <img decoding=\"async\" alt=\"Hoodies F\u00fcr Teenager M\u00e4dchen\" src=\"https:\/\/m.media-amazon.com\/images\/S\/aplus-media-library-service-media\/20947bd6-05ec-4afc-a6cc-939ab42eb065.__CR0,0,1940,1200_PT0_SX970_V1___.jpg\"><\/p>\n<h3 class=\"a-spacing-mini\"> K\u00e4ufer zeigen <\/h3>\n<p> Produktabmessungen \u200f : \u200e  20.32 x 15.24 x 1.27 cm; 360 Gramm <br \/> Im Angebot von Amazon.de seit \u200f : \u200e  30. Oktober 2021 <br \/> ASIN \u200f : \u200e  B09GV26ZNN <br \/> Kategorie \u200f : \u200e  Damen <\/p>\n<p>Eigenschaften: Batik pullover,Gewirke,K\u00e4ngurutasche vorne , lockere Passform, Gradient Design, Kordelzug.<br \/>Verschluss: Pull-on<br \/>Synthetik<br \/>Pflegehinweis: Nur Handw\u00e4sche<br \/>Anwendbare Anl\u00e4sse: atmungsaktives und leichtes Gewebe. Sehr gut geeignet f\u00fcr Freizeit, Party, Strand, Club, Arbeit, t\u00e4gliche Aktivit\u00e4ten im Freien. Geeignet f\u00fcr den Herbst und Winter<br \/>WASHANG-Erinnerung: Maschine \/ Handw\u00e4sche \/ W\u00e4schetrocknen \/ nicht bleichen.Die hoodie wurde aus einem hochwertiger weicher Material, atmungsaktiv, sehr angenehm zu tragen.<br \/>Bitte lesen Sie unsere Gr\u00f6\u00dfentabelle (das letzte Produktbild) (XS=DE32,S=DE34,M=DE36-38.L=DE40,XL=DE42-44,XXL=DE46-48)<br \/>\n<br \/>[ad_2]<\/p>\n","protected":false},"excerpt":{"rendered":"<p>Price: [price_with_discount](as of [price_update_date] &#8211; Details) [ad_1] Produktinformation Modellinformationen Nation\uff1a Deutschland H\u00f6he: 174 CM Brustumfang: 88 CM Taille: 60 CM H\u00fcften: 90 CM Tragegr\u00f6\u00dfe: M Damen Elegant Farbverlauf Kapuzenpullover Material:<\/p>\n","protected":false},"featured_media":64578,"comment_status":"open","ping_status":"closed","template":"","meta":[],"product_cat":[232],"product_tag":[],"class_list":{"0":"post-64577","1":"product","2":"type-product","3":"status-publish","4":"has-post-thumbnail","6":"product_cat-women-fashion","8":"first","9":"instock","10":"shipping-taxable","11":"product-type-external"},"aioseo_notices":[],"_links":{"self":[{"href":"https:\/\/topgetestet.de\/index.php?rest_route=\/wp\/v2\/product\/64577","targetHints":{"allow":["GET"]}}],"collection":[{"href":"https:\/\/topgetestet.de\/index.php?rest_route=\/wp\/v2\/product"}],"about":[{"href":"https:\/\/topgetestet.de\/index.php?rest_route=\/wp\/v2\/types\/product"}],"replies":[{"embeddable":true,"href":"https:\/\/topgetestet.de\/index.php?rest_route=%2Fwp%2Fv2%2Fcomments&post=64577"}],"wp:featuredmedia":[{"embeddable":true,"href":"https:\/\/topgetestet.de\/index.php?rest_route=\/wp\/v2\/media\/64578"}],"wp:attachment":[{"href":"https:\/\/topgetestet.de\/index.php?rest_route=%2Fwp%2Fv2%2Fmedia&parent=64577"}],"wp:term":[{"taxonomy":"product_cat","embeddable":true,"href":"https:\/\/topgetestet.de\/index.php?rest_route=%2Fwp%2Fv2%2Fproduct_cat&post=64577"},{"taxonomy":"product_tag","embeddable":true,"href":"https:\/\/topgetestet.de\/index.php?rest_route=%2Fwp%2Fv2%2Fproduct_tag&post=64577"}],"curies":[{"name":"wp","href":"https:\/\/api.w.org\/{rel}","templated":true}]}}