{"id":64507,"date":"2022-10-14T17:23:14","date_gmt":"2022-10-14T17:23:14","guid":{"rendered":"https:\/\/topgetestet.de\/?product=cecil-damen-jeanshose"},"modified":"2022-10-14T17:23:14","modified_gmt":"2022-10-14T17:23:14","slug":"cecil-damen-jeanshose","status":"publish","type":"product","link":"https:\/\/topgetestet.de\/?product=cecil-damen-jeanshose","title":{"rendered":"Cecil Damen Jeanshose"},"content":{"rendered":"<p>Price: <span style=\"color:#b12704\">[price_with_discount]<\/span><br \/><i><small>(as of [price_update_date] &#8211; <span class=\"wp_automatic_amazon_disclaimer\" title=\"Product prices and availability are accurate as of the date\/time indicated and are subject to change. Any price and availability information displayed on [relevant Amazon Site(s), as applicable] at the time of purchase will apply to the purchase of this product.\">Details<\/span>)<\/small><\/i><\/p>\n<p><a href=\"https:\/\/amazon.de\/dp\/B0B5DL3LVD?tag=topgetestet09-21\"><img decoding=\"async\" src=\"https:\/\/i.imgur.com\/ISRHEWs.png\"><\/a><br \/>\n[ad_1]<br \/>\n <span>Eine CECIL Jeans ist wie Ihre neue beste Freundin \u2013 f\u00fcr jeden Spa\u00df zu haben, stets bequem und schmeichelnd. Sie sind wahre Allrounder und aus keinem Kleiderschrank mehr wegzudenken \u2013 ob als Skinny Jeans, im Loose Fit, mit High oder Mid Rise Bundh\u00f6he, Cropped in 7\/8-oder 3\/4-L\u00e4nge, im Used Look, als Boyfriend Jeans, oder mit Allover-Print. CECIL Jeans k\u00f6nnen viel und sind dabei herrlich unkompliziert. Finden Sie unter unseren bekannten Styles wie Toronto, Scarlett oder Charlize den passenden Fit, der Sie perfekt in Szene setzt und zu Ihrer Pers\u00f6nlichkeit passt. Egal ob im Sommer zum T-Shirt, modisch zur Printbluse oder l\u00e4ssig zum Blazer &#8211; st\u00e4ndig erleben unsere Jeans neue Trend-Updates und lassen sich stets vielseitig kombinieren. Ein gern gesehener Trend Klassiker ist hierbei die moderne High Waist Jeans, die mit ihrem hohen Bund an der H\u00fcfte und an der Taille schmal sitzt und somit optisch jeder Silhouette schmeichelt. Dank elastischer Qualit\u00e4ten sind nicht nur diese, sondern alle unsere CECIL Denims zudem \u00e4u\u00dferst bequem und bieten einen fantastischen Tragekomfort\u2013 lassen sich von Ihrer neuen Lieblingsjeans \u00fcberzeugen!<\/span> <br \/> Verpackungsabmessungen \u200f : \u200e  29.1 x 28.9 x 6.8 cm; 590 Gramm <br \/> Im Angebot von Amazon.de seit \u200f : \u200e  29. Juni 2022 <br \/> Hersteller \u200f : \u200e  CECIL (CECI8) <br \/> ASIN \u200f : \u200e  B0B5DKDZX7 <br \/> Modellnummer \u200f : \u200e  B375281 <br \/> Kategorie \u200f : \u200e  Damen <\/p>\n<p>Die schwarz Damenjeans ist ein Allrounder und kann vielfach kombiniert werden, zus\u00e4tzlich schmeichelt der hohe Bund der Figur<br \/>Hoher Bund<br \/>Verschluss: Rei\u00dfverschluss, Knopf<br \/>54% Baumwolle, 23% Polyester, 21% Recycelte Baumwolle, 2% Elasthan<br \/>Jeans<br \/>Pflegehinweis: Maschinenw\u00e4sche<br \/>\n<br \/>[ad_2]<\/p>\n","protected":false},"excerpt":{"rendered":"<p>Price: [price_with_discount](as of [price_update_date] &#8211; Details) [ad_1] Eine CECIL Jeans ist wie Ihre neue beste Freundin \u2013 f\u00fcr jeden Spa\u00df zu haben, stets bequem und schmeichelnd. Sie sind wahre Allrounder<\/p>\n","protected":false},"featured_media":64508,"comment_status":"open","ping_status":"closed","template":"","meta":[],"product_cat":[232],"product_tag":[],"class_list":{"0":"post-64507","1":"product","2":"type-product","3":"status-publish","4":"has-post-thumbnail","6":"product_cat-women-fashion","8":"first","9":"instock","10":"shipping-taxable","11":"product-type-external"},"aioseo_notices":[],"_links":{"self":[{"href":"https:\/\/topgetestet.de\/index.php?rest_route=\/wp\/v2\/product\/64507","targetHints":{"allow":["GET"]}}],"collection":[{"href":"https:\/\/topgetestet.de\/index.php?rest_route=\/wp\/v2\/product"}],"about":[{"href":"https:\/\/topgetestet.de\/index.php?rest_route=\/wp\/v2\/types\/product"}],"replies":[{"embeddable":true,"href":"https:\/\/topgetestet.de\/index.php?rest_route=%2Fwp%2Fv2%2Fcomments&post=64507"}],"wp:featuredmedia":[{"embeddable":true,"href":"https:\/\/topgetestet.de\/index.php?rest_route=\/wp\/v2\/media\/64508"}],"wp:attachment":[{"href":"https:\/\/topgetestet.de\/index.php?rest_route=%2Fwp%2Fv2%2Fmedia&parent=64507"}],"wp:term":[{"taxonomy":"product_cat","embeddable":true,"href":"https:\/\/topgetestet.de\/index.php?rest_route=%2Fwp%2Fv2%2Fproduct_cat&post=64507"},{"taxonomy":"product_tag","embeddable":true,"href":"https:\/\/topgetestet.de\/index.php?rest_route=%2Fwp%2Fv2%2Fproduct_tag&post=64507"}],"curies":[{"name":"wp","href":"https:\/\/api.w.org\/{rel}","templated":true}]}}