{"id":64491,"date":"2022-10-14T17:19:20","date_gmt":"2022-10-14T17:19:20","guid":{"rendered":"https:\/\/topgetestet.de\/?product=nike-herren-air-max-vg-r-laufschuh"},"modified":"2022-10-14T17:19:20","modified_gmt":"2022-10-14T17:19:20","slug":"nike-herren-air-max-vg-r-laufschuh","status":"publish","type":"product","link":"https:\/\/topgetestet.de\/?product=nike-herren-air-max-vg-r-laufschuh","title":{"rendered":"Nike Herren Air Max Vg-r Laufschuh"},"content":{"rendered":"<p>Price: <span style=\"color:#b12704\">[price_with_discount]<\/span><br \/><i><small>(as of [price_update_date] &#8211; <span class=\"wp_automatic_amazon_disclaimer\" title=\"Product prices and availability are accurate as of the date\/time indicated and are subject to change. Any price and availability information displayed on [relevant Amazon Site(s), as applicable] at the time of purchase will apply to the purchase of this product.\">Details<\/span>)<\/small><\/i><\/p>\n<p><a href=\"https:\/\/amazon.de\/dp\/B098P9R6KT?tag=topgetestet09-21\"><img decoding=\"async\" src=\"https:\/\/i.imgur.com\/ISRHEWs.png\"><\/a><br \/>\n[ad_1]<br \/>\n <span>Freizeit-Schuh NIKE AIR MAX VG-R; Sei der Zeit mit dem Nike Air Max VG-R, einer modernen Kombination aus Tempo und Air, voraus. Das neue Design \u00e4hnelt dem Air Max 95; mit seinen vom menschlichen K\u00f6rper inspirierten Details. Die dynamische Form mit Hybridlinien erinnert an GT-Rennwagen und die schnelle Atmung der Fahrer. Das Mesh-Obermaterial aus Monofilgarn sorgt f\u00fcr eine reichhaltige Textur und Bel\u00fcftung, w\u00e4hrend die Air. D\u00e4mpfung an der Ferse die Schritte abfedert. Gewinnen ist ein Kinderspiel, wenn die Schuhe eine Verl\u00e4ngerung des K\u00f6rpers sind.<\/span> <br \/> Verpackungsabmessungen \u200f : \u200e  32.99 x 21.41 x 11.61 cm; 680 Gramm <br \/> Im Angebot von Amazon.de seit \u200f : \u200e  30. September 2020 <br \/> Hersteller \u200f : \u200e  Nike <br \/> ASIN \u200f : \u200e  B082R797RT <br \/> Modellnummer \u200f : \u200e  CK7583-103 <br \/> Kategorie \u200f : \u200e  Herren <\/p>\n<p>Innenmaterial: Synthetik<br \/>Sohle: Gummi<br \/>Verschluss: Schn\u00fcrung<br \/>Absatzform: Flach<br \/>Materialzusammensetzung: Synthetik<br \/>Schuhweite: Normale<br \/>Nicht wasserfest<br \/>\n<br \/>[ad_2]<\/p>\n","protected":false},"excerpt":{"rendered":"<p>Price: [price_with_discount](as of [price_update_date] &#8211; Details) [ad_1] Freizeit-Schuh NIKE AIR MAX VG-R; Sei der Zeit mit dem Nike Air Max VG-R, einer modernen Kombination aus Tempo und Air, voraus. Das<\/p>\n","protected":false},"featured_media":64492,"comment_status":"open","ping_status":"closed","template":"","meta":[],"product_cat":[234],"product_tag":[235],"class_list":{"0":"post-64491","1":"product","2":"type-product","3":"status-publish","4":"has-post-thumbnail","6":"product_cat-shoes","7":"product_tag-mens-road-running-shoes","9":"first","10":"instock","11":"shipping-taxable","12":"product-type-external"},"aioseo_notices":[],"_links":{"self":[{"href":"https:\/\/topgetestet.de\/index.php?rest_route=\/wp\/v2\/product\/64491","targetHints":{"allow":["GET"]}}],"collection":[{"href":"https:\/\/topgetestet.de\/index.php?rest_route=\/wp\/v2\/product"}],"about":[{"href":"https:\/\/topgetestet.de\/index.php?rest_route=\/wp\/v2\/types\/product"}],"replies":[{"embeddable":true,"href":"https:\/\/topgetestet.de\/index.php?rest_route=%2Fwp%2Fv2%2Fcomments&post=64491"}],"wp:featuredmedia":[{"embeddable":true,"href":"https:\/\/topgetestet.de\/index.php?rest_route=\/wp\/v2\/media\/64492"}],"wp:attachment":[{"href":"https:\/\/topgetestet.de\/index.php?rest_route=%2Fwp%2Fv2%2Fmedia&parent=64491"}],"wp:term":[{"taxonomy":"product_cat","embeddable":true,"href":"https:\/\/topgetestet.de\/index.php?rest_route=%2Fwp%2Fv2%2Fproduct_cat&post=64491"},{"taxonomy":"product_tag","embeddable":true,"href":"https:\/\/topgetestet.de\/index.php?rest_route=%2Fwp%2Fv2%2Fproduct_tag&post=64491"}],"curies":[{"name":"wp","href":"https:\/\/api.w.org\/{rel}","templated":true}]}}