{"id":64443,"date":"2022-10-14T17:13:15","date_gmt":"2022-10-14T17:13:15","guid":{"rendered":"https:\/\/topgetestet.de\/?product=amazon-essentials-herren-standardgrose-pique-poloshirt-aus-baumwolle-normale-passform"},"modified":"2022-10-14T17:13:15","modified_gmt":"2022-10-14T17:13:15","slug":"amazon-essentials-herren-standardgrose-pique-poloshirt-aus-baumwolle-normale-passform","status":"publish","type":"product","link":"https:\/\/topgetestet.de\/?product=amazon-essentials-herren-standardgrose-pique-poloshirt-aus-baumwolle-normale-passform","title":{"rendered":"Amazon Essentials Herren Standardgr\u00f6\u00dfe Piqu\u00e9-Poloshirt aus Baumwolle, Normale Passform"},"content":{"rendered":"<p>Price: <span style=\"color:#b12704\">[price_with_discount]<\/span><br \/><i><small>(as of [price_update_date] &#8211; <span class=\"wp_automatic_amazon_disclaimer\" title=\"Product prices and availability are accurate as of the date\/time indicated and are subject to change. Any price and availability information displayed on [relevant Amazon Site(s), as applicable] at the time of purchase will apply to the purchase of this product.\">Details<\/span>)<\/small><\/i><\/p>\n<p><a href=\"https:\/\/amazon.de\/dp\/B07XF7D5D9?tag=topgetestet09-21\"><img decoding=\"async\" src=\"https:\/\/i.imgur.com\/ISRHEWs.png\"><\/a><br \/>\n[ad_1]<br \/>\n <span>Amazon Essentials konzentriert sich darauf, erschwingliche, hochwertige und langlebige Alltagskleidung zu schaffen, auf die Sie sich verlassen k\u00f6nnen. Unsere Linie von Must-Haves f\u00fcr M\u00e4nner umfasst Poloshirts, Chinohosen, Shorts, l\u00e4ssige Button-downs und Rundhals-T-Shirts. Unsere konsistente Gr\u00f6\u00dfe nimmt das R\u00e4tselraten beim Einkaufen und jedes St\u00fcck wird auf die Probe gestellt, um h\u00f6chste Anspr\u00fcche an Qualit\u00e4t und Komfort zu erf\u00fcllen.<\/span> <br \/> Verpackungsabmessungen \u200f : \u200e  30.99 x 24.89 x 2.79 cm; 250 Gramm <br \/> Im Angebot von Amazon.de seit \u200f : \u200e  14. Mai 2020 <br \/> Hersteller \u200f : \u200e  Amazon Essentials <br \/> ASIN \u200f : \u200e  B07XD4QH73 <br \/> Modellnummer \u200f : \u200e  F16AE40000_OB Deal Teens <br \/> Kategorie \u200f : \u200e  Herren <\/p>\n<p>Leichter, atmungsaktiver Piqu\u00e9-Strick-Stoff<br \/>Kurzarm<br \/>Verschluss: No Closure<br \/>100% Baumwolle<br \/>Regular-Fit Cotton Pique Polo Shirt_Last Chance Colors<br \/>Pflegehinweis: Maschinenw\u00e4sche<br \/>\n<br \/>[ad_2]<\/p>\n","protected":false},"excerpt":{"rendered":"<p>Price: [price_with_discount](as of [price_update_date] &#8211; Details) [ad_1] Amazon Essentials konzentriert sich darauf, erschwingliche, hochwertige und langlebige Alltagskleidung zu schaffen, auf die Sie sich verlassen k\u00f6nnen. Unsere Linie von Must-Haves f\u00fcr<\/p>\n","protected":false},"featured_media":64444,"comment_status":"open","ping_status":"closed","template":"","meta":[],"product_cat":[231],"product_tag":[],"class_list":{"0":"post-64443","1":"product","2":"type-product","3":"status-publish","4":"has-post-thumbnail","6":"product_cat-mens-fashion","8":"first","9":"instock","10":"shipping-taxable","11":"product-type-external"},"aioseo_notices":[],"_links":{"self":[{"href":"https:\/\/topgetestet.de\/index.php?rest_route=\/wp\/v2\/product\/64443","targetHints":{"allow":["GET"]}}],"collection":[{"href":"https:\/\/topgetestet.de\/index.php?rest_route=\/wp\/v2\/product"}],"about":[{"href":"https:\/\/topgetestet.de\/index.php?rest_route=\/wp\/v2\/types\/product"}],"replies":[{"embeddable":true,"href":"https:\/\/topgetestet.de\/index.php?rest_route=%2Fwp%2Fv2%2Fcomments&post=64443"}],"wp:featuredmedia":[{"embeddable":true,"href":"https:\/\/topgetestet.de\/index.php?rest_route=\/wp\/v2\/media\/64444"}],"wp:attachment":[{"href":"https:\/\/topgetestet.de\/index.php?rest_route=%2Fwp%2Fv2%2Fmedia&parent=64443"}],"wp:term":[{"taxonomy":"product_cat","embeddable":true,"href":"https:\/\/topgetestet.de\/index.php?rest_route=%2Fwp%2Fv2%2Fproduct_cat&post=64443"},{"taxonomy":"product_tag","embeddable":true,"href":"https:\/\/topgetestet.de\/index.php?rest_route=%2Fwp%2Fv2%2Fproduct_tag&post=64443"}],"curies":[{"name":"wp","href":"https:\/\/api.w.org\/{rel}","templated":true}]}}