{"id":64417,"date":"2022-10-14T17:08:57","date_gmt":"2022-10-14T17:08:57","guid":{"rendered":"https:\/\/topgetestet.de\/?product=salomon-speedcross-4-trailrunning-schuhen-herren"},"modified":"2022-10-14T17:08:57","modified_gmt":"2022-10-14T17:08:57","slug":"salomon-speedcross-4-trailrunning-schuhen-herren","status":"publish","type":"product","link":"https:\/\/topgetestet.de\/?product=salomon-speedcross-4-trailrunning-schuhen-herren","title":{"rendered":"Salomon Speedcross 4 Trailrunning-Schuhen Herren"},"content":{"rendered":"<p>Price: <span style=\"color:#b12704\">[price_with_discount]<\/span><br \/><i><small>(as of [price_update_date] &#8211; <span class=\"wp_automatic_amazon_disclaimer\" title=\"Product prices and availability are accurate as of the date\/time indicated and are subject to change. Any price and availability information displayed on [relevant Amazon Site(s), as applicable] at the time of purchase will apply to the purchase of this product.\">Details<\/span>)<\/small><\/i><\/p>\n<p><a href=\"https:\/\/amazon.de\/dp\/B017SQWUKG?tag=topgetestet09-21\"><img decoding=\"async\" src=\"https:\/\/i.imgur.com\/ISRHEWs.png\"><\/a><br \/>\n[ad_1]<\/p>\n<p>       Von der Marke <\/p>\n<p>             <img decoding=\"async\" alt=\"Salomon\" src=\"https:\/\/images-na.ssl-images-amazon.com\/images\/G\/01\/x-locale\/common\/grey-pixel.gif\" class=\"a-lazy-loaded\" data-src=\"https:\/\/m.media-amazon.com\/images\/S\/aplus-media\/sota\/030c1203-ffd6-4177-8b6d-2c2a82d302ad.__CR0,0,1464,625_PT0_SX1464_V1___.png\"><\/p>\n<p>              <img decoding=\"async\" alt=\"Salomon\" src=\"https:\/\/m.media-amazon.com\/images\/S\/aplus-media\/sota\/030c1203-ffd6-4177-8b6d-2c2a82d302ad.__CR0,0,1464,625_PT0_SX1464_V1___.png\"><\/p>\n<p>                   <img decoding=\"async\" alt=\"Salomon Team\" src=\"https:\/\/images-na.ssl-images-amazon.com\/images\/G\/01\/x-locale\/common\/grey-pixel.gif\" class=\"a-lazy-loaded\" data-src=\"https:\/\/m.media-amazon.com\/images\/S\/aplus-media\/sota\/5520c864-c284-46e1-b380-c8a84a1c3ce0.__CR0,0,315,145_PT0_SX315_V1___.png\"><\/p>\n<p>                    <img decoding=\"async\" alt=\"Salomon Team\" src=\"https:\/\/m.media-amazon.com\/images\/S\/aplus-media\/sota\/5520c864-c284-46e1-b380-c8a84a1c3ce0.__CR0,0,315,145_PT0_SX315_V1___.png\"><\/p>\n<p> WIR ERM\u00d6GLICHEN ES MENSCHEN SICH WEITERZUENTWICKELN, SPASS ZU HABEN UND MIT DER NATUR IN VERBINDUNG ZU SEIN <\/p>\n<p> In einer Gesellschaft, in der Geschindigkeit und Stress den Ton angeben, nehmen sich die Menschen immer weniger Zeit, um zu spielen und mit der Natur in Kontakt zu treten. <\/p>\n<p>                     Why do we love what we do?  <\/p>\n<p> Wir spielen unvoreingenommen mit den Regeln, um sie besser zu genie\u00dfen. Neugierig, verspielt und optimistisch, aber fokussiert, engagiert und leidenschaftlich \u2013 alles zur gleichen Zeit. Wir haben Appetit auf das Leben und die M\u00f6glichkeiten, die es bereith\u00e4lt. <\/p>\n<p>                     What makes our products unique?  <\/p>\n<p> Wir entwickeln die n\u00e4chste Generation von Ausr\u00fcstung und Erlebnissen und erm\u00f6glichen es Menschen dank unserer einzigartigen Denkweise, die Freude zu erleben, sich in ihrem Sport zu verbessern. <\/p>\n<p>                     What problem are we solving?  <\/p>\n<p> Das Leben ist voller Freude und M\u00f6glichkeiten, deshalb erfinden wir st\u00e4ndig neues, um die Dinge voranzutreiben, auch wenn das bedeutet, dass wir die Regeln neu schreiben m\u00fcssen. <\/p>\n<h3> unsere neue Kollektion <\/h3>\n<p class=\"apm-brand-story-stores-link\">\n<h3> f\u00fcr junge Abenteurer <\/h3>\n<p class=\"apm-brand-story-stores-link\">\n<p>                   <img decoding=\"async\" alt=\"Play Minded Program\" src=\"https:\/\/images-na.ssl-images-amazon.com\/images\/G\/01\/x-locale\/common\/grey-pixel.gif\" class=\"a-lazy-loaded\" data-src=\"https:\/\/m.media-amazon.com\/images\/S\/aplus-media\/sota\/7bad0f1e-2f8f-4d69-b63c-cc30818d6b29.__CR0,0,362,453_PT0_SX362_V1___.png\"><\/p>\n<p>                    <img decoding=\"async\" alt=\"Play Minded Program\" src=\"https:\/\/m.media-amazon.com\/images\/S\/aplus-media\/sota\/7bad0f1e-2f8f-4d69-b63c-cc30818d6b29.__CR0,0,362,453_PT0_SX362_V1___.png\"><\/p>\n<h3> Committed to play responsibly <\/h3>\n<p> Wir sind spielfreudig, wissen aber auch, dass wir verantwortungsbewusst spielen m\u00fcssen. Dieses Gef\u00fchl der Verantwortung treibt uns an. <\/p>\n<p>[ad_2]<\/p>\n","protected":false},"excerpt":{"rendered":"<p>Price: [price_with_discount](as of [price_update_date] &#8211; Details) [ad_1] Von der Marke WIR ERM\u00d6GLICHEN ES MENSCHEN SICH WEITERZUENTWICKELN, SPASS ZU HABEN UND MIT DER NATUR IN VERBINDUNG ZU SEIN In einer Gesellschaft,<\/p>\n","protected":false},"featured_media":64418,"comment_status":"open","ping_status":"closed","template":"","meta":[],"product_cat":[234],"product_tag":[235],"class_list":{"0":"post-64417","1":"product","2":"type-product","3":"status-publish","4":"has-post-thumbnail","6":"product_cat-shoes","7":"product_tag-mens-road-running-shoes","9":"first","10":"instock","11":"shipping-taxable","12":"product-type-external"},"aioseo_notices":[],"_links":{"self":[{"href":"https:\/\/topgetestet.de\/index.php?rest_route=\/wp\/v2\/product\/64417","targetHints":{"allow":["GET"]}}],"collection":[{"href":"https:\/\/topgetestet.de\/index.php?rest_route=\/wp\/v2\/product"}],"about":[{"href":"https:\/\/topgetestet.de\/index.php?rest_route=\/wp\/v2\/types\/product"}],"replies":[{"embeddable":true,"href":"https:\/\/topgetestet.de\/index.php?rest_route=%2Fwp%2Fv2%2Fcomments&post=64417"}],"wp:featuredmedia":[{"embeddable":true,"href":"https:\/\/topgetestet.de\/index.php?rest_route=\/wp\/v2\/media\/64418"}],"wp:attachment":[{"href":"https:\/\/topgetestet.de\/index.php?rest_route=%2Fwp%2Fv2%2Fmedia&parent=64417"}],"wp:term":[{"taxonomy":"product_cat","embeddable":true,"href":"https:\/\/topgetestet.de\/index.php?rest_route=%2Fwp%2Fv2%2Fproduct_cat&post=64417"},{"taxonomy":"product_tag","embeddable":true,"href":"https:\/\/topgetestet.de\/index.php?rest_route=%2Fwp%2Fv2%2Fproduct_tag&post=64417"}],"curies":[{"name":"wp","href":"https:\/\/api.w.org\/{rel}","templated":true}]}}