{"id":64384,"date":"2022-10-14T17:03:27","date_gmt":"2022-10-14T17:03:27","guid":{"rendered":"https:\/\/topgetestet.de\/?product=marvels-avengers-ps5"},"modified":"2022-10-14T17:03:27","modified_gmt":"2022-10-14T17:03:27","slug":"marvels-avengers-ps5","status":"publish","type":"product","link":"https:\/\/topgetestet.de\/?product=marvels-avengers-ps5","title":{"rendered":"Marvel&#8217;s Avengers Ps5"},"content":{"rendered":"<p>Price: <span style=\"color:#b12704\">[price_with_discount]<\/span><br \/><i><small>(as of [price_update_date] &#8211; <span class=\"wp_automatic_amazon_disclaimer\" title=\"Product prices and availability are accurate as of the date\/time indicated and are subject to change. Any price and availability information displayed on [relevant Amazon Site(s), as applicable] at the time of purchase will apply to the purchase of this product.\">Details<\/span>)<\/small><\/i><\/p>\n<p><a href=\"https:\/\/amazon.de\/dp\/B08WSY4GGJ?tag=topgetestet09-21\"><img decoding=\"async\" src=\"https:\/\/i.imgur.com\/ISRHEWs.png\"><\/a><br \/>\n[ad_1]<br \/>\n <span>Stelle dein Team aus den m\u00e4chtigsten Helden der Erde zusammen, sp\u00fcre deine Kr\u00e4fte und lebe deine Superheldentr\u00e4ume. Marvel&#8217;s Avengers ist ein episches Third-Person-Action-Adventure, das eine einzigartige, kinoreife Story mit Einzelspieler- und Koop-Gameplay kombiniert. Stelle online ein Team aus bis zu vier Spielern zusammen, meistere au\u00dfergew\u00f6hnliche F\u00e4higkeiten, passe eine immer gr\u00f6\u00dfer werdende Auswahl von Helden an, und verteidige die Erde gegen eskalierende Bedrohungen. Marvel&#8217;s Avengers beginnt am A-Day, als Captain America, Iron Man, Hulk, Black Widow und Thor ein High-Tech-Hauptquartier der Avengers in San Francisco er\u00f6ffnen. Die Feier endet t\u00f6dlich, als ein mysteri\u00f6ser Feind einen katastrophalen Unfall provoziert, der zu gewaltiger Zerst\u00f6rung f\u00fchrt. Als die Avengers f\u00fcr die Trag\u00f6die verantwortlich gemacht werden, l\u00f6sen sie sich auf. F\u00fcnf Jahre sp\u00e4ter alle Superhelden gelten als Gesetzlose und die Welt ist in Gefahr &#8211; beginnt ein atemberaubendes Abenteuer, als eine entschlossene junge Frau namens Kamala Khan aufbricht, um die Avengers wieder zusammenzubringen und die unkontrollierte Macht einer neuen Geheimorganisation namens AIM zu brechen. Marvel&#8217;s Avengers setzt die epische Reise mit neuen Helden und Erz\u00e4hlstr\u00e4ngen kontinuierlich fort, um das ultimative Avengers-Spielerlebnis zu schaffen.<\/span> <br \/> Sprache \u200f : \u200e  Englisch <br \/> Handbuch \u200f : \u200e  Englisch <br \/> Produktabmessungen \u200f : \u200e  14 x 2 x 17.4 cm; 0.09 Gramm <br \/> Erscheinungstermin \u200f : \u200e  14. August 2020 <br \/> Untertitel: \u200f : \u200e  Englisch <br \/> ASIN \u200f : \u200e  B08WSY4GGJ <br \/> Modellnummer \u200f : \u200e  SQEA34.UK.24ST <br \/> Herkunftsland \u200f : \u200e  \u00d6sterreich <\/p>\n<p>Schalte m\u00e4chtige F\u00e4higkeiten und neue Ausr\u00fcstung frei, und erstelle damit deine bevorzugte Version der m\u00e4chtigsten Helden der Erde<br \/>Bis zu vier Spieler k\u00f6nnen sich online zusammenschlie\u00dfen, um die Erde gegen eskalierende Bedrohungen zu verteidigen<br \/>Die Story wird sich \u00fcber mehrere Jahre hinweg entfalten, ohne zufallsbedingte Lootboxen oder Pay-to-Win<br \/>\n<br \/>[ad_2]<\/p>\n","protected":false},"excerpt":{"rendered":"<p>Price: [price_with_discount](as of [price_update_date] &#8211; Details) [ad_1] Stelle dein Team aus den m\u00e4chtigsten Helden der Erde zusammen, sp\u00fcre deine Kr\u00e4fte und lebe deine Superheldentr\u00e4ume. Marvel&#8217;s Avengers ist ein episches Third-Person-Action-Adventure,<\/p>\n","protected":false},"featured_media":64385,"comment_status":"open","ping_status":"closed","template":"","meta":[],"product_cat":[227],"product_tag":[261],"class_list":{"0":"post-64384","1":"product","2":"type-product","3":"status-publish","4":"has-post-thumbnail","6":"product_cat-gaming","7":"product_tag-playstation-legacy-games","9":"first","10":"instock","11":"sale","12":"shipping-taxable","13":"product-type-external"},"aioseo_notices":[],"_links":{"self":[{"href":"https:\/\/topgetestet.de\/index.php?rest_route=\/wp\/v2\/product\/64384","targetHints":{"allow":["GET"]}}],"collection":[{"href":"https:\/\/topgetestet.de\/index.php?rest_route=\/wp\/v2\/product"}],"about":[{"href":"https:\/\/topgetestet.de\/index.php?rest_route=\/wp\/v2\/types\/product"}],"replies":[{"embeddable":true,"href":"https:\/\/topgetestet.de\/index.php?rest_route=%2Fwp%2Fv2%2Fcomments&post=64384"}],"wp:featuredmedia":[{"embeddable":true,"href":"https:\/\/topgetestet.de\/index.php?rest_route=\/wp\/v2\/media\/64385"}],"wp:attachment":[{"href":"https:\/\/topgetestet.de\/index.php?rest_route=%2Fwp%2Fv2%2Fmedia&parent=64384"}],"wp:term":[{"taxonomy":"product_cat","embeddable":true,"href":"https:\/\/topgetestet.de\/index.php?rest_route=%2Fwp%2Fv2%2Fproduct_cat&post=64384"},{"taxonomy":"product_tag","embeddable":true,"href":"https:\/\/topgetestet.de\/index.php?rest_route=%2Fwp%2Fv2%2Fproduct_tag&post=64384"}],"curies":[{"name":"wp","href":"https:\/\/api.w.org\/{rel}","templated":true}]}}