{"id":64310,"date":"2022-10-14T16:45:11","date_gmt":"2022-10-14T16:45:11","guid":{"rendered":"https:\/\/topgetestet.de\/?product=tommy-hilfiger-sneaker-schnurer-label-intarsie-ziernahte-weis"},"modified":"2022-10-14T16:45:11","modified_gmt":"2022-10-14T16:45:11","slug":"tommy-hilfiger-sneaker-schnurer-label-intarsie-ziernahte-weis","status":"publish","type":"product","link":"https:\/\/topgetestet.de\/?product=tommy-hilfiger-sneaker-schnurer-label-intarsie-ziernahte-weis","title":{"rendered":"Tommy Hilfiger Sneaker Schn\u00fcrer Label-Intarsie Ziern\u00e4hte wei\u00df"},"content":{"rendered":"<p>Price: <span style=\"color:#b12704\">[price_with_discount]<\/span><br \/><i><small>(as of [price_update_date] &#8211; <span class=\"wp_automatic_amazon_disclaimer\" title=\"Product prices and availability are accurate as of the date\/time indicated and are subject to change. Any price and availability information displayed on [relevant Amazon Site(s), as applicable] at the time of purchase will apply to the purchase of this product.\">Details<\/span>)<\/small><\/i><\/p>\n<p><a href=\"https:\/\/amazon.de\/dp\/B09X4JZK43?tag=topgetestet09-21\"><img decoding=\"async\" src=\"https:\/\/i.imgur.com\/ISRHEWs.png\"><\/a><br \/>\n[ad_1]<br \/>\n <span>Cooler Sneaker von TOMMY HILFIGER zum Schn\u00fcren mit trendstarker Logo-Intarsie und Ziern\u00e4hten. Ein trendiger Begleiter f\u00fcr l\u00e4ssige Casual-Looks. Aus Leder gefertigt.<\/span> <br \/> Produktabmessungen \u200f : \u200e  30 x 20 x 12 cm; 850 Gramm <br \/> Im Angebot von Amazon.de seit \u200f : \u200e  3. April 2022 <br \/> Hersteller \u200f : \u200e  Tommy Hilfiger <br \/> ASIN \u200f : \u200e  B09X4JZK43 <br \/> Modellnummer \u200f : \u200e  FW0FW06455\/DW5 <br \/> Kategorie \u200f : \u200e  Damen <\/p>\n<p>[ad_2]<\/p>\n","protected":false},"excerpt":{"rendered":"<p>Price: [price_with_discount](as of [price_update_date] &#8211; Details) [ad_1] Cooler Sneaker von TOMMY HILFIGER zum Schn\u00fcren mit trendstarker Logo-Intarsie und Ziern\u00e4hten. Ein trendiger Begleiter f\u00fcr l\u00e4ssige Casual-Looks. Aus Leder gefertigt. Produktabmessungen \u200f<\/p>\n","protected":false},"featured_media":64311,"comment_status":"open","ping_status":"closed","template":"","meta":[],"product_cat":[230],"product_tag":[266],"class_list":{"0":"post-64310","1":"product","2":"type-product","3":"status-publish","4":"has-post-thumbnail","6":"product_cat-fashion","7":"product_tag-womens-fashion-sneakers","9":"first","10":"instock","11":"shipping-taxable","12":"product-type-external"},"aioseo_notices":[],"_links":{"self":[{"href":"https:\/\/topgetestet.de\/index.php?rest_route=\/wp\/v2\/product\/64310","targetHints":{"allow":["GET"]}}],"collection":[{"href":"https:\/\/topgetestet.de\/index.php?rest_route=\/wp\/v2\/product"}],"about":[{"href":"https:\/\/topgetestet.de\/index.php?rest_route=\/wp\/v2\/types\/product"}],"replies":[{"embeddable":true,"href":"https:\/\/topgetestet.de\/index.php?rest_route=%2Fwp%2Fv2%2Fcomments&post=64310"}],"wp:featuredmedia":[{"embeddable":true,"href":"https:\/\/topgetestet.de\/index.php?rest_route=\/wp\/v2\/media\/64311"}],"wp:attachment":[{"href":"https:\/\/topgetestet.de\/index.php?rest_route=%2Fwp%2Fv2%2Fmedia&parent=64310"}],"wp:term":[{"taxonomy":"product_cat","embeddable":true,"href":"https:\/\/topgetestet.de\/index.php?rest_route=%2Fwp%2Fv2%2Fproduct_cat&post=64310"},{"taxonomy":"product_tag","embeddable":true,"href":"https:\/\/topgetestet.de\/index.php?rest_route=%2Fwp%2Fv2%2Fproduct_tag&post=64310"}],"curies":[{"name":"wp","href":"https:\/\/api.w.org\/{rel}","templated":true}]}}