{"id":64262,"date":"2022-10-14T16:32:19","date_gmt":"2022-10-14T16:32:19","guid":{"rendered":"https:\/\/topgetestet.de\/?product=xbox-wireless-controller-mineral-camo-special-edition"},"modified":"2022-10-14T16:32:19","modified_gmt":"2022-10-14T16:32:19","slug":"xbox-wireless-controller-mineral-camo-special-edition","status":"publish","type":"product","link":"https:\/\/topgetestet.de\/?product=xbox-wireless-controller-mineral-camo-special-edition","title":{"rendered":"Xbox Wireless Controller &#8211; Mineral Camo Special Edition"},"content":{"rendered":"<p>Price: <span style=\"color:#b12704\">[price_with_discount]<\/span><br \/><i><small>(as of [price_update_date] &#8211; <span class=\"wp_automatic_amazon_disclaimer\" title=\"Product prices and availability are accurate as of the date\/time indicated and are subject to change. Any price and availability information displayed on [relevant Amazon Site(s), as applicable] at the time of purchase will apply to the purchase of this product.\">Details<\/span>)<\/small><\/i><\/p>\n<p><a href=\"https:\/\/amazon.de\/dp\/B093X59B31?tag=topgetestet09-21\"><img decoding=\"async\" src=\"https:\/\/i.imgur.com\/ISRHEWs.png\"><\/a><br \/>\n[ad_1]<br \/>\n <span>Donnez une nouvelle dimension \u00e0 votre jeu.&nbsp;Repoussez les limites de la r\u00e9alit\u00e9 avec la manette sans fil Xbox \u2013 \u00c9dition limit\u00e9e Mineral Camo Bleue , avec des reflets bleus changeants et des surfaces textur\u00e9es arborant des tourbillons. Simplifi\u00e9e pour plus de confort avec un Croix directionnelle hybride et une surface textur\u00e9e sur les g\u00e2chettes et l\u2019arri\u00e8re de la manette. Enregistrez et partagez du contenu facilement avec le bouton de partage d\u00e9di\u00e9. Couplez rapidement les p\u00e9riph\u00e9riques, jouez sur celui que vous voulez et basculez facilement d\u2019un appareil \u00e0 l\u2019autre, notamment les consoles Xbox Series X|S, Xbox One, les PC Windows 10 ainsi que les appareils mobiles.*<\/span> <br \/> Alterseinstufung \u200f : \u200e  USK ab 0 freigegeben <br \/> Sprache \u200f : \u200e  Franz\u00f6sisch <br \/> Produktabmessungen \u200f : \u200e  17.8 x 17.7 x 7.2 cm; 540 Gramm <br \/> Erscheinungstermin \u200f : \u200e  3. Oktober 2022 <br \/> ASIN \u200f : \u200e  B093X59B31 <br \/> Modellnummer \u200f : \u200e  QAU-00074 <br \/> Herkunftsland \u200f : \u200e  Deutschland <\/p>\n<p>Sie k\u00f6nnen den Controller auf ihre Bed\u00fcrfnisse anpassen und \u00fcber die Xbox Zubeh\u00f6r-App die Tasten so zuweisen, wie Sie m\u00f6chten<br \/>An der 3,5mm-Stereo-Headsetbuchse kannst du kompatible Headsets und Kopfh\u00f6rer anschlie\u00dfen<br \/>Verf\u00fcgt \u00fcber Xbox Wireless- und Bluetooth-Technologie f\u00fcr drahtloses Gaming auf unterst\u00fctzten Konsolen, Windows 10-PCs, Android-Smartphones sowie Tablets<br \/>\n<br \/>[ad_2]<\/p>\n","protected":false},"excerpt":{"rendered":"<p>Price: [price_with_discount](as of [price_update_date] &#8211; Details) [ad_1] Donnez une nouvelle dimension \u00e0 votre jeu.&nbsp;Repoussez les limites de la r\u00e9alit\u00e9 avec la manette sans fil Xbox \u2013 \u00c9dition limit\u00e9e Mineral Camo<\/p>\n","protected":false},"featured_media":64263,"comment_status":"open","ping_status":"closed","template":"","meta":[],"product_cat":[227],"product_tag":[255],"class_list":{"0":"post-64262","1":"product","2":"type-product","3":"status-publish","4":"has-post-thumbnail","6":"product_cat-gaming","7":"product_tag-amazon-games","9":"first","10":"instock","11":"shipping-taxable","12":"product-type-external"},"aioseo_notices":[],"_links":{"self":[{"href":"https:\/\/topgetestet.de\/index.php?rest_route=\/wp\/v2\/product\/64262","targetHints":{"allow":["GET"]}}],"collection":[{"href":"https:\/\/topgetestet.de\/index.php?rest_route=\/wp\/v2\/product"}],"about":[{"href":"https:\/\/topgetestet.de\/index.php?rest_route=\/wp\/v2\/types\/product"}],"replies":[{"embeddable":true,"href":"https:\/\/topgetestet.de\/index.php?rest_route=%2Fwp%2Fv2%2Fcomments&post=64262"}],"wp:featuredmedia":[{"embeddable":true,"href":"https:\/\/topgetestet.de\/index.php?rest_route=\/wp\/v2\/media\/64263"}],"wp:attachment":[{"href":"https:\/\/topgetestet.de\/index.php?rest_route=%2Fwp%2Fv2%2Fmedia&parent=64262"}],"wp:term":[{"taxonomy":"product_cat","embeddable":true,"href":"https:\/\/topgetestet.de\/index.php?rest_route=%2Fwp%2Fv2%2Fproduct_cat&post=64262"},{"taxonomy":"product_tag","embeddable":true,"href":"https:\/\/topgetestet.de\/index.php?rest_route=%2Fwp%2Fv2%2Fproduct_tag&post=64262"}],"curies":[{"name":"wp","href":"https:\/\/api.w.org\/{rel}","templated":true}]}}