{"id":64252,"date":"2022-10-14T16:29:59","date_gmt":"2022-10-14T16:29:59","guid":{"rendered":"https:\/\/topgetestet.de\/?product=puma-damen-bikini-style-underwear-2er-pack"},"modified":"2022-10-14T16:29:59","modified_gmt":"2022-10-14T16:29:59","slug":"puma-damen-bikini-style-underwear-2er-pack","status":"publish","type":"product","link":"https:\/\/topgetestet.de\/?product=puma-damen-bikini-style-underwear-2er-pack","title":{"rendered":"PUMA Damen Bikini Style Underwear (2er Pack)"},"content":{"rendered":"<p>Price: <span style=\"color:#b12704\">[price_with_discount]<\/span><br \/><i><small>(as of [price_update_date] &#8211; <span class=\"wp_automatic_amazon_disclaimer\" title=\"Product prices and availability are accurate as of the date\/time indicated and are subject to change. Any price and availability information displayed on [relevant Amazon Site(s), as applicable] at the time of purchase will apply to the purchase of this product.\">Details<\/span>)<\/small><\/i><\/p>\n<p><a href=\"https:\/\/amazon.de\/dp\/B084R3JQKD?tag=topgetestet09-21\"><img decoding=\"async\" src=\"https:\/\/i.imgur.com\/ISRHEWs.png\"><\/a><br \/>\n[ad_1]<br \/>\n <span>Der PUMA Iconic-Bikini-Slip (2er-Pack) ist eine authentische Darstellung der Marke PUMA. Eine Verschmelzung der Welten der Mode und des Sports. Der legend\u00e4re Bikini-Slip ist aus einem weichen Baumwoll-Modal-Stretchstoff gefertigt. Das gibt dir die Leichtigkeit, Herausforderungen anzunehmen, und die Freiheit, das auf deine eigene Weise zu tun. Die Bikini-Silhouette ist ideal f\u00fcr diejenigen, die ein niedriges H\u00f6schen mit moderater Abdeckung w\u00fcnschen. Zu den Hauptmerkmalen geh\u00f6ren: der ikonische PUMA-Logo-Bund, die niedrigere Silhouette mit moderater Abdeckung und der weiche Baumwoll-Modal-Mischstretchstoff.<\/span> <br \/> Verpackungsabmessungen \u200f : \u200e  34 x 25 x 20 cm; 1 Kilogramm <br \/> Im Angebot von Amazon.de seit \u200f : \u200e  7. Oktober 2020 <br \/> Hersteller \u200f : \u200e  PUMA <br \/> ASIN \u200f : \u200e  B0919J95NR <br \/> Herstellerreferenz \u200f : \u200e  603031001 <br \/> Kategorie \u200f : \u200e  Damen <\/p>\n<p>Zusammengesetzt<br \/>\n<br \/>[ad_2]<\/p>\n","protected":false},"excerpt":{"rendered":"<p>Price: [price_with_discount](as of [price_update_date] &#8211; Details) [ad_1] Der PUMA Iconic-Bikini-Slip (2er-Pack) ist eine authentische Darstellung der Marke PUMA. Eine Verschmelzung der Welten der Mode und des Sports. Der legend\u00e4re Bikini-Slip<\/p>\n","protected":false},"featured_media":64253,"comment_status":"open","ping_status":"closed","template":"","meta":[],"product_cat":[232],"product_tag":[],"class_list":{"0":"post-64252","1":"product","2":"type-product","3":"status-publish","4":"has-post-thumbnail","6":"product_cat-women-fashion","8":"first","9":"instock","10":"shipping-taxable","11":"product-type-external"},"aioseo_notices":[],"_links":{"self":[{"href":"https:\/\/topgetestet.de\/index.php?rest_route=\/wp\/v2\/product\/64252","targetHints":{"allow":["GET"]}}],"collection":[{"href":"https:\/\/topgetestet.de\/index.php?rest_route=\/wp\/v2\/product"}],"about":[{"href":"https:\/\/topgetestet.de\/index.php?rest_route=\/wp\/v2\/types\/product"}],"replies":[{"embeddable":true,"href":"https:\/\/topgetestet.de\/index.php?rest_route=%2Fwp%2Fv2%2Fcomments&post=64252"}],"wp:featuredmedia":[{"embeddable":true,"href":"https:\/\/topgetestet.de\/index.php?rest_route=\/wp\/v2\/media\/64253"}],"wp:attachment":[{"href":"https:\/\/topgetestet.de\/index.php?rest_route=%2Fwp%2Fv2%2Fmedia&parent=64252"}],"wp:term":[{"taxonomy":"product_cat","embeddable":true,"href":"https:\/\/topgetestet.de\/index.php?rest_route=%2Fwp%2Fv2%2Fproduct_cat&post=64252"},{"taxonomy":"product_tag","embeddable":true,"href":"https:\/\/topgetestet.de\/index.php?rest_route=%2Fwp%2Fv2%2Fproduct_tag&post=64252"}],"curies":[{"name":"wp","href":"https:\/\/api.w.org\/{rel}","templated":true}]}}