{"id":63714,"date":"2022-10-14T14:17:01","date_gmt":"2022-10-14T14:17:01","guid":{"rendered":"https:\/\/topgetestet.de\/?product=brooks-herren-defyance-11-running-shoe"},"modified":"2022-10-14T14:17:01","modified_gmt":"2022-10-14T14:17:01","slug":"brooks-herren-defyance-11-running-shoe","status":"publish","type":"product","link":"https:\/\/topgetestet.de\/?product=brooks-herren-defyance-11-running-shoe","title":{"rendered":"Brooks Herren Defyance 11 Running Shoe"},"content":{"rendered":"<p>Price: <span style=\"color:#b12704\">[price_with_discount]<\/span><br \/><i><small>(as of [price_update_date] &#8211; <span class=\"wp_automatic_amazon_disclaimer\" title=\"Product prices and availability are accurate as of the date\/time indicated and are subject to change. Any price and availability information displayed on [relevant Amazon Site(s), as applicable] at the time of purchase will apply to the purchase of this product.\">Details<\/span>)<\/small><\/i><\/p>\n<p><a href=\"https:\/\/amazon.de\/dp\/B089QM3MTJ?tag=topgetestet09-21\"><img decoding=\"async\" src=\"https:\/\/i.imgur.com\/ISRHEWs.png\"><\/a><br \/>\n[ad_1]<br \/>\n <span>Der defyance 11 Laufschuh kombiniert ein s\u00fc\u00dfes Kissen und ein weiches Laufgef\u00fchl in einem vielseitigen Schuh. Dieser zuverl\u00e4ssige Laufschuh ist schlanker und bietet ein weicheres Gef\u00fchl als jemals unter den F\u00fc\u00dfen. Der diagonal Rollbar bietet mehr Unterst\u00fctzung, um \u00dcberg\u00e4nge von der Ferse zur Zehe zu erleichtern. Die sto\u00dfd\u00e4mpfende Zwischensohle in BioMoGo DNA passt sich dynamisch ihren Bewegungen an. Das asymmetrische Band mit verstellbaren \u00d6sen beginnt an der Ferse und umschlie\u00dft den medialen Teil des Fu\u00dfes und sorgt f\u00fcr einen sicheren Halt.<\/span> <br \/> Verpackungsabmessungen \u200f : \u200e  31 x 19 x 12 cm; 680 Gramm <br \/> Im Angebot von Amazon.de seit \u200f : \u200e  5. Juni 2020 <br \/> Hersteller \u200f : \u200e  Brooks <br \/> ASIN \u200f : \u200e  B089QLBHFG <br \/> Modellnummer \u200f : \u200e  1103321B <br \/> Kategorie \u200f : \u200e  Herren <\/p>\n<p>Innenmaterial: Synthetik<br \/>Sohle: Gummi<br \/>Verschluss: Schn\u00fcrung<br \/>Absatzform: Flach<br \/>Schuhweite: medium<br \/>Nicht wasserfest<br \/>\n<br \/>[ad_2]<\/p>\n","protected":false},"excerpt":{"rendered":"<p>Price: [price_with_discount](as of [price_update_date] &#8211; Details) [ad_1] Der defyance 11 Laufschuh kombiniert ein s\u00fc\u00dfes Kissen und ein weiches Laufgef\u00fchl in einem vielseitigen Schuh. Dieser zuverl\u00e4ssige Laufschuh ist schlanker und bietet<\/p>\n","protected":false},"featured_media":63715,"comment_status":"open","ping_status":"closed","template":"","meta":[],"product_cat":[234],"product_tag":[235],"class_list":{"0":"post-63714","1":"product","2":"type-product","3":"status-publish","4":"has-post-thumbnail","6":"product_cat-shoes","7":"product_tag-mens-road-running-shoes","9":"first","10":"instock","11":"shipping-taxable","12":"product-type-external"},"aioseo_notices":[],"_links":{"self":[{"href":"https:\/\/topgetestet.de\/index.php?rest_route=\/wp\/v2\/product\/63714","targetHints":{"allow":["GET"]}}],"collection":[{"href":"https:\/\/topgetestet.de\/index.php?rest_route=\/wp\/v2\/product"}],"about":[{"href":"https:\/\/topgetestet.de\/index.php?rest_route=\/wp\/v2\/types\/product"}],"replies":[{"embeddable":true,"href":"https:\/\/topgetestet.de\/index.php?rest_route=%2Fwp%2Fv2%2Fcomments&post=63714"}],"wp:featuredmedia":[{"embeddable":true,"href":"https:\/\/topgetestet.de\/index.php?rest_route=\/wp\/v2\/media\/63715"}],"wp:attachment":[{"href":"https:\/\/topgetestet.de\/index.php?rest_route=%2Fwp%2Fv2%2Fmedia&parent=63714"}],"wp:term":[{"taxonomy":"product_cat","embeddable":true,"href":"https:\/\/topgetestet.de\/index.php?rest_route=%2Fwp%2Fv2%2Fproduct_cat&post=63714"},{"taxonomy":"product_tag","embeddable":true,"href":"https:\/\/topgetestet.de\/index.php?rest_route=%2Fwp%2Fv2%2Fproduct_tag&post=63714"}],"curies":[{"name":"wp","href":"https:\/\/api.w.org\/{rel}","templated":true}]}}