{"id":63587,"date":"2022-10-14T13:44:07","date_gmt":"2022-10-14T13:44:07","guid":{"rendered":"https:\/\/topgetestet.de\/?product=candice-cooper-damen-rock-s-gymnastikschuh"},"modified":"2022-10-14T13:44:07","modified_gmt":"2022-10-14T13:44:07","slug":"candice-cooper-damen-rock-s-gymnastikschuh","status":"publish","type":"product","link":"https:\/\/topgetestet.de\/?product=candice-cooper-damen-rock-s-gymnastikschuh","title":{"rendered":"Candice Cooper Damen Rock S Gymnastikschuh"},"content":{"rendered":"<p>Price: <span style=\"color:#b12704\">[price_with_discount]<\/span><br \/><i><small>(as of [price_update_date] &#8211; <span class=\"wp_automatic_amazon_disclaimer\" title=\"Product prices and availability are accurate as of the date\/time indicated and are subject to change. Any price and availability information displayed on [relevant Amazon Site(s), as applicable] at the time of purchase will apply to the purchase of this product.\">Details<\/span>)<\/small><\/i><\/p>\n<p><a href=\"https:\/\/amazon.de\/dp\/B09BZXW2G1?tag=topgetestet09-21\"><img decoding=\"async\" src=\"https:\/\/i.imgur.com\/ISRHEWs.png\"><\/a><br \/>\n[ad_1]<br \/>\n <span>Niedriger Sneaker mit Linien, die von den Basketball-Modellen der 90er Jahre inspiriert sind. Das Obermaterial aus buntem Veloursleder wird durch Eins\u00e4tze aus Leder in Vintage-Optik an der Zehenkappe und der Ferse sowie durch die Kanten mit sichtbaren N\u00e4hten erg\u00e4nzt. Die herausnehmbare Innensohle und die schmale Laufsohle aus Gummi vervollst\u00e4ndigen das Design.<\/span> <br \/> Verpackungsabmessungen \u200f : \u200e  29.5 x 18.9 x 11.4 cm; 930 Gramm <br \/> Im Angebot von Amazon.de seit \u200f : \u200e  5. August 2021 <br \/> Hersteller \u200f : \u200e  Falc S.p.A. <br \/> ASIN \u200f : \u200e  B09BZWVQMV <br \/> Modellnummer \u200f : \u200e  2016540_15 <br \/> Kategorie \u200f : \u200e  Damen <\/p>\n<p>Innenmaterial: Textil<br \/>Sohle: Thermoplastisches Polyurethan<br \/>Verschluss: Schn\u00fcrung<br \/>Absatzform: Kein Absatz<br \/>Schuhweite: Normale<br \/>Nicht wasserfest<br \/>Kn\u00f6chel<br \/>\n<br \/>[ad_2]<\/p>\n","protected":false},"excerpt":{"rendered":"<p>Price: [price_with_discount](as of [price_update_date] &#8211; Details) [ad_1] Niedriger Sneaker mit Linien, die von den Basketball-Modellen der 90er Jahre inspiriert sind. Das Obermaterial aus buntem Veloursleder wird durch Eins\u00e4tze aus Leder<\/p>\n","protected":false},"featured_media":63588,"comment_status":"open","ping_status":"closed","template":"","meta":[],"product_cat":[230],"product_tag":[266],"class_list":{"0":"post-63587","1":"product","2":"type-product","3":"status-publish","4":"has-post-thumbnail","6":"product_cat-fashion","7":"product_tag-womens-fashion-sneakers","9":"first","10":"instock","11":"shipping-taxable","12":"product-type-external"},"aioseo_notices":[],"_links":{"self":[{"href":"https:\/\/topgetestet.de\/index.php?rest_route=\/wp\/v2\/product\/63587","targetHints":{"allow":["GET"]}}],"collection":[{"href":"https:\/\/topgetestet.de\/index.php?rest_route=\/wp\/v2\/product"}],"about":[{"href":"https:\/\/topgetestet.de\/index.php?rest_route=\/wp\/v2\/types\/product"}],"replies":[{"embeddable":true,"href":"https:\/\/topgetestet.de\/index.php?rest_route=%2Fwp%2Fv2%2Fcomments&post=63587"}],"wp:featuredmedia":[{"embeddable":true,"href":"https:\/\/topgetestet.de\/index.php?rest_route=\/wp\/v2\/media\/63588"}],"wp:attachment":[{"href":"https:\/\/topgetestet.de\/index.php?rest_route=%2Fwp%2Fv2%2Fmedia&parent=63587"}],"wp:term":[{"taxonomy":"product_cat","embeddable":true,"href":"https:\/\/topgetestet.de\/index.php?rest_route=%2Fwp%2Fv2%2Fproduct_cat&post=63587"},{"taxonomy":"product_tag","embeddable":true,"href":"https:\/\/topgetestet.de\/index.php?rest_route=%2Fwp%2Fv2%2Fproduct_tag&post=63587"}],"curies":[{"name":"wp","href":"https:\/\/api.w.org\/{rel}","templated":true}]}}