{"id":63530,"date":"2022-10-14T13:30:44","date_gmt":"2022-10-14T13:30:44","guid":{"rendered":"https:\/\/topgetestet.de\/?product=desires-damen-henrikka-bluse"},"modified":"2022-10-14T13:30:44","modified_gmt":"2022-10-14T13:30:44","slug":"desires-damen-henrikka-bluse","status":"publish","type":"product","link":"https:\/\/topgetestet.de\/?product=desires-damen-henrikka-bluse","title":{"rendered":"Desires Damen Henrikka Bluse"},"content":{"rendered":"<p>Price: <span style=\"color:#b12704\">[price_with_discount]<\/span><br \/><i><small>(as of [price_update_date] &#8211; <span class=\"wp_automatic_amazon_disclaimer\" title=\"Product prices and availability are accurate as of the date\/time indicated and are subject to change. Any price and availability information displayed on [relevant Amazon Site(s), as applicable] at the time of purchase will apply to the purchase of this product.\">Details<\/span>)<\/small><\/i><\/p>\n<p><a href=\"https:\/\/amazon.de\/dp\/B09C8R5BJX?tag=topgetestet09-21\"><img decoding=\"async\" src=\"https:\/\/i.imgur.com\/ISRHEWs.png\"><\/a><br \/>\n[ad_1]<br \/>\n <span>Sch\u00f6ne Bluse mit femininen Details. Die Bluse hat oben Spitzenkanten. Sie hat lange \u00c4rmel und wird mit Kn\u00f6pfen geschlossen. Qualit\u00e4t: 100 % Viskose<\/span> <br \/> Verpackungsabmessungen \u200f : \u200e  27.9 x 17.8 x 3.9 cm; 125 Gramm <br \/> Im Angebot von Amazon.de seit \u200f : \u200e  10. August 2021 <br \/> Hersteller \u200f : \u200e  Redefined Fashion <br \/> ASIN \u200f : \u200e  B09C8RKSR5 <br \/> Modellnummer \u200f : \u200e  DE6158 <br \/> Kategorie \u200f : \u200e  Damen <\/p>\n<p>Hemden sind ein fester Bestandteil jeder Garderobe und k\u00f6nnen das ganze Jahr \u00fcber getragen werden<br \/>Kragenform: Stehkragen<br \/>Lantern Sleeve<br \/>Verschluss: Knopf<br \/>100% Viskose<br \/>Bohemian<br \/>\n<br \/>[ad_2]<\/p>\n","protected":false},"excerpt":{"rendered":"<p>Price: [price_with_discount](as of [price_update_date] &#8211; Details) [ad_1] Sch\u00f6ne Bluse mit femininen Details. Die Bluse hat oben Spitzenkanten. Sie hat lange \u00c4rmel und wird mit Kn\u00f6pfen geschlossen. Qualit\u00e4t: 100 % Viskose<\/p>\n","protected":false},"featured_media":63531,"comment_status":"open","ping_status":"closed","template":"","meta":[],"product_cat":[232],"product_tag":[],"class_list":{"0":"post-63530","1":"product","2":"type-product","3":"status-publish","4":"has-post-thumbnail","6":"product_cat-women-fashion","8":"first","9":"instock","10":"shipping-taxable","11":"product-type-external"},"aioseo_notices":[],"_links":{"self":[{"href":"https:\/\/topgetestet.de\/index.php?rest_route=\/wp\/v2\/product\/63530","targetHints":{"allow":["GET"]}}],"collection":[{"href":"https:\/\/topgetestet.de\/index.php?rest_route=\/wp\/v2\/product"}],"about":[{"href":"https:\/\/topgetestet.de\/index.php?rest_route=\/wp\/v2\/types\/product"}],"replies":[{"embeddable":true,"href":"https:\/\/topgetestet.de\/index.php?rest_route=%2Fwp%2Fv2%2Fcomments&post=63530"}],"wp:featuredmedia":[{"embeddable":true,"href":"https:\/\/topgetestet.de\/index.php?rest_route=\/wp\/v2\/media\/63531"}],"wp:attachment":[{"href":"https:\/\/topgetestet.de\/index.php?rest_route=%2Fwp%2Fv2%2Fmedia&parent=63530"}],"wp:term":[{"taxonomy":"product_cat","embeddable":true,"href":"https:\/\/topgetestet.de\/index.php?rest_route=%2Fwp%2Fv2%2Fproduct_cat&post=63530"},{"taxonomy":"product_tag","embeddable":true,"href":"https:\/\/topgetestet.de\/index.php?rest_route=%2Fwp%2Fv2%2Fproduct_tag&post=63530"}],"curies":[{"name":"wp","href":"https:\/\/api.w.org\/{rel}","templated":true}]}}