{"id":63490,"date":"2022-10-14T13:17:28","date_gmt":"2022-10-14T13:17:28","guid":{"rendered":"https:\/\/topgetestet.de\/?product=puma-madchen-modern-sports-tee-g-shirt"},"modified":"2022-10-14T13:17:28","modified_gmt":"2022-10-14T13:17:28","slug":"puma-madchen-modern-sports-tee-g-shirt","status":"publish","type":"product","link":"https:\/\/topgetestet.de\/?product=puma-madchen-modern-sports-tee-g-shirt","title":{"rendered":"PUMA M\u00e4dchen Modern Sports Tee G Shirt"},"content":{"rendered":"<p>Price: <span style=\"color:#b12704\">[price_with_discount]<\/span><br \/><i><small>(as of [price_update_date] &#8211; <span class=\"wp_automatic_amazon_disclaimer\" title=\"Product prices and availability are accurate as of the date\/time indicated and are subject to change. Any price and availability information displayed on [relevant Amazon Site(s), as applicable] at the time of purchase will apply to the purchase of this product.\">Details<\/span>)<\/small><\/i><\/p>\n<p><a href=\"https:\/\/amazon.de\/dp\/B09X7DQLML?tag=topgetestet09-21\"><img decoding=\"async\" src=\"https:\/\/i.imgur.com\/ISRHEWs.png\"><\/a><br \/>\n[ad_1]<\/p>\n<p>       Produktbeschreibung des Herstellers <\/p>\n<p>              <img decoding=\"async\" alt=\"KIDS\" src=\"https:\/\/images-na.ssl-images-amazon.com\/images\/G\/01\/x-locale\/common\/grey-pixel.gif\" class=\"a-lazy-loaded\" data-src=\"https:\/\/m.media-amazon.com\/images\/S\/aplus-media-library-service-media\/6645cd8f-c2ce-41a7-8001-20677560c493.__CR0,5,1852,573_PT0_SX970_V1___.png\"><\/p>\n<p>               <img decoding=\"async\" alt=\"KIDS\" src=\"https:\/\/m.media-amazon.com\/images\/S\/aplus-media-library-service-media\/6645cd8f-c2ce-41a7-8001-20677560c493.__CR0,5,1852,573_PT0_SX970_V1___.png\"><\/p>\n<h3> Erreiche deine Ziele. Forever Faster. <\/h3>\n<h3 class=\"a-spacing-small\"> Hilft kleinen Helden beim Gro\u00dfwerden. PUMA Sportbekleidung f\u00fcr Kinder. <\/h3>\n<p> <img decoding=\"async\" alt=\"KIDS\" src=\"https:\/\/images-na.ssl-images-amazon.com\/images\/G\/01\/x-locale\/common\/grey-pixel.gif\" class=\"a-spacing-mini a-lazy-loaded\" data-src=\"https:\/\/m.media-amazon.com\/images\/S\/aplus-media-library-service-media\/39e16127-2433-4f79-95cc-30a6576cf4a4.__CR57,0,798,798_PT0_SX300_V1___.png\">\n                   <\/p>\n<p>                    <img decoding=\"async\" alt=\"KIDS\" src=\"https:\/\/m.media-amazon.com\/images\/S\/aplus-media-library-service-media\/39e16127-2433-4f79-95cc-30a6576cf4a4.__CR57,0,798,798_PT0_SX300_V1___.png\"><\/p>\n<p> <img decoding=\"async\" alt=\"KIDS\" src=\"https:\/\/images-na.ssl-images-amazon.com\/images\/G\/01\/x-locale\/common\/grey-pixel.gif\" class=\"a-spacing-mini a-lazy-loaded\" data-src=\"https:\/\/m.media-amazon.com\/images\/S\/aplus-media-library-service-media\/86f4fc72-7285-49c2-80bf-36d135187589.__CR43,0,510,510_PT0_SX300_V1___.png\">\n                   <\/p>\n<p>                    <img decoding=\"async\" alt=\"KIDS\" src=\"https:\/\/m.media-amazon.com\/images\/S\/aplus-media-library-service-media\/86f4fc72-7285-49c2-80bf-36d135187589.__CR43,0,510,510_PT0_SX300_V1___.png\"><\/p>\n<p> <img decoding=\"async\" alt=\"KIDS\" src=\"https:\/\/images-na.ssl-images-amazon.com\/images\/G\/01\/x-locale\/common\/grey-pixel.gif\" class=\"a-spacing-mini a-lazy-loaded\" data-src=\"https:\/\/m.media-amazon.com\/images\/S\/aplus-media-library-service-media\/5e466ca2-3418-4604-b750-38690ccc5fe0.__CR41,0,612,612_PT0_SX300_V1___.png\">\n                   <\/p>\n<p>                    <img decoding=\"async\" alt=\"KIDS\" src=\"https:\/\/m.media-amazon.com\/images\/S\/aplus-media-library-service-media\/5e466ca2-3418-4604-b750-38690ccc5fe0.__CR41,0,612,612_PT0_SX300_V1___.png\"><\/p>\n<p>                   Von Anfang an Bewegungsk\u00fcnstler.  <\/p>\n<p> Kinder sind vielleicht klein, aber ihre Energie und Bewegungsfreude stellen besondere Anforderungen an Bekleidung. Unsere Kinder T-Shirts, Hoodies, Jacken und Hosen sind nicht nur \u00e4u\u00dferst robust und strapazierf\u00e4hig, sie tragen sich auch angenehm und sind sanft zur Kinderhaut. Gleichzeitig lassen sie jedem Wirbelwind die volle Bewegungsfreiheit, um sich auszupowern. <\/p>\n<p>                   Lass das Abenteuer nicht warten.  <\/p>\n<p> Kinder entdecken die Welt beim Spielen und Toben und PUMA Sportbekleidung macht zuverl\u00e4ssig jede Aktivit\u00e4t mit. Egal ob das Abenteuer auf dem Schulhof, dem Spielplatz oder im Park beginnt, unsere Kinder Outfits aus atmungsaktiven Textilien in vielen frechen Farben sind bei jeder Unternehmung dabei. <\/p>\n<p>                   Klein kann so gro\u00df sein.  <\/p>\n<p> Leidenschaft hat kein Alter, das gilt auch beim Sport. Wir wissen, dass schon die Kleinsten gro\u00dfe Ziele haben. Unsere Kinder Sportbekleidung kombiniert Funktionalit\u00e4t und Innovation mit gewohnt hoher Qualit\u00e4t, um auch den J\u00fcngsten das PUMA Gef\u00fchl zu geben: St\u00e4rke w\u00e4chst aus Selbstvertrauen. Bei den Kleinen wie bei den Gro\u00dfen. <\/p>\n<p>[ad_2]<\/p>\n","protected":false},"excerpt":{"rendered":"<p>Price: [price_with_discount](as of [price_update_date] &#8211; Details) [ad_1] Produktbeschreibung des Herstellers Erreiche deine Ziele. Forever Faster. Hilft kleinen Helden beim Gro\u00dfwerden. PUMA Sportbekleidung f\u00fcr Kinder. Von Anfang an Bewegungsk\u00fcnstler. Kinder sind<\/p>\n","protected":false},"featured_media":63491,"comment_status":"open","ping_status":"closed","template":"","meta":[],"product_cat":[231],"product_tag":[],"class_list":{"0":"post-63490","1":"product","2":"type-product","3":"status-publish","4":"has-post-thumbnail","6":"product_cat-mens-fashion","8":"first","9":"instock","10":"shipping-taxable","11":"product-type-external"},"aioseo_notices":[],"_links":{"self":[{"href":"https:\/\/topgetestet.de\/index.php?rest_route=\/wp\/v2\/product\/63490","targetHints":{"allow":["GET"]}}],"collection":[{"href":"https:\/\/topgetestet.de\/index.php?rest_route=\/wp\/v2\/product"}],"about":[{"href":"https:\/\/topgetestet.de\/index.php?rest_route=\/wp\/v2\/types\/product"}],"replies":[{"embeddable":true,"href":"https:\/\/topgetestet.de\/index.php?rest_route=%2Fwp%2Fv2%2Fcomments&post=63490"}],"wp:featuredmedia":[{"embeddable":true,"href":"https:\/\/topgetestet.de\/index.php?rest_route=\/wp\/v2\/media\/63491"}],"wp:attachment":[{"href":"https:\/\/topgetestet.de\/index.php?rest_route=%2Fwp%2Fv2%2Fmedia&parent=63490"}],"wp:term":[{"taxonomy":"product_cat","embeddable":true,"href":"https:\/\/topgetestet.de\/index.php?rest_route=%2Fwp%2Fv2%2Fproduct_cat&post=63490"},{"taxonomy":"product_tag","embeddable":true,"href":"https:\/\/topgetestet.de\/index.php?rest_route=%2Fwp%2Fv2%2Fproduct_tag&post=63490"}],"curies":[{"name":"wp","href":"https:\/\/api.w.org\/{rel}","templated":true}]}}