{"id":63441,"date":"2022-10-14T13:04:56","date_gmt":"2022-10-14T13:04:56","guid":{"rendered":"https:\/\/topgetestet.de\/?product=batterie-2cr5-6-v-batterien-nicht-wiederaufladbaren-lithium-photo"},"modified":"2022-10-14T13:04:56","modified_gmt":"2022-10-14T13:04:56","slug":"batterie-2cr5-6-v-batterien-nicht-wiederaufladbaren-lithium-photo","status":"publish","type":"product","link":"https:\/\/topgetestet.de\/?product=batterie-2cr5-6-v-batterien-nicht-wiederaufladbaren-lithium-photo","title":{"rendered":"Batterie 2CR5 6 V Batterien nicht-wiederaufladbaren LITHIUM PHOTO"},"content":{"rendered":"<p>Price: <span style=\"color:#b12704\">[price_with_discount]<\/span><br \/><i><small>(as of [price_update_date] &#8211; <span class=\"wp_automatic_amazon_disclaimer\" title=\"Product prices and availability are accurate as of the date\/time indicated and are subject to change. Any price and availability information displayed on [relevant Amazon Site(s), as applicable] at the time of purchase will apply to the purchase of this product.\">Details<\/span>)<\/small><\/i><\/p>\n<p><a href=\"https:\/\/amazon.de\/dp\/B00SV6OHSQ?tag=topgetestet09-21\"><img decoding=\"async\" src=\"https:\/\/i.imgur.com\/ISRHEWs.png\"><\/a><br \/>\n[ad_1]<br \/>\n <span>Akku, LITHIUM 2CR5 6 V Foto, Akkukapazit\u00e4t: 1400 mAh, Akku IEC Code: 2CR5, Akku Nedy Code: 5032LC, Akku in Gr\u00f6\u00dfe: 2CR5, Akkutechnologie: LITHIUM Mangan Aufnahmef\u00e4higkeit, Batterieklemmen: Einbaustrahler flach, Akkuspannung: 6 V, Au\u00dfenma\u00df Tiefe: 17 mm, Au\u00dfendurchmesser: -, Au\u00dfenma\u00df H\u00f6he: 45 mm, Au\u00dfenma\u00df Breite: 34 mm, SVHC: keine SVHC, Gewicht: 38 G, Tiefe: 17 mm, aktuelle Max Entladung: 20mA, Au\u00dfenl\u00e4nge\/H\u00f6he: 45 mm, H\u00f6he: 45 mm, Ausgangsspannung: 6 V, Terminal Typ: Tab<\/span> <br \/> Im Angebot von Amazon.de seit \u200f : \u200e  25. Februar 2015 <br \/> Hersteller \u200f : \u200e  PANASONIC ELECTRONIC COMPONENTS3203 <br \/> ASIN \u200f : \u200e  B00SV6OHSQ <br \/> Modellnummer \u200f : \u200e  BJ02651 <\/p>\n<p>[ad_2]<\/p>\n","protected":false},"excerpt":{"rendered":"<p>Price: [price_with_discount](as of [price_update_date] &#8211; Details) [ad_1] Akku, LITHIUM 2CR5 6 V Foto, Akkukapazit\u00e4t: 1400 mAh, Akku IEC Code: 2CR5, Akku Nedy Code: 5032LC, Akku in Gr\u00f6\u00dfe: 2CR5, Akkutechnologie: LITHIUM<\/p>\n","protected":false},"featured_media":63442,"comment_status":"open","ping_status":"closed","template":"","meta":[],"product_cat":[225],"product_tag":[],"class_list":{"0":"post-63441","1":"product","2":"type-product","3":"status-publish","4":"has-post-thumbnail","6":"product_cat-electronics","8":"first","9":"instock","10":"shipping-taxable","11":"product-type-external"},"aioseo_notices":[],"_links":{"self":[{"href":"https:\/\/topgetestet.de\/index.php?rest_route=\/wp\/v2\/product\/63441","targetHints":{"allow":["GET"]}}],"collection":[{"href":"https:\/\/topgetestet.de\/index.php?rest_route=\/wp\/v2\/product"}],"about":[{"href":"https:\/\/topgetestet.de\/index.php?rest_route=\/wp\/v2\/types\/product"}],"replies":[{"embeddable":true,"href":"https:\/\/topgetestet.de\/index.php?rest_route=%2Fwp%2Fv2%2Fcomments&post=63441"}],"wp:featuredmedia":[{"embeddable":true,"href":"https:\/\/topgetestet.de\/index.php?rest_route=\/wp\/v2\/media\/63442"}],"wp:attachment":[{"href":"https:\/\/topgetestet.de\/index.php?rest_route=%2Fwp%2Fv2%2Fmedia&parent=63441"}],"wp:term":[{"taxonomy":"product_cat","embeddable":true,"href":"https:\/\/topgetestet.de\/index.php?rest_route=%2Fwp%2Fv2%2Fproduct_cat&post=63441"},{"taxonomy":"product_tag","embeddable":true,"href":"https:\/\/topgetestet.de\/index.php?rest_route=%2Fwp%2Fv2%2Fproduct_tag&post=63441"}],"curies":[{"name":"wp","href":"https:\/\/api.w.org\/{rel}","templated":true}]}}