{"id":63418,"date":"2022-10-14T13:00:53","date_gmt":"2022-10-14T13:00:53","guid":{"rendered":"https:\/\/topgetestet.de\/?product=love2mi-damen-umstandspullover-stillen-hoodie-langarm-umstandsmode-jacke"},"modified":"2022-10-14T13:00:53","modified_gmt":"2022-10-14T13:00:53","slug":"love2mi-damen-umstandspullover-stillen-hoodie-langarm-umstandsmode-jacke","status":"publish","type":"product","link":"https:\/\/topgetestet.de\/?product=love2mi-damen-umstandspullover-stillen-hoodie-langarm-umstandsmode-jacke","title":{"rendered":"Love2Mi Damen Umstandspullover Stillen Hoodie Langarm Umstandsmode Jacke"},"content":{"rendered":"<p>Price: <span style=\"color:#b12704\">[price_with_discount]<\/span><br \/><i><small>(as of [price_update_date] &#8211; <span class=\"wp_automatic_amazon_disclaimer\" title=\"Product prices and availability are accurate as of the date\/time indicated and are subject to change. Any price and availability information displayed on [relevant Amazon Site(s), as applicable] at the time of purchase will apply to the purchase of this product.\">Details<\/span>)<\/small><\/i><\/p>\n<p><a href=\"https:\/\/amazon.de\/dp\/B08MTLY69R?tag=topgetestet09-21\"><img decoding=\"async\" src=\"https:\/\/i.imgur.com\/ISRHEWs.png\"><\/a><br \/>\n[ad_1]<br \/>\n <br \/> Produktabmessungen \u200f : \u200e  30 x 20 x 1 cm; 220 Gramm <br \/> Im Angebot von Amazon.de seit \u200f : \u200e  5. November 2020 <br \/> ASIN \u200f : \u200e  B08MT9B33P <br \/> Kategorie \u200f : \u200e  Damen <\/p>\n<p>\u3010Sch\u00f6n und Praktisch\u3011: Kapuzenpullover mit langen \u00c4rmeln f\u00fcr Stillzeit entworfen. Ein Geschenk, das sorgf\u00e4ltig f\u00fcr die Mutter vorbereitet wurde<br \/>Langarm<br \/>95% Viskose, 5% Elasthan<br \/>Pflegehinweis: Nur Handw\u00e4sche, Maschinenw\u00e4sche<br \/>\u3010Design\u3011: Stillen, Kapuzenpullover, Gro\u00dfe Tasche, Stoffn\u00e4hte<br \/>\u3010Warme Funktion\u3011: Kann dem kalten Wind standhalten und die Temperatur der Mutter halten. Geeignet f\u00fcr Fr\u00fchling, Herbst und Winter.<br \/>\u3010Kundendienst\u3011: Wenn Sie Fragen haben, wenden Sie sich bitte rechtzeitig an den Kundendienst. Wir erstatten Ihnen den vollen Betrag<br \/>\n<br \/>[ad_2]<\/p>\n","protected":false},"excerpt":{"rendered":"<p>Price: [price_with_discount](as of [price_update_date] &#8211; Details) [ad_1] Produktabmessungen \u200f : \u200e 30 x 20 x 1 cm; 220 Gramm Im Angebot von Amazon.de seit \u200f : \u200e 5. November 2020<\/p>\n","protected":false},"featured_media":63419,"comment_status":"open","ping_status":"closed","template":"","meta":[],"product_cat":[232],"product_tag":[],"class_list":{"0":"post-63418","1":"product","2":"type-product","3":"status-publish","4":"has-post-thumbnail","6":"product_cat-women-fashion","8":"first","9":"instock","10":"shipping-taxable","11":"product-type-external"},"aioseo_notices":[],"_links":{"self":[{"href":"https:\/\/topgetestet.de\/index.php?rest_route=\/wp\/v2\/product\/63418","targetHints":{"allow":["GET"]}}],"collection":[{"href":"https:\/\/topgetestet.de\/index.php?rest_route=\/wp\/v2\/product"}],"about":[{"href":"https:\/\/topgetestet.de\/index.php?rest_route=\/wp\/v2\/types\/product"}],"replies":[{"embeddable":true,"href":"https:\/\/topgetestet.de\/index.php?rest_route=%2Fwp%2Fv2%2Fcomments&post=63418"}],"wp:featuredmedia":[{"embeddable":true,"href":"https:\/\/topgetestet.de\/index.php?rest_route=\/wp\/v2\/media\/63419"}],"wp:attachment":[{"href":"https:\/\/topgetestet.de\/index.php?rest_route=%2Fwp%2Fv2%2Fmedia&parent=63418"}],"wp:term":[{"taxonomy":"product_cat","embeddable":true,"href":"https:\/\/topgetestet.de\/index.php?rest_route=%2Fwp%2Fv2%2Fproduct_cat&post=63418"},{"taxonomy":"product_tag","embeddable":true,"href":"https:\/\/topgetestet.de\/index.php?rest_route=%2Fwp%2Fv2%2Fproduct_tag&post=63418"}],"curies":[{"name":"wp","href":"https:\/\/api.w.org\/{rel}","templated":true}]}}